{"id":51265,"date":"2021-06-18T10:47:16","date_gmt":"2021-07-13T11:48:30","guid":{"rendered":"https:\/\/primomoto.es\/bela-drift-lady-luvas-texteis-para-motocicleta-pretas-vermelho\/"},"modified":"2023-02-08T09:23:51","modified_gmt":"2023-02-08T09:23:51","slug":"bela-drift-lady-luvas-texteis-para-motocicleta-pretas-vermelho","status":"publish","type":"product","link":"https:\/\/primomoto.es\/pt-pt\/bela-drift-lady-luvas-texteis-para-motocicleta-pretas-vermelho\/","title":{"rendered":"Bela Drift Senhora Motocicleta T\u00eaxtil Luvas Preto\/ Vermelho"},"content":{"rendered":"<h2><strong>Bela Drift Lady Luvas t\u00eaxteis para motocicleta Pretas \/ Vermelho<\/strong><\/h2>\n<p><strong>Descri\u00e7\u00e3o:<\/strong><\/p>\n<ul>\n<li>Luvas t\u00eaxteis.<\/li>\n<li>Forro de poli\u00e9ster macio no interior nas costas.<\/li>\n<li>Camadas refor\u00e7adas Clarino para melhor prote\u00e7\u00e3o.<\/li>\n<li>Debrum em couro sint\u00e9tico.<\/li>\n<li>TPR protections.<\/li>\n<li>Knuckle protector to improve safety.<\/li>\n<li>Forma curva para um encaixe agrad\u00e1vel.<\/li>\n<li>Adjustable Velcro closure on cuff made with soft fabric for better comfort.<\/li>\n<\/ul>\n","protected":false},"excerpt":{"rendered":"<p>Bela Drift Lady Luvas t\u00eaxteis para motocicleta Pretas \/ Vermelho Descri\u00e7\u00e3o: Luvas t\u00eaxteis. Forro de poli\u00e9ster macio no interior nas<\/p>\n","protected":false},"featured_media":47580,"template":"","meta":[],"product_brand":[],"product_cat":[2482,2484,2483,682,3260],"product_tag":[2485,2486],"class_list":{"0":"post-51265","1":"product","2":"type-product","3":"status-publish","4":"has-post-thumbnail","6":"product_cat-luvas-de-motocicleta-pt","7":"product_cat-luvas-de-turismo-mulher","8":"product_cat-mulheres-luvas-de-motocicleta","9":"product_cat-motorcycle-clothing-pt-pt","10":"product_cat-general-touring-category-pt","11":"product_tag-luva-de-turismo","12":"product_tag-luva-feminina","13":"pa_size-l-pt-pt","14":"pa_size-m-pt-pt","15":"pa_size-s-pt-pt","16":"pa_size-xl-pt-pt","17":"pa_size-xs-pt-pt","18":"pa_size-xxl-pt-pt","19":"pa_size-xxs-pt-pt","21":"first","22":"outofstock","23":"sale","24":"taxable","25":"shipping-taxable","26":"purchasable","27":"product-type-variable","28":"has-default-attributes"},"_links":{"self":[{"href":"https:\/\/primomoto.es\/pt-pt\/wp-json\/wp\/v2\/product\/51265","targetHints":{"allow":["GET"]}}],"collection":[{"href":"https:\/\/primomoto.es\/pt-pt\/wp-json\/wp\/v2\/product"}],"about":[{"href":"https:\/\/primomoto.es\/pt-pt\/wp-json\/wp\/v2\/types\/product"}],"wp:featuredmedia":[{"embeddable":true,"href":"https:\/\/primomoto.es\/pt-pt\/wp-json\/wp\/v2\/media\/47580"}],"wp:attachment":[{"href":"https:\/\/primomoto.es\/pt-pt\/wp-json\/wp\/v2\/media?parent=51265"}],"wp:term":[{"taxonomy":"product_brand","embeddable":true,"href":"https:\/\/primomoto.es\/pt-pt\/wp-json\/wp\/v2\/product_brand?post=51265"},{"taxonomy":"product_cat","embeddable":true,"href":"https:\/\/primomoto.es\/pt-pt\/wp-json\/wp\/v2\/product_cat?post=51265"},{"taxonomy":"product_tag","embeddable":true,"href":"https:\/\/primomoto.es\/pt-pt\/wp-json\/wp\/v2\/product_tag?post=51265"}],"curies":[{"name":"wp","href":"https:\/\/api.w.org\/{rel}","templated":true}]}}