{"id":51012,"date":"2021-01-04T11:19:07","date_gmt":"2021-01-04T11:19:07","guid":{"rendered":"https:\/\/primomoto.es\/shua-infinity-fato-de-corrida-de-motocicleta-de-couro-1peca-preto-branco\/"},"modified":"2024-02-27T10:10:14","modified_gmt":"2024-02-27T10:10:14","slug":"shua-infinito-motocicleta-couro-fato-de-corrida-1-pc-preto-branco","status":"publish","type":"product","link":"https:\/\/primomoto.es\/pt-pt\/shua-infinito-motocicleta-couro-fato-de-corrida-1-pc-preto-branco\/","title":{"rendered":"Shua Infinity Motocicleta Corrida Terno 1PC Preto\/Branco"},"content":{"rendered":"<h2><strong>Shua Infinity terno de couro de motocicleta de uma pe\u00e7a<\/strong><\/h2>\n<p><strong>Materiais:<\/strong><\/p>\n<ul>\n<li>Feito de couro 100% verdadeiro<\/li>\n<li>Couro premium full-grain de 1,0-1,2 mm<\/li>\n<\/ul>\n<p><strong>Informa\u00e7\u00e3o t\u00e9cnica:<\/strong><\/p>\n<ul>\n<li>Tecido el\u00e1stico no cotovelo, virilha, joelho de tr\u00e1s para fornecer flexibilidade e conforto<\/li>\n<li>Forro de malha fixa na panturrilha para oferecer melhor conforto<\/li>\n<li>Protetores internos aprovados pela CE nos cotovelos, quadril e joelhos<\/li>\n<li><span style=\"vertical-align: inherit;\"><span style=\"vertical-align: inherit;\">Corcunda aerodin\u00e2mica<\/span><\/span><\/li>\n<li><span style=\"vertical-align: inherit;\"><span style=\"vertical-align: inherit;\">Pain\u00e9is de couro el\u00e1stico nos joelhos, cintura traseira, cava traseira para movimento confort\u00e1vel e flex\u00edvel<\/span><\/span><\/li>\n<li><span style=\"vertical-align: inherit;\"><span style=\"vertical-align: inherit;\">Neoprene no punho e na bainha para reduzir a espessura e dar maior conforto<\/span><\/span><\/li>\n<li><span style=\"vertical-align: inherit;\"><span style=\"vertical-align: inherit;\">Double layer leather reinforcement at elbow, shoulder and seat<\/span><\/span><\/li>\n<li><span style=\"vertical-align: inherit;\"><span style=\"vertical-align: inherit;\">Velcro dentro do painel frontal para facilitar um protetor de t\u00f3rax, se necess\u00e1rio<\/span><\/span><\/li>\n<li><span style=\"vertical-align: inherit;\"><span style=\"vertical-align: inherit;\">Tail bone padding<\/span><\/span><\/li>\n<li><span style=\"vertical-align: inherit;\"><span style=\"vertical-align: inherit;\">Deslizadores de joelho remov\u00edveis<\/span><\/span><\/li>\n<\/ul>\n","protected":false},"excerpt":{"rendered":"<p><span style=\"vertical-align: inherit;\"><span style=\"vertical-align: inherit;\"><span style=\"vertical-align: inherit;\"><span style=\"vertical-align: inherit;\">Shua Infinity Motorcycle suit is made of 100% real leather. <\/span><\/span><\/span><span style=\"vertical-align: inherit;\"><span style=\"vertical-align: inherit;\"><span style=\"vertical-align: inherit;\">For better comfort it has fixed mesh lining. <\/span><\/span><\/span><span style=\"vertical-align: inherit;\"><span style=\"vertical-align: inherit;\"><span style=\"vertical-align: inherit;\">CE Approved Protectors make it one of the best protective racing suit.<\/span><\/span><\/span><\/span><\/p>\n","protected":false},"featured_media":290180,"template":"","meta":[],"product_brand":[],"product_cat":[2131,2133,2132,2134,3506,3270,682],"product_tag":[2144,2183,2164],"class_list":{"0":"post-51012","1":"product","2":"type-product","3":"status-publish","4":"has-post-thumbnail","6":"product_cat-fatos-de-couro","7":"product_cat-terno-masculino-1-pcs","8":"product_cat-ternos-motociclistas-masculinos","9":"product_cat-oferta-da-semana","10":"product_cat-pedido-antecipado","11":"product_cat-corrida","12":"product_cat-motorcycle-clothing-pt-pt","13":"product_tag-terno-de-couro","14":"product_tag-terno-de-homem","15":"product_tag-traje-de-carreras-pt-pt","16":"pa_size-46-xs-pt-pt","17":"pa_size-50-m-pt-pt-2","18":"pa_size-52-l-pt-pt","19":"pa_size-54-xl-pt-pt","20":"pa_size-56-2xl-pt-pt-2","21":"pa_size-58-3xl-pt-pt-2","22":"pa_size-60-4xl-pt-pt","23":"pa_size-62-5xl-pt-pt","24":"pa_size-64-6xl-pt-pt","25":"pa_size-66-7xl-pt-pt","27":"first","28":"outofstock","29":"sale","30":"sold-individually","31":"taxable","32":"shipping-taxable","33":"purchasable","34":"product-type-variable","35":"has-default-attributes"},"_links":{"self":[{"href":"https:\/\/primomoto.es\/pt-pt\/wp-json\/wp\/v2\/product\/51012","targetHints":{"allow":["GET"]}}],"collection":[{"href":"https:\/\/primomoto.es\/pt-pt\/wp-json\/wp\/v2\/product"}],"about":[{"href":"https:\/\/primomoto.es\/pt-pt\/wp-json\/wp\/v2\/types\/product"}],"wp:featuredmedia":[{"embeddable":true,"href":"https:\/\/primomoto.es\/pt-pt\/wp-json\/wp\/v2\/media\/290180"}],"wp:attachment":[{"href":"https:\/\/primomoto.es\/pt-pt\/wp-json\/wp\/v2\/media?parent=51012"}],"wp:term":[{"taxonomy":"product_brand","embeddable":true,"href":"https:\/\/primomoto.es\/pt-pt\/wp-json\/wp\/v2\/product_brand?post=51012"},{"taxonomy":"product_cat","embeddable":true,"href":"https:\/\/primomoto.es\/pt-pt\/wp-json\/wp\/v2\/product_cat?post=51012"},{"taxonomy":"product_tag","embeddable":true,"href":"https:\/\/primomoto.es\/pt-pt\/wp-json\/wp\/v2\/product_tag?post=51012"}],"curies":[{"name":"wp","href":"https:\/\/api.w.org\/{rel}","templated":true}]}}