{"id":50836,"date":"2021-01-04T11:21:08","date_gmt":"2021-07-12T11:21:24","guid":{"rendered":"https:\/\/primomoto.es\/r-tech-rising-star-mix-canguru-fato-de-corrida-de-couro-1peca-azul-amarelo\/"},"modified":"2023-03-27T17:00:12","modified_gmt":"2023-03-27T17:00:12","slug":"r-tech-crescente-star-motocicleta-couro-macacao-de-corrida-azul-amarelo","status":"publish","type":"product","link":"https:\/\/primomoto.es\/pt-pt\/r-tech-crescente-star-motocicleta-couro-macacao-de-corrida-azul-amarelo\/","title":{"rendered":"R-Tech Rising Star mix canguru Ternos de Moto Azul\/Amarelo"},"content":{"rendered":"<h2><strong>R-Tech Rising Star mix Kangaroo Fato de corrida de couro 1pe\u00e7a <\/strong><\/h2>\n<p><strong>Material:<\/strong><\/p>\n<ul>\n<li>Couro de vaca de flor integral premium de 1,1-1,3 mm com inser\u00e7\u00f5es de canguru repelentes de \u00e1gua mm 0,9 \/ 1<\/li>\n<li>Super Tense-tex stretch fabric at elbow, crotch and back knee to provide flexibility &amp; comfort<\/li>\n<\/ul>\n<p><strong>Composition:<\/strong><\/p>\n<ul>\n<li>Material externo: 75% couro de couro 25% couro canguru (inser\u00e7\u00f5es 92% PA 8% ELASTAN)<\/li>\n<li>Forro: 100% poli\u00e9ster<\/li>\n<\/ul>\n<p><strong>Informa\u00e7\u00e3o t\u00e9cnica:<\/strong><\/p>\n<ul>\n<li>Fixed mesh lining with air mesh at calf to offer better comfort<\/li>\n<li>Pe\u00e7as de prote\u00e7\u00e3o externa TPU no ombro e cotovelo<\/li>\n<li>CE approved internal protectors at shoulders, elbows, hips and knees<\/li>\n<li>Sali\u00eancia aerodin\u00e2mica para prote\u00e7\u00e3o da medula espinhal<\/li>\n<li>Partly perforated leather at front, Arms and on thigh areas to improve ventilation<\/li>\n<li>Stretch leather panels at back armhole, knees, back waist for comfortable &amp; flexible movement<\/li>\n<li>Neoprene at collar, cuff &amp; hem to reduce thickness and give greater comfort<\/li>\n<li>Double layer leather reinforcement at elbow, shoulder and seat<\/li>\n<li>Velcro dentro do painel frontal para facilitar um protetor de t\u00f3rax, se necess\u00e1rio<\/li>\n<li>Wrist zip closure on cuff to offer better convenience<\/li>\n<li>Reflexivo na \u00e1rea do bra\u00e7o para melhor vis\u00e3o noturna.<\/li>\n<li>Knee sliders for more protection.<\/li>\n<\/ul>\n","protected":false},"excerpt":{"rendered":"<p>If you a professional rider or an amateur it doesn&#8217;t matter because in both cases, you have to protect yourself by using right motorcycle gear. R-Tech unveiled this year\u2019s best motorcycle suit by design, safety and color combinations named as \u201c<strong>RISING STAR<\/strong>\u201d. This R-Tech Rising Star suit is made up using high quality cow leather and Kangaroo as well. Furthermore, it protects you with its anti-shock side padding&#8217;s. It has designed in such way that rider will always feel comfortable. This suit has perforated leather in front, arms and on thigh areas to improve breathability. Find your size with Maximo-Moto and discover your Racing dreams.<\/p>\n","protected":false},"featured_media":9574,"template":"","meta":[],"product_brand":[],"product_cat":[2131,2133,2132,3270,682],"product_tag":[2144,2183,2164],"class_list":{"0":"post-50836","1":"product","2":"type-product","3":"status-publish","4":"has-post-thumbnail","6":"product_cat-fatos-de-couro","7":"product_cat-terno-masculino-1-pcs","8":"product_cat-ternos-motociclistas-masculinos","9":"product_cat-corrida","10":"product_cat-motorcycle-clothing-pt-pt","11":"product_tag-terno-de-couro","12":"product_tag-terno-de-homem","13":"product_tag-traje-de-carreras-pt-pt","14":"pa_size-46-xs-pt-pt","15":"pa_size-50-m-pt-pt-2","16":"pa_size-52-l-pt-pt","17":"pa_size-54-xl-pt-pt","18":"pa_size-56-2xl-pt-pt-2","19":"pa_size-58-3xl-pt-pt-2","20":"pa_size-60-4xl-pt-pt","21":"pa_size-62-5xl-pt-pt","23":"first","24":"instock","25":"sale","26":"taxable","27":"shipping-taxable","28":"purchasable","29":"product-type-variable","30":"has-default-attributes"},"_links":{"self":[{"href":"https:\/\/primomoto.es\/pt-pt\/wp-json\/wp\/v2\/product\/50836","targetHints":{"allow":["GET"]}}],"collection":[{"href":"https:\/\/primomoto.es\/pt-pt\/wp-json\/wp\/v2\/product"}],"about":[{"href":"https:\/\/primomoto.es\/pt-pt\/wp-json\/wp\/v2\/types\/product"}],"wp:featuredmedia":[{"embeddable":true,"href":"https:\/\/primomoto.es\/pt-pt\/wp-json\/wp\/v2\/media\/9574"}],"wp:attachment":[{"href":"https:\/\/primomoto.es\/pt-pt\/wp-json\/wp\/v2\/media?parent=50836"}],"wp:term":[{"taxonomy":"product_brand","embeddable":true,"href":"https:\/\/primomoto.es\/pt-pt\/wp-json\/wp\/v2\/product_brand?post=50836"},{"taxonomy":"product_cat","embeddable":true,"href":"https:\/\/primomoto.es\/pt-pt\/wp-json\/wp\/v2\/product_cat?post=50836"},{"taxonomy":"product_tag","embeddable":true,"href":"https:\/\/primomoto.es\/pt-pt\/wp-json\/wp\/v2\/product_tag?post=50836"}],"curies":[{"name":"wp","href":"https:\/\/api.w.org\/{rel}","templated":true}]}}