{"id":50759,"date":"2021-01-04T11:22:11","date_gmt":"2021-01-04T11:22:11","guid":{"rendered":"https:\/\/primomoto.es\/terno-bela-northstar-preto-branco-vermelho\/"},"modified":"2025-06-03T13:45:25","modified_gmt":"2025-06-03T13:45:25","slug":"bela-north-star-motociclismo-fato-1-pc-preto-branco-vermelho","status":"publish","type":"product","link":"https:\/\/primomoto.es\/pt-pt\/bela-north-star-motociclismo-fato-1-pc-preto-branco-vermelho\/","title":{"rendered":"Bela North Star Motocicleta Corrida Terno 1 PC Preto \/ Branco \/ Vermelho"},"content":{"rendered":"<p><span style=\"color: #ff0000;\"><strong>Nota: os pedidos s\u00e3o enviados no prazo de 10 a 15 dias \u00fateis a partir da data da compra!!<\/strong><\/span><\/p>\n<h2>Fato de couro Bela NorthStar motociclismo preto \/ branco \/ vermelho<\/h2>\n<p><strong>RECURSOS:<\/strong><\/p>\n<p><strong>Escudo exterior<\/strong><\/p>\n<ul>\n<li>Couro de couro de gr\u00e3o superior de 1,2 a 1,3 mm de espessura \u00e9 usado para o traje North Star.<\/li>\n<li>Pain\u00e9is el\u00e1sticos de couro acorde\u00e3o na parte inferior das costas e joelhos para melhorar a flexibilidade e o conforto.<\/li>\n<li>Cardura el\u00e1stica colocada em \u00e1reas espec\u00edficas das mangas, virilha e panturrilha para alongamento m\u00e1ximo.<\/li>\n<li>Protetores externos aprovados pela CE nos ombros, cotovelos e joelhos.<\/li>\n<li>Z\u00edperes YKK com travamento semiautom\u00e1tico na frente, punho e panturrilha.<\/li>\n<li>Al\u00e7a refor\u00e7ada com velcro no pesco\u00e7o, punho e panturrilha.<\/li>\n<li>Velcro para prender o controle deslizante de joelho.<\/li>\n<li>Punho de neoprene macio e constru\u00e7\u00e3o de colarinho para maior conforto.<\/li>\n<li>Seguran\u00e7a costurada com fio de nylon de alta resist\u00eancia \u00e9 usada para m\u00e1xima seguran\u00e7a.<\/li>\n<\/ul>\n<p><strong>Escudo interno<\/strong><\/p>\n<ul>\n<li>O traje North Star tamb\u00e9m tem forro interno em malha de poli\u00e9ster.<\/li>\n<li>CE aprovou armaduras de dupla densidade (remov\u00edveis) nos joelhos, ombros, cotovelos e costas.<\/li>\n<li>Protetor remov\u00edvel de densidade dupla (aprovado pela CE).<\/li>\n<li>Corcunda aerodin\u00e2mica remov\u00edvel (opcional).<\/li>\n<\/ul>\n","protected":false},"excerpt":{"rendered":"<p>Nota: os pedidos s\u00e3o enviados no prazo de 10 a 15 dias \u00fateis a partir da data da compra!! Fato<\/p>\n","protected":false},"featured_media":290416,"template":"","meta":[],"product_brand":[],"product_cat":[2131,2133,2132,3270,682],"product_tag":[2144,2183,2164],"class_list":{"0":"post-50759","1":"product","2":"type-product","3":"status-publish","4":"has-post-thumbnail","6":"product_cat-fatos-de-couro","7":"product_cat-terno-masculino-1-pcs","8":"product_cat-ternos-motociclistas-masculinos","9":"product_cat-corrida","10":"product_cat-motorcycle-clothing-pt-pt","11":"product_tag-terno-de-couro","12":"product_tag-terno-de-homem","13":"product_tag-traje-de-carreras-pt-pt","14":"pa_size-50-m-pt-pt-2","15":"pa_size-52-l-pt-pt","16":"pa_size-54-xl-pt-pt","17":"pa_size-56-2xl-pt-pt-2","18":"pa_size-58-3xl-pt-pt-2","19":"pa_size-60-4xl-pt-pt","20":"pa_size-62-5xl-pt-pt","21":"pa_size-64-6xl-pt-pt","23":"first","24":"instock","25":"sale","26":"taxable","27":"shipping-taxable","28":"purchasable","29":"product-type-variable","30":"has-default-attributes"},"_links":{"self":[{"href":"https:\/\/primomoto.es\/pt-pt\/wp-json\/wp\/v2\/product\/50759","targetHints":{"allow":["GET"]}}],"collection":[{"href":"https:\/\/primomoto.es\/pt-pt\/wp-json\/wp\/v2\/product"}],"about":[{"href":"https:\/\/primomoto.es\/pt-pt\/wp-json\/wp\/v2\/types\/product"}],"wp:featuredmedia":[{"embeddable":true,"href":"https:\/\/primomoto.es\/pt-pt\/wp-json\/wp\/v2\/media\/290416"}],"wp:attachment":[{"href":"https:\/\/primomoto.es\/pt-pt\/wp-json\/wp\/v2\/media?parent=50759"}],"wp:term":[{"taxonomy":"product_brand","embeddable":true,"href":"https:\/\/primomoto.es\/pt-pt\/wp-json\/wp\/v2\/product_brand?post=50759"},{"taxonomy":"product_cat","embeddable":true,"href":"https:\/\/primomoto.es\/pt-pt\/wp-json\/wp\/v2\/product_cat?post=50759"},{"taxonomy":"product_tag","embeddable":true,"href":"https:\/\/primomoto.es\/pt-pt\/wp-json\/wp\/v2\/product_tag?post=50759"}],"curies":[{"name":"wp","href":"https:\/\/api.w.org\/{rel}","templated":true}]}}