{"id":50677,"date":"2021-01-04T11:22:40","date_gmt":"2021-01-04T11:22:40","guid":{"rendered":"https:\/\/primomoto.es\/bela-rocket-man-mix-canguru-fato-de-couro-de-motocicleta-1peca-preto-vermelho-antracite\/"},"modified":"2023-05-10T13:33:48","modified_gmt":"2023-05-10T13:33:48","slug":"bela-foguete-mix-canguru-homem-motocicleta-fato-de-couro-1-pc-preto-vermelho-antracite","status":"publish","type":"product","link":"https:\/\/primomoto.es\/pt-pt\/bela-foguete-mix-canguru-homem-motocicleta-fato-de-couro-1-pc-preto-vermelho-antracite\/","title":{"rendered":"Bela Rocket Mix Kangaroo Man Motocicleta Couro Terno 1 PC Preto \/ Vermelho \/ Antracite"},"content":{"rendered":"<h2>\n            <strong>Fato de couro para motociclismo, Bela Rocket Mix Kangaroo Man 1 unidade<\/strong><br \/>\n          <\/h2>\n<p>          <strong>Material:<\/strong><\/p>\n<ul>\n<li>Couro de vaca de flor integral premium de 1,1-1,3 mm com inser\u00e7\u00f5es de canguru repelentes de \u00e1gua mm 0,9 \/ 1<\/li>\n<li>Super Tense-tex stretch fabric at elbow, crotch and back knee to provide flexibility &amp; comfort<\/li>\n<\/ul>\n<p>          <strong>Composition:<\/strong><\/p>\n<ul>\n<li>Material externo: 75% couro de couro 25% couro canguru (inser\u00e7\u00f5es 92% PA 8% ELASTAN)<\/li>\n<li>Forro: 100% poli\u00e9ster<\/li>\n<\/ul>\n<p>          <strong>Informa\u00e7\u00e3o t\u00e9cnica<\/strong><\/p>\n<ul>\n<li>Fixed mesh lining with air mesh at calf to offer better comfort<\/li>\n<li>Pe\u00e7as de prote\u00e7\u00e3o externa TPU no ombro e cotovelo<\/li>\n<li>CE approved internal protectors at shoulders, elbows, hips and knees<\/li>\n<li>Sali\u00eancia aerodin\u00e2mica para prote\u00e7\u00e3o da medula espinhal<\/li>\n<li>Partly perforated leather at front, Arms and on thigh areas to improve ventilation<\/li>\n<li>Stretch leather panels at back armhole, knees, back waist for comfortable &amp; flexible movement<\/li>\n<li><span style=\"vertical-align: inherit;\"><span style=\"vertical-align: inherit;\">Neoprene at collar, cuff &amp; hem to reduce thickness and give greater comfort<\/span><\/span><\/li>\n<li><span style=\"vertical-align: inherit;\"><span style=\"vertical-align: inherit;\">Double layer leather reinforcement at elbow, shoulder and seat<\/span><\/span><\/li>\n<li><span style=\"vertical-align: inherit;\"><span style=\"vertical-align: inherit;\">Velcro dentro do painel frontal para facilitar um protetor de t\u00f3rax, se necess\u00e1rio<\/span><\/span><\/li>\n<li><span style=\"vertical-align: inherit;\"><span style=\"vertical-align: inherit;\">Wrist zip closure on cuff to offer better convenience<\/span><\/span><\/li>\n<li><span style=\"vertical-align: inherit;\"><span style=\"vertical-align: inherit;\">Reflexivo na \u00e1rea do bra\u00e7o para melhor vis\u00e3o noturna.<\/span><\/span><\/li>\n<li><span style=\"vertical-align: inherit;\"><span style=\"vertical-align: inherit;\">Knee sliders for more protection.<\/span><\/span><\/li>\n<\/ul>\n","protected":false},"excerpt":{"rendered":"<p><span style=\"vertical-align: inherit;\"><span style=\"vertical-align: inherit;\">The <\/span><\/span><strong><span style=\"vertical-align: inherit;\"><span style=\"vertical-align: inherit;\">Bela Rocket Mix Kangaroo Man Leather Suit<\/span><\/span><\/strong><span style=\"vertical-align: inherit;\"><span style=\"vertical-align: inherit;\"> \u00e9 a nossa mais recente sele\u00e7\u00e3o para motociclistas. <\/span><span style=\"vertical-align: inherit;\">Made in water repellent cowhide leather and with inserts in Kangaroo leather, to give the best possible flexibility to this suit as well as a great resistance to abrasion. <\/span><span style=\"vertical-align: inherit;\">In addition to carrying ventilation on the outer shoulder protections, these motorcycle suits have partly perforated leather in front, arms and on thigh areas to improve breathability. <\/span><span style=\"vertical-align: inherit;\">This suit has sliders on the elbows allowing you to reach the maximum in your racing.<\/span><\/span><\/p>\n","protected":false},"featured_media":289275,"template":"","meta":[],"product_brand":[],"product_cat":[2131,2133,2132,3270,682],"product_tag":[2144,2183,2164],"class_list":{"0":"post-50677","1":"product","2":"type-product","3":"status-publish","4":"has-post-thumbnail","6":"product_cat-fatos-de-couro","7":"product_cat-terno-masculino-1-pcs","8":"product_cat-ternos-motociclistas-masculinos","9":"product_cat-corrida","10":"product_cat-motorcycle-clothing-pt-pt","11":"product_tag-terno-de-couro","12":"product_tag-terno-de-homem","13":"product_tag-traje-de-carreras-pt-pt","14":"pa_size-46-xs-pt-pt","15":"pa_size-50-m-pt-pt-2","16":"pa_size-52-l-pt-pt","17":"pa_size-54-xl-pt-pt","18":"pa_size-56-2xl-pt-pt-2","19":"pa_size-58-3xl-pt-pt-2","20":"pa_size-60-4xl-pt-pt","22":"first","23":"outofstock","24":"sale","25":"featured","26":"taxable","27":"shipping-taxable","28":"purchasable","29":"product-type-variable","30":"has-default-attributes"},"_links":{"self":[{"href":"https:\/\/primomoto.es\/pt-pt\/wp-json\/wp\/v2\/product\/50677","targetHints":{"allow":["GET"]}}],"collection":[{"href":"https:\/\/primomoto.es\/pt-pt\/wp-json\/wp\/v2\/product"}],"about":[{"href":"https:\/\/primomoto.es\/pt-pt\/wp-json\/wp\/v2\/types\/product"}],"wp:featuredmedia":[{"embeddable":true,"href":"https:\/\/primomoto.es\/pt-pt\/wp-json\/wp\/v2\/media\/289275"}],"wp:attachment":[{"href":"https:\/\/primomoto.es\/pt-pt\/wp-json\/wp\/v2\/media?parent=50677"}],"wp:term":[{"taxonomy":"product_brand","embeddable":true,"href":"https:\/\/primomoto.es\/pt-pt\/wp-json\/wp\/v2\/product_brand?post=50677"},{"taxonomy":"product_cat","embeddable":true,"href":"https:\/\/primomoto.es\/pt-pt\/wp-json\/wp\/v2\/product_cat?post=50677"},{"taxonomy":"product_tag","embeddable":true,"href":"https:\/\/primomoto.es\/pt-pt\/wp-json\/wp\/v2\/product_tag?post=50677"}],"curies":[{"name":"wp","href":"https:\/\/api.w.org\/{rel}","templated":true}]}}