{"id":50629,"date":"2021-01-04T11:23:10","date_gmt":"2021-01-04T11:23:10","guid":{"rendered":"https:\/\/primomoto.es\/bela-rocket-lady-mix-canguru-fato-de-corrida-moto-para-senhoras-2pecas-preto-branco\/"},"modified":"2022-11-16T08:28:47","modified_gmt":"2022-11-16T08:28:47","slug":"bela-foguete-senhora-mix-canguru-motocicleta-fato-de-couro-2-pc-preto-branco","status":"publish","type":"product","link":"https:\/\/primomoto.es\/pt-pt\/bela-foguete-senhora-mix-canguru-motocicleta-fato-de-couro-2-pc-preto-branco\/","title":{"rendered":"Bela Rocket Lady Mix Kangaroo Motocicleta Couro Terno 2 PC Preto \/ Branco"},"content":{"rendered":"<h2>Terno Bela Rocket Lady Mix Kangaroo 2PC para motocicleta<\/h2>\n<p>Material:<\/p>\n<ul>\n<li>Couro de vaca de flor integral premium de 1,1-1,3 mm com inser\u00e7\u00f5es de canguru repelentes de \u00e1gua mm 0,9 \/ 1<\/li>\n<li>Super Tense-tex stretch fabric at elbow, crotch and back knee to provide flexibility &amp; comfort<\/li>\n<\/ul>\n<p>Composition:<\/p>\n<ul>\n<li>Material externo: 75% couro de couro 25% couro canguru (inser\u00e7\u00f5es 92% PA 8% ELASTAN)<\/li>\n<li>Forro: 100% poli\u00e9ster<\/li>\n<\/ul>\n<p>Informa\u00e7\u00e3o t\u00e9cnica:<\/p>\n<ul>\n<li>Fixed mesh lining with air mesh at calf to offer better comfort<\/li>\n<li>Pe\u00e7as de prote\u00e7\u00e3o externa TPU no ombro e cotovelo<\/li>\n<li>CE approved internal protectors at shoulders, elbows, hips and knees<\/li>\n<li>Sali\u00eancia aerodin\u00e2mica para prote\u00e7\u00e3o da medula espinhal<\/li>\n<li>Partly perforated leather at front, Arms and on thigh areas to improve ventilation<\/li>\n<li>Stretch leather panels at back armhole, knees, back waist for comfortable &amp; flexible movement<\/li>\n<li>Neoprene at collar, cuff &amp; hem to reduce thickness and give greater comfort<\/li>\n<li>Double layer leather reinforcement at elbow, shoulder and seat<\/li>\n<li>Velcro dentro do painel frontal para facilitar um protetor de t\u00f3rax, se necess\u00e1rio<\/li>\n<li>Wrist zip closure on cuff to offer better convenience<\/li>\n<li>Reflexivo na \u00e1rea do bra\u00e7o para melhor vis\u00e3o noturna.<\/li>\n<li>Knee sliders for more protection.<\/li>\n<li>Z\u00edper de conex\u00e3o YKK para fixa\u00e7\u00e3o de cal\u00e7as.<\/li>\n<\/ul>\n","protected":false},"excerpt":{"rendered":"<div id=\"product-description-short-109\" class=\"rte-content\">\n<div class=\"short-description\">\n<div class=\"std\">\n<p>Novos ternos Bela Rocket Lady em duas pe\u00e7as de couro confeccionados com couro de flor integral e inser\u00e7\u00f5es em couro canguru para excelente desempenho e prote\u00e7\u00e3o contra abras\u00e3o em pista e estrada.<\/p>\n<\/div><\/div>\n<\/p><\/div>\n","protected":false},"featured_media":9941,"template":"","meta":[],"product_brand":[],"product_cat":[2131,2434,2433,682],"product_tag":[2436,2144,2439,2164],"class_list":{"0":"post-50629","1":"product","2":"type-product","3":"status-publish","4":"has-post-thumbnail","6":"product_cat-fatos-de-couro","7":"product_cat-fatos-de-couro-2pecas","8":"product_cat-mulheres-macacoes-de-motocicleta","9":"product_cat-motorcycle-clothing-pt-pt","10":"product_tag-terno-de-2-pecas","11":"product_tag-terno-de-couro","12":"product_tag-terno-feminino-pt-pt","13":"product_tag-traje-de-carreras-pt-pt","14":"pa_size-36-xs-pt-pt","15":"pa_size-38-s-pt-pt","16":"pa_size-40-m-pt-pt","17":"pa_size-42-l-pt-pt","18":"pa_size-44-xl-pt-pt","19":"pa_size-46-2xl-pt-pt","20":"pa_size-48-3xl-pt-pt","21":"pa_size-50-4xl-pt-pt","23":"first","24":"outofstock","25":"sale","26":"taxable","27":"shipping-taxable","28":"purchasable","29":"product-type-variable","30":"has-default-attributes"},"_links":{"self":[{"href":"https:\/\/primomoto.es\/pt-pt\/wp-json\/wp\/v2\/product\/50629","targetHints":{"allow":["GET"]}}],"collection":[{"href":"https:\/\/primomoto.es\/pt-pt\/wp-json\/wp\/v2\/product"}],"about":[{"href":"https:\/\/primomoto.es\/pt-pt\/wp-json\/wp\/v2\/types\/product"}],"wp:featuredmedia":[{"embeddable":true,"href":"https:\/\/primomoto.es\/pt-pt\/wp-json\/wp\/v2\/media\/9941"}],"wp:attachment":[{"href":"https:\/\/primomoto.es\/pt-pt\/wp-json\/wp\/v2\/media?parent=50629"}],"wp:term":[{"taxonomy":"product_brand","embeddable":true,"href":"https:\/\/primomoto.es\/pt-pt\/wp-json\/wp\/v2\/product_brand?post=50629"},{"taxonomy":"product_cat","embeddable":true,"href":"https:\/\/primomoto.es\/pt-pt\/wp-json\/wp\/v2\/product_cat?post=50629"},{"taxonomy":"product_tag","embeddable":true,"href":"https:\/\/primomoto.es\/pt-pt\/wp-json\/wp\/v2\/product_tag?post=50629"}],"curies":[{"name":"wp","href":"https:\/\/api.w.org\/{rel}","templated":true}]}}