{"id":50436,"date":"2021-01-04T11:24:09","date_gmt":"2021-01-06T23:00:34","guid":{"rendered":"https:\/\/primomoto.es\/bela-rocket-man-mix-canguru-fato-de-couro-de-motocicleta-1peca-preto-verde\/"},"modified":"2025-06-04T07:02:15","modified_gmt":"2025-06-04T07:02:15","slug":"bela-foguete-mix-canguru-homem-motocicleta-fato-de-couro-2-pc-pretoverde","status":"publish","type":"product","link":"https:\/\/primomoto.es\/pt-pt\/bela-foguete-mix-canguru-homem-motocicleta-fato-de-couro-2-pc-pretoverde\/","title":{"rendered":"Bela Rocket Mix Kangaroo Man Motocicleta Couro Terno 2 PC Preto \/ Verde"},"content":{"rendered":"<p><span style=\"color: #ff0000;\"><strong>Nota: os pedidos s\u00e3o enviados dentro de 10 a 15 dias \u00fateis a partir da data da compra!!<\/strong><\/span><\/p>\n<h2><strong>Bela Rocket Mix Canguru Man Motociclismo Terno de Couro 2 PCes<\/strong><\/h2>\n<p><strong>Material:<\/strong><\/p>\n<ul>\n<li>Couro de vaca de flor integral premium de 1,1-1,3 mm com inser\u00e7\u00f5es de canguru repelentes de \u00e1gua mm 0,9 \/ 1<\/li>\n<li>Super Tense-tex stretch fabric at elbow, crotch and back knee to provide flexibility &amp; comfort<\/li>\n<\/ul>\n<p><strong>Composition:<\/strong><\/p>\n<ul>\n<li>Material externo: 75% couro de couro 25% couro canguru (inser\u00e7\u00f5es 92% PA 8% ELASTAN)<\/li>\n<li>Forro: 100% poli\u00e9ster<\/li>\n<\/ul>\n<p><strong>Informa\u00e7\u00e3o t\u00e9cnica<\/strong><\/p>\n<ul>\n<li>Fixed mesh lining with air mesh at calf to offer better comfort<\/li>\n<li>Pe\u00e7as de prote\u00e7\u00e3o externa TPU no ombro e cotovelo<\/li>\n<li>CE approved internal protectors at shoulders, elbows, hips and knees<\/li>\n<li>Sali\u00eancia aerodin\u00e2mica para prote\u00e7\u00e3o da medula espinhal<\/li>\n<li>Partly perforated leather at front, Arms and on thigh areas to improve ventilation<\/li>\n<li>Stretch leather panels at back armhole, knees, back waist for comfortable &amp; flexible movement<\/li>\n<li>Neoprene at collar, cuff &amp; hem to reduce thickness and give greater comfort<\/li>\n<li>Double layer leather reinforcement at elbow, shoulder and seat<\/li>\n<li>Velcro dentro do painel frontal para facilitar um protetor de t\u00f3rax, se necess\u00e1rio<\/li>\n<li>Wrist zip closure on cuff to offer better convenience<\/li>\n<li>Reflexivo na \u00e1rea do bra\u00e7o para melhor vis\u00e3o noturna.<\/li>\n<li>Knee sliders for more protection.<\/li>\n<\/ul>\n","protected":false},"excerpt":{"rendered":"<p>The <strong>Bela Rocket Mix Kangaroo Man Leather Suit<\/strong> is our latest selection for motorcyclists. Made in water repellent cowhide leather and with inserts in Kangaroo leather, to give the best possible flexibility to this suit as well as a great resistance to abrasion. In addition to carrying ventilation on the outer shoulder protections, these motorcycle suits have partly perforated leather in front, arms and on thigh areas to improve breathability. This suit has sliders on the elbows allowing you to reach the maximum in your racing.<\/p>\n","protected":false},"featured_media":290483,"template":"","meta":[],"product_brand":[],"product_cat":[2131,2133,2132,3270,682],"product_tag":[2144,2164,2185],"class_list":{"0":"post-50436","1":"product","2":"type-product","3":"status-publish","4":"has-post-thumbnail","6":"product_cat-fatos-de-couro","7":"product_cat-terno-masculino-1-pcs","8":"product_cat-ternos-motociclistas-masculinos","9":"product_cat-corrida","10":"product_cat-motorcycle-clothing-pt-pt","11":"product_tag-terno-de-couro","12":"product_tag-traje-de-carreras-pt-pt","13":"product_tag-traje-de-hombre-2pcs-pt-pt","14":"pa_size-46-xs-pt-pt","15":"pa_size-50-m-pt-pt-2","16":"pa_size-52-l-pt-pt","17":"pa_size-54-xl-pt-pt","18":"pa_size-56-2xl-pt-pt-2","19":"pa_size-58-3xl-pt-pt-2","20":"pa_size-60-4xl-pt-pt","21":"pa_size-62-5xl-pt-pt","22":"pa_size-64-6xl-pt-pt","24":"first","25":"instock","26":"sale","27":"taxable","28":"shipping-taxable","29":"purchasable","30":"product-type-variable","31":"has-default-attributes"},"_links":{"self":[{"href":"https:\/\/primomoto.es\/pt-pt\/wp-json\/wp\/v2\/product\/50436","targetHints":{"allow":["GET"]}}],"collection":[{"href":"https:\/\/primomoto.es\/pt-pt\/wp-json\/wp\/v2\/product"}],"about":[{"href":"https:\/\/primomoto.es\/pt-pt\/wp-json\/wp\/v2\/types\/product"}],"wp:featuredmedia":[{"embeddable":true,"href":"https:\/\/primomoto.es\/pt-pt\/wp-json\/wp\/v2\/media\/290483"}],"wp:attachment":[{"href":"https:\/\/primomoto.es\/pt-pt\/wp-json\/wp\/v2\/media?parent=50436"}],"wp:term":[{"taxonomy":"product_brand","embeddable":true,"href":"https:\/\/primomoto.es\/pt-pt\/wp-json\/wp\/v2\/product_brand?post=50436"},{"taxonomy":"product_cat","embeddable":true,"href":"https:\/\/primomoto.es\/pt-pt\/wp-json\/wp\/v2\/product_cat?post=50436"},{"taxonomy":"product_tag","embeddable":true,"href":"https:\/\/primomoto.es\/pt-pt\/wp-json\/wp\/v2\/product_tag?post=50436"}],"curies":[{"name":"wp","href":"https:\/\/api.w.org\/{rel}","templated":true}]}}