{"id":50287,"date":"2021-03-16T11:22:35","date_gmt":"2021-03-16T11:22:35","guid":{"rendered":"https:\/\/primomoto.es\/r-tech-hawk-fato-1peca-preto-vermelho-verde\/"},"modified":"2023-03-27T16:26:37","modified_gmt":"2023-03-27T16:26:37","slug":"r-tech-hawk-motocicleta-fato-de-couro-1-pc-preto-vermelho-verde","status":"publish","type":"product","link":"https:\/\/primomoto.es\/pt-pt\/r-tech-hawk-motocicleta-fato-de-couro-1-pc-preto-vermelho-verde\/","title":{"rendered":"R-Tech Hawk Fatos Moto Preto\/Vermelho\/Verde"},"content":{"rendered":"<h2>R-Tech Hawk Fato de couro para motociclismo<\/h2>\n<p><strong>Especifica\u00e7\u00f5es t\u00e9cnicas:<\/strong><\/p>\n<ul>\n<li>Um traje de equita\u00e7\u00e3o de uma pe\u00e7a de alto desempenho constru\u00eddo em couro de flor integral para altos n\u00edveis de resist\u00eancia \u00e0 abras\u00e3o e durabilidade,<\/li>\n<li>The HAWK 1 Piece suit incorporates track tested protective capabilities on shoulder and knee areas and a perforated Moto-GP profiled panels for improved aerodynamics and comfort. With the possibility to upgrade to CE certified construction back, chest and hip protection this premium one-piece suit is ideal for performance riding.<\/li>\n<li>Multiple-stitched main seam construction provides maximum tear resistance<\/li>\n<li>Extended, reinforced stretch fibre panels on arms, crotch and legs.<\/li>\n<li>Accordion leather stretch inserts on lumbar, knees, elbows and rear shoulders<\/li>\n<li>Zipper closure.<\/li>\n<li>Excellent stitching throughout with maximum durability.<\/li>\n<\/ul>\n","protected":false},"excerpt":{"rendered":"<p>A high-performance ONE-piece riding suit constructed from full-grain leather for high levels of abrasion resistance and durability, the HAWK 1 Piece suit incorporates track tested protective capabilities on shoulder and knee areas and a perforated Moto-GP profiled panels for improved aerodynamics and comfort. With the possibility to upgrade to CE certified construction back, chest and hip protection this premium one-piece suit is ideal for performance riding.<\/p>\n","protected":false},"featured_media":31380,"template":"","meta":[],"product_brand":[],"product_cat":[2131,2133,2132,3270,682],"product_tag":[2144,2164,2165],"class_list":{"0":"post-50287","1":"product","2":"type-product","3":"status-publish","4":"has-post-thumbnail","6":"product_cat-fatos-de-couro","7":"product_cat-terno-masculino-1-pcs","8":"product_cat-ternos-motociclistas-masculinos","9":"product_cat-corrida","10":"product_cat-motorcycle-clothing-pt-pt","11":"product_tag-terno-de-couro","12":"product_tag-traje-de-carreras-pt-pt","13":"product_tag-traje-de-los-hombres-1pcs-pt-pt","14":"pa_size-48-pt-pt","15":"pa_size-50-pt-pt","16":"pa_size-52-pt-pt","17":"pa_size-54-pt-pt","18":"pa_size-56-pt-pt","19":"pa_size-58-pt-pt","20":"pa_size-60-pt-pt","21":"pa_size-62-pt-pt","23":"first","24":"outofstock","25":"sale","26":"taxable","27":"shipping-taxable","28":"purchasable","29":"product-type-variable","30":"has-default-attributes"},"_links":{"self":[{"href":"https:\/\/primomoto.es\/pt-pt\/wp-json\/wp\/v2\/product\/50287","targetHints":{"allow":["GET"]}}],"collection":[{"href":"https:\/\/primomoto.es\/pt-pt\/wp-json\/wp\/v2\/product"}],"about":[{"href":"https:\/\/primomoto.es\/pt-pt\/wp-json\/wp\/v2\/types\/product"}],"wp:featuredmedia":[{"embeddable":true,"href":"https:\/\/primomoto.es\/pt-pt\/wp-json\/wp\/v2\/media\/31380"}],"wp:attachment":[{"href":"https:\/\/primomoto.es\/pt-pt\/wp-json\/wp\/v2\/media?parent=50287"}],"wp:term":[{"taxonomy":"product_brand","embeddable":true,"href":"https:\/\/primomoto.es\/pt-pt\/wp-json\/wp\/v2\/product_brand?post=50287"},{"taxonomy":"product_cat","embeddable":true,"href":"https:\/\/primomoto.es\/pt-pt\/wp-json\/wp\/v2\/product_cat?post=50287"},{"taxonomy":"product_tag","embeddable":true,"href":"https:\/\/primomoto.es\/pt-pt\/wp-json\/wp\/v2\/product_tag?post=50287"}],"curies":[{"name":"wp","href":"https:\/\/api.w.org\/{rel}","templated":true}]}}