{"id":50272,"date":"2021-03-17T02:45:02","date_gmt":"2021-03-17T02:45:02","guid":{"rendered":"https:\/\/primomoto.es\/bela-aragon-fato-couro-1pc-preto-vermelho\/"},"modified":"2025-06-03T08:30:17","modified_gmt":"2025-06-03T08:30:17","slug":"bela-aragao-motociclismo-fato-1-pc-preto-vermelho","status":"publish","type":"product","link":"https:\/\/primomoto.es\/pt-pt\/bela-aragao-motociclismo-fato-1-pc-preto-vermelho\/","title":{"rendered":"Bela Aragon Motocicleta Corrida Terno 1 PC Preto\/Vermelho"},"content":{"rendered":"<p><span style=\"color: #ff0000;\"><strong>Nota: os pedidos s\u00e3o enviados no prazo de 10 a 15 dias \u00fateis a partir da data da compra!!<\/strong><\/span><\/p>\n<h2>Fato de couro Bela Aragon para motociclismo<\/h2>\n<p><strong>Descri\u00e7\u00e3o:<\/strong><\/p>\n<ul>\n<li>Couro de flor integral<\/li>\n<li>Tecido super tenso el\u00e1stico no cotovelo, virilha e joelho traseiro<\/li>\n<li>Forro de malha fixa com Super Airtech<\/li>\n<li>Protetores internos remov\u00edveis nos ombros, cotovelos, quadril e joelhos.<\/li>\n<li>Couro perfurado para melhorar a ventila\u00e7\u00e3o<\/li>\n<li>Inser\u00e7\u00f5es de couro el\u00e1stico na parte de tr\u00e1s do bra\u00e7o, joelhos e no quadril<\/li>\n<li>Neoprene na gola e na cintura<\/li>\n<li>Refor\u00e7o de couro de dupla camada nos cotovelos e ombros<\/li>\n<li>Manguito no pulso<\/li>\n<li>Preenchimento do c\u00f3ccix<\/li>\n<li>Deslizadores de joelho remov\u00edveis<\/li>\n<\/ul>\n","protected":false},"excerpt":{"rendered":"<p>Nota: os pedidos s\u00e3o enviados no prazo de 10 a 15 dias \u00fateis a partir da data da compra!! Fato<\/p>\n","protected":false},"featured_media":31461,"template":"","meta":[],"product_brand":[],"product_cat":[2131,2133,2132,3270,682],"product_tag":[2144,2157],"class_list":{"0":"post-50272","1":"product","2":"type-product","3":"status-publish","4":"has-post-thumbnail","6":"product_cat-fatos-de-couro","7":"product_cat-terno-masculino-1-pcs","8":"product_cat-ternos-motociclistas-masculinos","9":"product_cat-corrida","10":"product_cat-motorcycle-clothing-pt-pt","11":"product_tag-terno-de-couro","12":"product_tag-terno-masculino-1-unidade","13":"pa_size-46-pt-pt","14":"pa_size-48-pt-pt","15":"pa_size-50-pt-pt","16":"pa_size-52-pt-pt","17":"pa_size-54-pt-pt","18":"pa_size-56-pt-pt","19":"pa_size-58-pt-pt","20":"pa_size-60-pt-pt","21":"pa_size-62-pt-pt","23":"first","24":"outofstock","25":"sale","26":"taxable","27":"shipping-taxable","28":"purchasable","29":"product-type-variable","30":"has-default-attributes"},"_links":{"self":[{"href":"https:\/\/primomoto.es\/pt-pt\/wp-json\/wp\/v2\/product\/50272","targetHints":{"allow":["GET"]}}],"collection":[{"href":"https:\/\/primomoto.es\/pt-pt\/wp-json\/wp\/v2\/product"}],"about":[{"href":"https:\/\/primomoto.es\/pt-pt\/wp-json\/wp\/v2\/types\/product"}],"wp:featuredmedia":[{"embeddable":true,"href":"https:\/\/primomoto.es\/pt-pt\/wp-json\/wp\/v2\/media\/31461"}],"wp:attachment":[{"href":"https:\/\/primomoto.es\/pt-pt\/wp-json\/wp\/v2\/media?parent=50272"}],"wp:term":[{"taxonomy":"product_brand","embeddable":true,"href":"https:\/\/primomoto.es\/pt-pt\/wp-json\/wp\/v2\/product_brand?post=50272"},{"taxonomy":"product_cat","embeddable":true,"href":"https:\/\/primomoto.es\/pt-pt\/wp-json\/wp\/v2\/product_cat?post=50272"},{"taxonomy":"product_tag","embeddable":true,"href":"https:\/\/primomoto.es\/pt-pt\/wp-json\/wp\/v2\/product_tag?post=50272"}],"curies":[{"name":"wp","href":"https:\/\/api.w.org\/{rel}","templated":true}]}}