{"id":49863,"date":"2021-06-15T10:26:28","date_gmt":"2021-06-15T10:26:28","guid":{"rendered":"https:\/\/primomoto.es\/r-tech-defender-gp-fato-para-motociclismo-branco-preto-vermelho-verde\/"},"modified":"2023-03-27T16:04:02","modified_gmt":"2023-03-27T16:04:02","slug":"r-tech-defender-gp-motorcycle-racing-suit-1-pc-white-black-red-green","status":"publish","type":"product","link":"https:\/\/primomoto.es\/pt-pt\/r-tech-defender-gp-motorcycle-racing-suit-1-pc-white-black-red-green\/","title":{"rendered":"R-Tech Defender GP Fatos para Moto Branco\/Preto\/Vermelho \/Verde"},"content":{"rendered":"<h2>R-Tech Defender GP Fatos de Corrida de Moto 1 PC<\/h2>\n<p><strong>Escudo exterior <\/strong><\/p>\n<ul>\n<li>Couro de gr\u00e3o superior genu\u00edno de couro de 1,3 mm a 1,4 mm<\/li>\n<li>Mangas pr\u00e9-curvas para a posi\u00e7\u00e3o adequada de pilotagem<\/li>\n<li>Z\u00edper YKK original na frente, punhos<\/li>\n<li>Material el\u00e1stico usado na virilha, atr\u00e1s da panturrilha e sob<\/li>\n<li>mangas para alongamento m\u00e1ximo<\/li>\n<li>Velcro para prender o disco do joelho s\u00e3o costurados<\/li>\n<li>Costurado de seguran\u00e7a<\/li>\n<li>Detalhes de pain\u00e9is frontais perfurados de couro para respirabilidade m\u00e1xima<\/li>\n<\/ul>\n<p><strong>Caracter\u00edsticas de seguran\u00e7a <\/strong><\/p>\n<ul>\n<li>Protetores externos em, ombros e costas<\/li>\n<li>Sliders externos de joelho com velcro remov\u00edvel<\/li>\n<li>Preenchimento de borracha adicional para seguran\u00e7a em pe\u00e7as cr\u00edticas.<\/li>\n<li>Armadura remov\u00edvel de dupla densidade nos joelhos, ombros e cotovelos.<\/li>\n<li>Protetor de coluna de densidade dupla remov\u00edvel<\/li>\n<\/ul>\n<p><strong>Escudo interno <\/strong><\/p>\n<ul>\n<li>Forro de malha 100% poli\u00e9ster<\/li>\n<li>Cuidamos de cada pequeno detalhe do traje para que os motociclistas profissionais tenham uma corrida agrad\u00e1vel e tranquila.<\/li>\n<\/ul>\n","protected":false},"excerpt":{"rendered":"<p>R-Tech Defender GP Fatos de Corrida de Moto 1 PC Escudo exterior Couro de gr\u00e3o superior genu\u00edno de couro de<\/p>\n","protected":false},"featured_media":210298,"template":"","meta":[],"product_brand":[],"product_cat":[2131,2133,2132,3270,682],"product_tag":[2135,2136],"class_list":{"0":"post-49863","1":"product","2":"type-product","3":"status-publish","4":"has-post-thumbnail","6":"product_cat-fatos-de-couro","7":"product_cat-terno-masculino-1-pcs","8":"product_cat-ternos-motociclistas-masculinos","9":"product_cat-corrida","10":"product_cat-motorcycle-clothing-pt-pt","11":"product_tag-fato-de-corrida-de-homem","12":"product_tag-terno-de-couro-1pc","13":"pa_size-46-pt-pt","14":"pa_size-48-pt-pt","15":"pa_size-50-pt-pt","16":"pa_size-52-pt-pt","17":"pa_size-54-pt-pt","18":"pa_size-56-pt-pt","19":"pa_size-58-pt-pt","21":"first","22":"outofstock","23":"sale","24":"taxable","25":"shipping-taxable","26":"purchasable","27":"product-type-variable","28":"has-default-attributes"},"_links":{"self":[{"href":"https:\/\/primomoto.es\/pt-pt\/wp-json\/wp\/v2\/product\/49863","targetHints":{"allow":["GET"]}}],"collection":[{"href":"https:\/\/primomoto.es\/pt-pt\/wp-json\/wp\/v2\/product"}],"about":[{"href":"https:\/\/primomoto.es\/pt-pt\/wp-json\/wp\/v2\/types\/product"}],"wp:featuredmedia":[{"embeddable":true,"href":"https:\/\/primomoto.es\/pt-pt\/wp-json\/wp\/v2\/media\/210298"}],"wp:attachment":[{"href":"https:\/\/primomoto.es\/pt-pt\/wp-json\/wp\/v2\/media?parent=49863"}],"wp:term":[{"taxonomy":"product_brand","embeddable":true,"href":"https:\/\/primomoto.es\/pt-pt\/wp-json\/wp\/v2\/product_brand?post=49863"},{"taxonomy":"product_cat","embeddable":true,"href":"https:\/\/primomoto.es\/pt-pt\/wp-json\/wp\/v2\/product_cat?post=49863"},{"taxonomy":"product_tag","embeddable":true,"href":"https:\/\/primomoto.es\/pt-pt\/wp-json\/wp\/v2\/product_tag?post=49863"}],"curies":[{"name":"wp","href":"https:\/\/api.w.org\/{rel}","templated":true}]}}