{"id":301229,"date":"2026-03-09T22:34:33","date_gmt":"2026-03-09T22:34:33","guid":{"rendered":"https:\/\/primomoto.es\/foura-alpha-1-pc-kids-motorcycle-leather-fato\/"},"modified":"2026-03-10T00:00:54","modified_gmt":"2026-03-10T00:00:54","slug":"foura-alpha-1-pc-kids-motorcycle-leather-fato","status":"publish","type":"product","link":"https:\/\/primomoto.es\/pt-pt\/foura-alpha-1-pc-kids-motorcycle-leather-fato\/","title":{"rendered":"Foura Alpha 1 PC Kids Motorcycle Leather Fato"},"content":{"rendered":"<h2><span dir=\"auto\"><span dir=\"auto\" style=\"vertical-align: inherit;\">Foura Alpha Mi\u00fados 1 PC Couro Motocicleta Fato<\/span><\/span><\/h2>\n<p><span dir=\"auto\"><span dir=\"auto\" style=\"vertical-align: inherit;\">Um fato de motociclismo de alta performance, fabricado em pele integral para elevados n\u00edveis de resist\u00eancia \u00e0 abras\u00e3o e durabilidade, o Alpha Racing Suit incorpora caracter\u00edsticas de prote\u00e7\u00e3o comprovadas em pistas nos ombros e joelhos, bem como pain\u00e9is perfurados com perfil Moto-GP para melhor aerodin\u00e2mica e conforto. Com a op\u00e7\u00e3o de upgrade para prote\u00e7\u00e3o nas costas, peito e anca com certifica\u00e7\u00e3o CE, este fato premium \u00e9 ideal para a condu\u00e7\u00e3o desportiva. <\/span><\/span><\/p>\n<p><strong><span dir=\"auto\"><span dir=\"auto\" style=\"vertical-align: inherit;\">Materiais:<\/span><\/span><\/strong><\/p>\n<ul>\n<li><span dir=\"auto\"><span dir=\"auto\" style=\"vertical-align: inherit;\">Fabricado em 100% couro leg\u00edtimo.<\/span><\/span><\/li>\n<li><span dir=\"auto\"><span dir=\"auto\" style=\"vertical-align: inherit;\">Couro premium de flor integral de 1,0-1,2 mm.<\/span><\/span><\/li>\n<\/ul>\n<p><strong><span dir=\"auto\"><span dir=\"auto\" style=\"vertical-align: inherit;\">Informa\u00e7\u00e3o t\u00e9cnica:<\/span><\/span><\/strong><\/p>\n<ul>\n<li><span dir=\"auto\"><span dir=\"auto\" style=\"vertical-align: inherit;\">Tecido el\u00e1stico no cotovelo, virilha e joelho traseiro para proporcionar flexibilidade e conforto.<\/span><\/span><\/li>\n<li><span dir=\"auto\"><span dir=\"auto\" style=\"vertical-align: inherit;\">Forro de malha fixa na barriga da perna para oferecer maior conforto.<\/span><\/span><\/li>\n<li><span dir=\"auto\"><span dir=\"auto\" style=\"vertical-align: inherit;\">Protetores internos aprovados pela CE nos cotovelos, ancas e joelhos.<\/span><\/span><\/li>\n<li><span dir=\"auto\"><span dir=\"auto\" style=\"vertical-align: inherit;\">Corcunda aerodin\u00e2mica.<\/span><\/span><\/li>\n<li><span dir=\"auto\"><span dir=\"auto\" style=\"vertical-align: inherit;\">3 linhas de reflex\u00e3o em ambos os bra\u00e7os para visibilidade noturna.<\/span><\/span><\/li>\n<li><span dir=\"auto\"><span dir=\"auto\" style=\"vertical-align: inherit;\">Pain\u00e9is de couro el\u00e1stico nos joelhos, cintura e cavas para movimentos confort\u00e1veis \u200b\u200be flex\u00edveis.<\/span><\/span><\/li>\n<li><span dir=\"auto\"><span dir=\"auto\" style=\"vertical-align: inherit;\">Neoprene nos punhos e na bainha para reduzir a espessura e proporcionar maior conforto.<\/span><\/span><\/li>\n<li><span dir=\"auto\"><span dir=\"auto\" style=\"vertical-align: inherit;\">Refor\u00e7o em pele de camada dupla no cotovelo, ombro e assento.<\/span><\/span><\/li>\n<li><span dir=\"auto\"><span dir=\"auto\" style=\"vertical-align: inherit;\">Velcro no painel frontal interior para facilitar a prote\u00e7\u00e3o do peito, se necess\u00e1rio.<\/span><\/span><\/li>\n<li><span dir=\"auto\"><span dir=\"auto\" style=\"vertical-align: inherit;\">Acolchoamento do osso da cauda.<\/span><\/span><\/li>\n<li><span dir=\"auto\"><span dir=\"auto\" style=\"vertical-align: inherit;\">Deslizadores remov\u00edveis nos joelhos.<\/span><\/span><\/li>\n<\/ul>\n","protected":false},"excerpt":{"rendered":"<p>Foura Alpha Mi\u00fados 1 PC Couro Motocicleta Fato Um fato de motociclismo de alta performance, fabricado em pele integral para<\/p>\n","protected":false},"featured_media":301222,"template":"","meta":[],"product_brand":[],"product_cat":[2131,2471,2470,682],"product_tag":[4739,5012],"class_list":{"0":"post-301229","1":"product","2":"type-product","3":"status-publish","4":"has-post-thumbnail","6":"product_cat-fatos-de-couro","7":"product_cat-fatos-de-couro-1pecas","8":"product_cat-criancas-ternos-de-motocicleta","9":"product_cat-motorcycle-clothing-pt-pt","10":"product_tag-melhor-motocicleta-corrida-terno","11":"product_tag-miudos-couro-fato","12":"pa_size-yl","13":"pa_size-ym","14":"pa_size-ys","15":"pa_size-yxs","17":"first","18":"instock","19":"sale","20":"taxable","21":"shipping-taxable","22":"purchasable","23":"product-type-variable","24":"has-default-attributes"},"_links":{"self":[{"href":"https:\/\/primomoto.es\/pt-pt\/wp-json\/wp\/v2\/product\/301229","targetHints":{"allow":["GET"]}}],"collection":[{"href":"https:\/\/primomoto.es\/pt-pt\/wp-json\/wp\/v2\/product"}],"about":[{"href":"https:\/\/primomoto.es\/pt-pt\/wp-json\/wp\/v2\/types\/product"}],"wp:featuredmedia":[{"embeddable":true,"href":"https:\/\/primomoto.es\/pt-pt\/wp-json\/wp\/v2\/media\/301222"}],"wp:attachment":[{"href":"https:\/\/primomoto.es\/pt-pt\/wp-json\/wp\/v2\/media?parent=301229"}],"wp:term":[{"taxonomy":"product_brand","embeddable":true,"href":"https:\/\/primomoto.es\/pt-pt\/wp-json\/wp\/v2\/product_brand?post=301229"},{"taxonomy":"product_cat","embeddable":true,"href":"https:\/\/primomoto.es\/pt-pt\/wp-json\/wp\/v2\/product_cat?post=301229"},{"taxonomy":"product_tag","embeddable":true,"href":"https:\/\/primomoto.es\/pt-pt\/wp-json\/wp\/v2\/product_tag?post=301229"}],"curies":[{"name":"wp","href":"https:\/\/api.w.org\/{rel}","templated":true}]}}