{"id":298538,"date":"2025-10-22T15:56:32","date_gmt":"2025-10-22T15:56:32","guid":{"rendered":"https:\/\/primomoto.es\/foura-alpha-1-pc-motocicleta-couro-fato-preto-cinzento\/"},"modified":"2025-10-22T17:54:16","modified_gmt":"2025-10-22T17:54:16","slug":"foura-alpha-1-pc-motocicleta-couro-fato-preto-cinzento","status":"publish","type":"product","link":"https:\/\/primomoto.es\/pt-pt\/foura-alpha-1-pc-motocicleta-couro-fato-preto-cinzento\/","title":{"rendered":"Foura Alpha 1 PC Motocicleta Couro Fato Preto\/Cinzento"},"content":{"rendered":"<h2><strong><span dir=\"auto\" style=\"vertical-align: inherit;\"><span dir=\"auto\" style=\"vertical-align: inherit;\">Foura Alpha 1 PC Motocicleta Couro Corrida Traje<\/span><\/span><\/strong><\/h2>\n<p><span dir=\"auto\" style=\"vertical-align: inherit;\"><span dir=\"auto\" style=\"vertical-align: inherit;\"><span dir=\"auto\" style=\"vertical-align: inherit;\">Um fato de motociclismo de alta performance, fabricado em pele integral para elevados n\u00edveis de resist\u00eancia \u00e0 abras\u00e3o e durabilidade, o Alpha Racing Suit incorpora caracter\u00edsticas de prote\u00e7\u00e3o comprovadas em pistas nos ombros e joelhos, bem como pain\u00e9is perfurados com perfil Moto-GP para melhor aerodin\u00e2mica e conforto. Com a op\u00e7\u00e3o de upgrade para prote\u00e7\u00e3o nas costas, peito e anca com certifica\u00e7\u00e3o CE, este fato premium \u00e9 ideal para a condu\u00e7\u00e3o desportiva. <\/span><\/span><\/span><\/p>\n<p><strong><span dir=\"auto\" style=\"vertical-align: inherit;\"><span dir=\"auto\" style=\"vertical-align: inherit;\"><span dir=\"auto\" style=\"vertical-align: inherit;\">Materiais:<\/span><\/span><\/span><\/strong><\/p>\n<ul>\n<li><span dir=\"auto\" style=\"vertical-align: inherit;\"><span dir=\"auto\" style=\"vertical-align: inherit;\"><span dir=\"auto\" style=\"vertical-align: inherit;\">Fabricado em 100% couro leg\u00edtimo.<\/span><\/span><\/span><\/li>\n<li><span dir=\"auto\" style=\"vertical-align: inherit;\"><span dir=\"auto\" style=\"vertical-align: inherit;\"><span dir=\"auto\" style=\"vertical-align: inherit;\">Couro premium de flor integral de 1,0-1,2 mm.<\/span><\/span><\/span><\/li>\n<\/ul>\n<p><strong><span dir=\"auto\" style=\"vertical-align: inherit;\"><span dir=\"auto\" style=\"vertical-align: inherit;\"><span dir=\"auto\" style=\"vertical-align: inherit;\">Informa\u00e7\u00e3o t\u00e9cnica:<\/span><\/span><\/span><\/strong><\/p>\n<ul>\n<li><span dir=\"auto\" style=\"vertical-align: inherit;\"><span dir=\"auto\" style=\"vertical-align: inherit;\"><span dir=\"auto\" style=\"vertical-align: inherit;\">Tecido el\u00e1stico no cotovelo, virilha e joelho traseiro para proporcionar flexibilidade e conforto.<\/span><\/span><\/span><\/li>\n<li><span dir=\"auto\" style=\"vertical-align: inherit;\"><span dir=\"auto\" style=\"vertical-align: inherit;\"><span dir=\"auto\" style=\"vertical-align: inherit;\">Forro de malha fixa na barriga da perna para oferecer maior conforto.<\/span><\/span><\/span><\/li>\n<li><span dir=\"auto\" style=\"vertical-align: inherit;\"><span dir=\"auto\" style=\"vertical-align: inherit;\"><span dir=\"auto\" style=\"vertical-align: inherit;\">Protetores internos aprovados pela CE nos cotovelos, ancas e joelhos.<\/span><\/span><\/span><\/li>\n<li><span dir=\"auto\" style=\"vertical-align: inherit;\"><span dir=\"auto\" style=\"vertical-align: inherit;\"><span dir=\"auto\" style=\"vertical-align: inherit;\">Corcunda aerodin\u00e2mica.<\/span><\/span><\/span><\/li>\n<li><span dir=\"auto\" style=\"vertical-align: inherit;\"><span dir=\"auto\" style=\"vertical-align: inherit;\"><span dir=\"auto\" style=\"vertical-align: inherit;\">3 linhas de reflex\u00e3o em ambos os bra\u00e7os para visibilidade noturna.<\/span><\/span><\/span><\/li>\n<li><span dir=\"auto\" style=\"vertical-align: inherit;\"><span dir=\"auto\" style=\"vertical-align: inherit;\"><span dir=\"auto\" style=\"vertical-align: inherit;\">Pain\u00e9is de couro el\u00e1stico nos joelhos, cintura e cavas para movimentos confort\u00e1veis \u200b\u200be flex\u00edveis.<\/span><\/span><\/span><\/li>\n<li><span dir=\"auto\" style=\"vertical-align: inherit;\"><span dir=\"auto\" style=\"vertical-align: inherit;\"><span dir=\"auto\" style=\"vertical-align: inherit;\">Neoprene nos punhos e na bainha para reduzir a espessura e proporcionar maior conforto.<\/span><\/span><\/span><\/li>\n<li><span dir=\"auto\" style=\"vertical-align: inherit;\"><span dir=\"auto\" style=\"vertical-align: inherit;\"><span dir=\"auto\" style=\"vertical-align: inherit;\">Refor\u00e7o em pele de camada dupla no cotovelo, ombro e assento.<\/span><\/span><\/span><\/li>\n<li><span dir=\"auto\" style=\"vertical-align: inherit;\"><span dir=\"auto\" style=\"vertical-align: inherit;\"><span dir=\"auto\" style=\"vertical-align: inherit;\">Velcro no painel frontal interior para facilitar a prote\u00e7\u00e3o do peito, se necess\u00e1rio.<\/span><\/span><\/span><\/li>\n<li><span dir=\"auto\" style=\"vertical-align: inherit;\"><span dir=\"auto\" style=\"vertical-align: inherit;\"><span dir=\"auto\" style=\"vertical-align: inherit;\">Acolchoamento do osso da cauda.<\/span><\/span><\/span><\/li>\n<li><span dir=\"auto\" style=\"vertical-align: inherit;\"><span dir=\"auto\" style=\"vertical-align: inherit;\"><span dir=\"auto\" style=\"vertical-align: inherit;\">Deslizadores remov\u00edveis nos joelhos.<\/span><\/span><\/span><\/li>\n<\/ul>\n","protected":false},"excerpt":{"rendered":"<p>Foura Alpha 1 PC Motocicleta Couro Corrida Traje Um fato de motociclismo de alta performance, fabricado em pele integral para<\/p>\n","protected":false},"featured_media":301324,"template":"","meta":[],"product_brand":[],"product_cat":[2131,2133,2132,682],"product_tag":[4983,4902,4984,2144,2164],"class_list":{"0":"post-298538","1":"product","2":"type-product","3":"status-publish","4":"has-post-thumbnail","6":"product_cat-fatos-de-couro","7":"product_cat-terno-masculino-1-pcs","8":"product_cat-ternos-motociclistas-masculinos","9":"product_cat-motorcycle-clothing-pt-pt","10":"product_tag-couro-fato-de-corrida","11":"product_tag-motocicleta-fato","12":"product_tag-motocicleta-fato-de-corrida","13":"product_tag-terno-de-couro","14":"product_tag-traje-de-carreras-pt-pt","15":"pa_size-46-xs-pt-pt","16":"pa_size-48-s-pt-pt-3","17":"pa_size-50-m-pt-pt-2","18":"pa_size-52-l-pt-pt","19":"pa_size-54-xl-pt-pt","20":"pa_size-56-2xl-pt-pt-2","21":"pa_size-58-3xl-pt-pt-2","22":"pa_size-60-4xl-pt-pt","23":"pa_size-62-5xl-pt-pt","25":"first","26":"instock","27":"sale","28":"taxable","29":"shipping-taxable","30":"purchasable","31":"product-type-variable","32":"has-default-attributes"},"_links":{"self":[{"href":"https:\/\/primomoto.es\/pt-pt\/wp-json\/wp\/v2\/product\/298538","targetHints":{"allow":["GET"]}}],"collection":[{"href":"https:\/\/primomoto.es\/pt-pt\/wp-json\/wp\/v2\/product"}],"about":[{"href":"https:\/\/primomoto.es\/pt-pt\/wp-json\/wp\/v2\/types\/product"}],"wp:featuredmedia":[{"embeddable":true,"href":"https:\/\/primomoto.es\/pt-pt\/wp-json\/wp\/v2\/media\/301324"}],"wp:attachment":[{"href":"https:\/\/primomoto.es\/pt-pt\/wp-json\/wp\/v2\/media?parent=298538"}],"wp:term":[{"taxonomy":"product_brand","embeddable":true,"href":"https:\/\/primomoto.es\/pt-pt\/wp-json\/wp\/v2\/product_brand?post=298538"},{"taxonomy":"product_cat","embeddable":true,"href":"https:\/\/primomoto.es\/pt-pt\/wp-json\/wp\/v2\/product_cat?post=298538"},{"taxonomy":"product_tag","embeddable":true,"href":"https:\/\/primomoto.es\/pt-pt\/wp-json\/wp\/v2\/product_tag?post=298538"}],"curies":[{"name":"wp","href":"https:\/\/api.w.org\/{rel}","templated":true}]}}