{"id":297867,"date":"2025-08-04T11:56:14","date_gmt":"2025-08-05T10:58:38","guid":{"rendered":"https:\/\/primomoto.es\/road-breed-gaga-damas-hood-motocicleta-couro-casaco-preto-roxo\/"},"modified":"2025-09-11T12:08:00","modified_gmt":"2025-09-11T12:08:00","slug":"road-breed-gaga-damas-hood-motocicleta-couro-casaco-preto-roxo","status":"publish","type":"product","link":"https:\/\/primomoto.es\/pt-pt\/road-breed-gaga-damas-hood-motocicleta-couro-casaco-preto-roxo\/","title":{"rendered":"Road Breed Gaga Damas Hood Motocicleta Couro Casaco Preto\/Roxo"},"content":{"rendered":"<h1><strong>Road Breed Gaga Mulher Hoodie Motocicleta Couro Casaco.<\/strong><\/h1>\n<p>Road Breed Premium Gaga, habilmente confecionada em pele de vaca de alta qualidade com um acabamento preto intemporal, este blus\u00e3o combina o estilo cl\u00e1ssico com caracter\u00edsticas pr\u00e1ticas, tornando-o uma pe\u00e7a essencial e vers\u00e1til para qualquer esta\u00e7\u00e3o.<\/p>\n<h3><strong>Recursos:<\/strong><\/h3>\n<ul>\n<li>Fabricado em pele de bovino premium, valorizada pela sua resist\u00eancia, durabilidade e toque luxuoso.<\/li>\n<li>Fabricado em pele de bovino dur\u00e1vel, oferece um desgaste duradouro e uma apar\u00eancia polida e refinada.<\/li>\n<li>Preto elegante para uma versatilidade intemporal e um estilo descontra\u00eddo.<\/li>\n<li>Prote\u00e7\u00e3o aprovada pela CE nos ombros e cotovelos, al\u00e9m de uma almofada de espuma para as costas (n\u00e3o CE).<\/li>\n<li>Inclui um elegante moletom preto com capuz que acrescenta um toque moderno \u00e0 silhueta intemporal do blus\u00e3o de cabedal<\/li>\n<li>Ferragens prateadas antigas acrescentam um toque de inspira\u00e7\u00e3o vintage que complementa a est\u00e9tica geral do blus\u00e3o.<\/li>\n<li>Os pain\u00e9is laterais em elastano proporcionam flexibilidade e facilidade de movimento, enquanto os bot\u00f5es laterais permitem um ajuste personaliz\u00e1vel.<\/li>\n<li>Dois bolsos exteriores para maior comodidade di\u00e1ria e dois bolsos interiores ocultos para um armazenamento discreto e seguro.<\/li>\n<li>O forro de manga comprida com fecho proporciona um aquecimento adapt\u00e1vel para diferentes condi\u00e7\u00f5es climat\u00e9ricas.<\/li>\n<\/ul>\n","protected":false},"excerpt":{"rendered":"<p>Road Breed Gaga Mulher Hoodie Motocicleta Couro Casaco. Road Breed Premium Gaga, habilmente confecionada em pele de vaca de alta<\/p>\n","protected":false},"featured_media":297688,"template":"","meta":[],"product_brand":[],"product_cat":[2614,2680,2627,682],"product_tag":[4695,2695,3889,3900,4935,3627,4838],"class_list":{"0":"post-297867","1":"product","2":"type-product","3":"status-publish","4":"has-post-thumbnail","6":"product_cat-casacos-motos","7":"product_cat-jaqueta-de-couro-feminino","8":"product_cat-mulheres-jaqueta-de-motocicleta","9":"product_cat-motorcycle-clothing-pt-pt","10":"product_tag-capuz-jaqueta","11":"product_tag-chaqueta-de-cuero-pt-pt-2","12":"product_tag-jaqueta-de-moto-pt-pt","13":"product_tag-jaqueta-de-moto-feminina","14":"product_tag-jaquetas","15":"product_tag-melhores-jaquetas-de-couro","16":"product_tag-senhoras-jaquetas","17":"pa_size-34-2xs-pt-pt","18":"pa_size-36-xs-pt-pt","19":"pa_size-38-s-pt-pt","20":"pa_size-40-m-pt-pt","21":"pa_size-42-l-pt-pt","22":"pa_size-44-xl-pt-pt","23":"pa_size-46-2xl-pt-pt","24":"pa_size-48-3xl-pt-pt","25":"pa_size-50-4xl-pt-pt","26":"pa_size-52-5xl-pt-pt","28":"first","29":"instock","30":"sale","31":"taxable","32":"shipping-taxable","33":"purchasable","34":"product-type-variable","35":"has-default-attributes"},"_links":{"self":[{"href":"https:\/\/primomoto.es\/pt-pt\/wp-json\/wp\/v2\/product\/297867","targetHints":{"allow":["GET"]}}],"collection":[{"href":"https:\/\/primomoto.es\/pt-pt\/wp-json\/wp\/v2\/product"}],"about":[{"href":"https:\/\/primomoto.es\/pt-pt\/wp-json\/wp\/v2\/types\/product"}],"wp:featuredmedia":[{"embeddable":true,"href":"https:\/\/primomoto.es\/pt-pt\/wp-json\/wp\/v2\/media\/297688"}],"wp:attachment":[{"href":"https:\/\/primomoto.es\/pt-pt\/wp-json\/wp\/v2\/media?parent=297867"}],"wp:term":[{"taxonomy":"product_brand","embeddable":true,"href":"https:\/\/primomoto.es\/pt-pt\/wp-json\/wp\/v2\/product_brand?post=297867"},{"taxonomy":"product_cat","embeddable":true,"href":"https:\/\/primomoto.es\/pt-pt\/wp-json\/wp\/v2\/product_cat?post=297867"},{"taxonomy":"product_tag","embeddable":true,"href":"https:\/\/primomoto.es\/pt-pt\/wp-json\/wp\/v2\/product_tag?post=297867"}],"curies":[{"name":"wp","href":"https:\/\/api.w.org\/{rel}","templated":true}]}}