{"id":296646,"date":"2025-07-19T13:40:13","date_gmt":"2025-07-28T13:55:20","guid":{"rendered":"https:\/\/primomoto.es\/road-breed-dragon-hoody-motocicleta-couro-casaco-preto\/"},"modified":"2025-09-04T11:43:04","modified_gmt":"2025-09-04T11:43:04","slug":"road-breed-dragon-hoody-motocicleta-couro-casaco-preto","status":"publish","type":"product","link":"https:\/\/primomoto.es\/pt-pt\/road-breed-dragon-hoody-motocicleta-couro-casaco-preto\/","title":{"rendered":"Road Breed Dragon Hoody Motocicleta Couro Casaco Preto"},"content":{"rendered":"<h1><strong>Road Breed Dragon Motocicleta Couro Casaco.<\/strong><\/h1>\n<p>Eleve o seu estilo de condu\u00e7\u00e3o e de rua com o Casaco <i>Dragon <\/i>Hoody Vented. Fabricada com pele de bovino dur\u00e1vel, esta jaqueta premium combina um desempenho robusto com um design moderno. Apresentando um capuz com uma silhueta diferenciada e ventila\u00e7\u00e3o avan\u00e7ada para conforto em todas as esta\u00e7\u00f5es.<\/p>\n<h3><strong>Recursos:<\/strong><\/h3>\n<ul>\n<li>O couro bovino resistente proporciona uma durabilidade duradoura e conforto durante todo o dia.<\/li>\n<li>Preto cl\u00e1ssico para um look elegante e vers\u00e1til.<\/li>\n<li>Prote\u00e7\u00e3o aprovada pela CE nos ombros e cotovelos, al\u00e9m de uma almofada de espuma para as costas (n\u00e3o CE).<\/li>\n<li>Quatro bolsos exteriores oferecem um espa\u00e7o generoso para os essenciais do dia a dia, enquanto dois bolsos interiores ocultos oferecem um armazenamento discreto e seguro.<\/li>\n<li>Concebido com bolsas de armadura para inser\u00e7\u00f5es de prote\u00e7\u00e3o opcionais (armadura n\u00e3o inclu\u00edda).<\/li>\n<li>Aberturas estrategicamente posicionadas e fechos laterais promovem o fluxo de ar e ajudam a regular a temperatura corporal.<\/li>\n<li>As ferragens prateadas antigas acrescentam um toque refinado e de inspira\u00e7\u00e3o vintage.<\/li>\n<li>O hoodie preto com capuz acrescenta estilo e aconchego.<\/li>\n<li>O forro de malha preta respir\u00e1vel garante o conforto interior.<\/li>\n<li>Forro remov\u00edvel de manga comprida com fecho que se adapta facilmente \u00e0s mudan\u00e7as das condi\u00e7\u00f5es meteorol\u00f3gicas.<\/li>\n<\/ul>\n","protected":false},"excerpt":{"rendered":"<p>Road Breed Dragon Motocicleta Couro Casaco. Eleve o seu estilo de condu\u00e7\u00e3o e de rua com o Casaco Dragon Hoody<\/p>\n","protected":false},"featured_media":295276,"template":"","meta":[],"product_brand":[],"product_cat":[2614,2635,2615,682],"product_tag":[2695,4936,3628,3140,4935,3627,4803],"class_list":{"0":"post-296646","1":"product","2":"type-product","3":"status-publish","4":"has-post-thumbnail","6":"product_cat-casacos-motos","7":"product_cat-jaquetas-de-couro","8":"product_cat-homens-jaquetas-de-motocicleta","9":"product_cat-motorcycle-clothing-pt-pt","10":"product_tag-chaqueta-de-cuero-pt-pt-2","11":"product_tag-homens-motocicleta-casaco","12":"product_tag-jaqueta-de-couro-para-homens","13":"product_tag-jaqueta-de-moto","14":"product_tag-jaquetas","15":"product_tag-melhores-jaquetas-de-couro","16":"product_tag-motocicleta-couro-jaqueta","17":"pa_size-46-xs-pt-pt","18":"pa_size-48-s-pt-pt-3","19":"pa_size-50-m-pt-pt-2","20":"pa_size-52-l-pt-pt","21":"pa_size-54-xl-pt-pt","22":"pa_size-56-2xl-pt-pt-2","23":"pa_size-58-3xl-pt-pt-2","24":"pa_size-60-4xl-pt-pt","25":"pa_size-62-5xl-pt-pt","27":"first","28":"instock","29":"sale","30":"taxable","31":"shipping-taxable","32":"purchasable","33":"product-type-variable","34":"has-default-attributes"},"_links":{"self":[{"href":"https:\/\/primomoto.es\/pt-pt\/wp-json\/wp\/v2\/product\/296646","targetHints":{"allow":["GET"]}}],"collection":[{"href":"https:\/\/primomoto.es\/pt-pt\/wp-json\/wp\/v2\/product"}],"about":[{"href":"https:\/\/primomoto.es\/pt-pt\/wp-json\/wp\/v2\/types\/product"}],"wp:featuredmedia":[{"embeddable":true,"href":"https:\/\/primomoto.es\/pt-pt\/wp-json\/wp\/v2\/media\/295276"}],"wp:attachment":[{"href":"https:\/\/primomoto.es\/pt-pt\/wp-json\/wp\/v2\/media?parent=296646"}],"wp:term":[{"taxonomy":"product_brand","embeddable":true,"href":"https:\/\/primomoto.es\/pt-pt\/wp-json\/wp\/v2\/product_brand?post=296646"},{"taxonomy":"product_cat","embeddable":true,"href":"https:\/\/primomoto.es\/pt-pt\/wp-json\/wp\/v2\/product_cat?post=296646"},{"taxonomy":"product_tag","embeddable":true,"href":"https:\/\/primomoto.es\/pt-pt\/wp-json\/wp\/v2\/product_tag?post=296646"}],"curies":[{"name":"wp","href":"https:\/\/api.w.org\/{rel}","templated":true}]}}