{"id":296343,"date":"2025-07-25T12:23:03","date_gmt":"2025-07-26T09:15:37","guid":{"rendered":"https:\/\/primomoto.es\/road-breed-daytona-hoody-motocicleta-couro-casaco-cinzento\/"},"modified":"2025-09-04T12:07:36","modified_gmt":"2025-09-04T12:07:36","slug":"road-breed-daytona-hoody-motocicleta-couro-casaco-cinzento","status":"publish","type":"product","link":"https:\/\/primomoto.es\/pt-pt\/road-breed-daytona-hoody-motocicleta-couro-casaco-cinzento\/","title":{"rendered":"Road Breed Daytona Hoody Motocicleta Couro Casaco Cinzento"},"content":{"rendered":"<h1><strong>Road Breed Daytona Hoody Motocicleta Couro Casaco.<\/strong><\/h1>\n<p>Road Breed Premium Daytona Fabricado com mestria em pele de bovino de alta qualidade com um acabamento preto intemporal, este blus\u00e3o combina o estilo cl\u00e1ssico com caracter\u00edsticas pr\u00e1ticas, tornando-o uma pe\u00e7a essencial vers\u00e1til para qualquer esta\u00e7\u00e3o.<\/p>\n<h3><strong>Recursos:<\/strong><\/h3>\n<ul>\n<li>Fabricado em pele de bovino premium para uma durabilidade excecional e uma textura refinada e luxuosa.<\/li>\n<li>O acabamento cinzento envelhecido proporciona uma est\u00e9tica robusta e inspirada no vintage.<\/li>\n<li>Prote\u00e7\u00e3o aprovada pela CE nos ombros e cotovelos, al\u00e9m de uma almofada de espuma para as costas (n\u00e3o CE).<\/li>\n<li>Quatro bolsos exteriores oferecem um pr\u00e1tico espa\u00e7o de armazenamento, enquanto dois bolsos interiores ocultos garantem uma seguran\u00e7a discreta.<\/li>\n<li>Inclui bolsos de armadura dedicados para inser\u00e7\u00f5es opcionais (armadura n\u00e3o inclu\u00edda).<\/li>\n<li>A ventila\u00e7\u00e3o integrada e os fechos laterais promovem o fluxo de ar e ajudam a manter uma temperatura confort\u00e1vel.<\/li>\n<li>Ferragens prateadas antigas real\u00e7am o estilo r\u00fastico do blus\u00e3o com um toque requintado.<\/li>\n<li>O elegante hoodie preto com capuz acrescenta calor e um look moderno e em camadas.<\/li>\n<li>O forro de malha preta respir\u00e1vel aumenta o conforto interior e o fluxo de ar.<\/li>\n<li>O forro de manga comprida com fecho permite ajustar-se facilmente a diferentes condi\u00e7\u00f5es climat\u00e9ricas.<\/li>\n<\/ul>\n","protected":false},"excerpt":{"rendered":"<p>Road Breed Daytona Hoody Motocicleta Couro Casaco. Road Breed Premium Daytona Fabricado com mestria em pele de bovino de alta<\/p>\n","protected":false},"featured_media":296226,"template":"","meta":[],"product_brand":[],"product_cat":[2614,2635,2615,682],"product_tag":[2695,3628,3889,3140,4935,3627,4803],"class_list":{"0":"post-296343","1":"product","2":"type-product","3":"status-publish","4":"has-post-thumbnail","6":"product_cat-casacos-motos","7":"product_cat-jaquetas-de-couro","8":"product_cat-homens-jaquetas-de-motocicleta","9":"product_cat-motorcycle-clothing-pt-pt","10":"product_tag-chaqueta-de-cuero-pt-pt-2","11":"product_tag-jaqueta-de-couro-para-homens","12":"product_tag-jaqueta-de-moto-pt-pt","13":"product_tag-jaqueta-de-moto","14":"product_tag-jaquetas","15":"product_tag-melhores-jaquetas-de-couro","16":"product_tag-motocicleta-couro-jaqueta","17":"pa_size-46-xs-pt-pt","18":"pa_size-48-s-pt-pt-3","19":"pa_size-50-m-pt-pt-2","20":"pa_size-52-l-pt-pt","21":"pa_size-54-xl-pt-pt","22":"pa_size-56-2xl-pt-pt-2","23":"pa_size-58-3xl-pt-pt-2","24":"pa_size-60-4xl-pt-pt","25":"pa_size-62-5xl-pt-pt","27":"first","28":"instock","29":"sale","30":"taxable","31":"shipping-taxable","32":"purchasable","33":"product-type-variable","34":"has-default-attributes"},"_links":{"self":[{"href":"https:\/\/primomoto.es\/pt-pt\/wp-json\/wp\/v2\/product\/296343","targetHints":{"allow":["GET"]}}],"collection":[{"href":"https:\/\/primomoto.es\/pt-pt\/wp-json\/wp\/v2\/product"}],"about":[{"href":"https:\/\/primomoto.es\/pt-pt\/wp-json\/wp\/v2\/types\/product"}],"wp:featuredmedia":[{"embeddable":true,"href":"https:\/\/primomoto.es\/pt-pt\/wp-json\/wp\/v2\/media\/296226"}],"wp:attachment":[{"href":"https:\/\/primomoto.es\/pt-pt\/wp-json\/wp\/v2\/media?parent=296343"}],"wp:term":[{"taxonomy":"product_brand","embeddable":true,"href":"https:\/\/primomoto.es\/pt-pt\/wp-json\/wp\/v2\/product_brand?post=296343"},{"taxonomy":"product_cat","embeddable":true,"href":"https:\/\/primomoto.es\/pt-pt\/wp-json\/wp\/v2\/product_cat?post=296343"},{"taxonomy":"product_tag","embeddable":true,"href":"https:\/\/primomoto.es\/pt-pt\/wp-json\/wp\/v2\/product_tag?post=296343"}],"curies":[{"name":"wp","href":"https:\/\/api.w.org\/{rel}","templated":true}]}}