{"id":295933,"date":"2025-07-18T15:35:37","date_gmt":"2025-07-23T11:28:31","guid":{"rendered":"https:\/\/primomoto.es\/road-breed-nevada-motocicleta-couro-casaco-bronzeado\/"},"modified":"2025-09-05T12:13:30","modified_gmt":"2025-09-05T12:13:30","slug":"road-breed-nevada-motocicleta-couro-casaco-bronzeado","status":"publish","type":"product","link":"https:\/\/primomoto.es\/pt-pt\/road-breed-nevada-motocicleta-couro-casaco-bronzeado\/","title":{"rendered":"Road Breed Nevada Motocicleta Couro Casaco Bronzeado"},"content":{"rendered":"<h1><strong><span style=\"vertical-align: inherit;\"><span style=\"vertical-align: inherit;\">Road Breed Nevada Motocicleta Couro Casaco.<\/span><\/span><\/strong><\/h1>\n<p><span style=\"vertical-align: inherit;\"><span style=\"vertical-align: inherit;\">Casaco de couro premium para homem da Road Breed. Feita em pele de cordeiro luxuosa na cor castanha cl\u00e1ssica, esta jaqueta combina um estilo intemporal com uma funcionalidade pr\u00e1tica. <\/span><\/span><\/p>\n<h3><strong><span style=\"vertical-align: inherit;\"><span style=\"vertical-align: inherit;\">Recursos:<\/span><\/span><\/strong><\/h3>\n<ul>\n<li><span style=\"vertical-align: inherit;\"><span style=\"vertical-align: inherit;\">O couro de cordeiro macio e luxuoso oferece um toque suave e flex\u00edvel.<\/span><\/span><\/li>\n<li><span style=\"vertical-align: inherit;\"><span style=\"vertical-align: inherit;\">O tom castanho cl\u00e1ssico garante uma f\u00e1cil coordena\u00e7\u00e3o com qualquer roupa.<\/span><\/span><\/li>\n<li><span style=\"vertical-align: inherit;\"><span style=\"vertical-align: inherit;\">Prote\u00e7\u00e3o aprovada pela CE nos ombros e cotovelos, al\u00e9m de uma almofada de espuma para as costas (n\u00e3o CE).<\/span><\/span><\/li>\n<li><span style=\"vertical-align: inherit;\"><span style=\"vertical-align: inherit;\">Possui dois bolsos exteriores para os essenciais do dia a dia e dois bolsos interiores para um armazenamento seguro.<\/span><\/span><\/li>\n<li><span style=\"vertical-align: inherit;\"><span style=\"vertical-align: inherit;\">O elegante hardware prateado acrescenta um toque elegante e polido.<\/span><\/span><\/li>\n<li><span style=\"vertical-align: inherit;\"><span style=\"vertical-align: inherit;\">Dispon\u00edvel nos tamanhos S a 5XL, concebido para se ajustar a uma grande variedade de tipos de corpo.<\/span><\/span><\/li>\n<li><span style=\"vertical-align: inherit;\"><span style=\"vertical-align: inherit;\">Fabricado em pele de cordeiro premium, valorizada pela sua suavidade, durabilidade e conforto superiores.<\/span><\/span><\/li>\n<\/ul>\n","protected":false},"excerpt":{"rendered":"<p>Road Breed Nevada Motocicleta Couro Casaco. Casaco de couro premium para homem da Road Breed. Feita em pele de cordeiro<\/p>\n","protected":false},"featured_media":295192,"template":"","meta":[],"product_brand":[],"product_cat":[2614,2635,2615,682],"product_tag":[2695,4936,3889,3140,3627,4803],"class_list":{"0":"post-295933","1":"product","2":"type-product","3":"status-publish","4":"has-post-thumbnail","6":"product_cat-casacos-motos","7":"product_cat-jaquetas-de-couro","8":"product_cat-homens-jaquetas-de-motocicleta","9":"product_cat-motorcycle-clothing-pt-pt","10":"product_tag-chaqueta-de-cuero-pt-pt-2","11":"product_tag-homens-motocicleta-casaco","12":"product_tag-jaqueta-de-moto-pt-pt","13":"product_tag-jaqueta-de-moto","14":"product_tag-melhores-jaquetas-de-couro","15":"product_tag-motocicleta-couro-jaqueta","16":"pa_size-46-xs-pt-pt","17":"pa_size-48-s-pt-pt-3","18":"pa_size-50-m-pt-pt-2","19":"pa_size-52-l-pt-pt","20":"pa_size-54-xl-pt-pt","21":"pa_size-56-2xl-pt-pt-2","22":"pa_size-58-3xl-pt-pt-2","23":"pa_size-60-4xl-pt-pt","24":"pa_size-62-5xl-pt-pt","26":"first","27":"instock","28":"sale","29":"taxable","30":"shipping-taxable","31":"purchasable","32":"product-type-variable","33":"has-default-attributes"},"_links":{"self":[{"href":"https:\/\/primomoto.es\/pt-pt\/wp-json\/wp\/v2\/product\/295933","targetHints":{"allow":["GET"]}}],"collection":[{"href":"https:\/\/primomoto.es\/pt-pt\/wp-json\/wp\/v2\/product"}],"about":[{"href":"https:\/\/primomoto.es\/pt-pt\/wp-json\/wp\/v2\/types\/product"}],"wp:featuredmedia":[{"embeddable":true,"href":"https:\/\/primomoto.es\/pt-pt\/wp-json\/wp\/v2\/media\/295192"}],"wp:attachment":[{"href":"https:\/\/primomoto.es\/pt-pt\/wp-json\/wp\/v2\/media?parent=295933"}],"wp:term":[{"taxonomy":"product_brand","embeddable":true,"href":"https:\/\/primomoto.es\/pt-pt\/wp-json\/wp\/v2\/product_brand?post=295933"},{"taxonomy":"product_cat","embeddable":true,"href":"https:\/\/primomoto.es\/pt-pt\/wp-json\/wp\/v2\/product_cat?post=295933"},{"taxonomy":"product_tag","embeddable":true,"href":"https:\/\/primomoto.es\/pt-pt\/wp-json\/wp\/v2\/product_tag?post=295933"}],"curies":[{"name":"wp","href":"https:\/\/api.w.org\/{rel}","templated":true}]}}