{"id":295613,"date":"2025-07-19T13:07:23","date_gmt":"2025-07-22T09:31:23","guid":{"rendered":"https:\/\/primomoto.es\/road-breed-fury-motocicleta-couro-casaco-preto-laranja\/"},"modified":"2025-09-04T11:24:32","modified_gmt":"2025-09-04T11:24:32","slug":"road-breed-fury-motocicleta-couro-casaco-preto-laranja","status":"publish","type":"product","link":"https:\/\/primomoto.es\/pt-pt\/road-breed-fury-motocicleta-couro-casaco-preto-laranja\/","title":{"rendered":"Road Breed Fury Motocicleta Couro Casaco Preto\/Laranja"},"content":{"rendered":"<h1><strong>Road Breed Fury Vented Motocicleta Couro Casaco.<\/strong><\/h1>\n<p>Road Breed Premium Fury Fabricado com mestria em pele de bovino de alta qualidade com um acabamento preto intemporal, este blus\u00e3o combina o estilo cl\u00e1ssico com caracter\u00edsticas pr\u00e1ticas, tornando-o uma pe\u00e7a essencial vers\u00e1til para qualquer esta\u00e7\u00e3o.<\/p>\n<h3><strong>Recursos:<\/strong><\/h3>\n<ul>\n<li>O couro bovino dur\u00e1vel oferece um desgaste duradouro com uma apar\u00eancia refinada e sofisticada.<\/li>\n<li>A combina\u00e7\u00e3o ousada das cores preto e laranja cria uma afirma\u00e7\u00e3o forte e chamativa.<\/li>\n<li>Prote\u00e7\u00e3o aprovada pela CE nos ombros e cotovelos, al\u00e9m de uma almofada de espuma para as costas (n\u00e3o CE).<\/li>\n<li>Dois bolsos exteriores com fecho oferecem um armazenamento seguro, enquanto dois bolsos interiores ocultos oferecem acessibilidade discreta.<\/li>\n<li>As aberturas frontais e traseiras promovem o fluxo de ar para um conforto ideal durante uma utiliza\u00e7\u00e3o prolongada.<\/li>\n<li>O elegante hardware prateado acrescenta um toque moderno e cheio de estilo.<\/li>\n<li>Os pain\u00e9is laterais el\u00e1sticos garantem um ajuste flex\u00edvel e personalizado para maior conforto.<\/li>\n<li>A tubagem refletora melhora a visibilidade para maior seguran\u00e7a em condi\u00e7\u00f5es de pouca luz.<\/li>\n<li>O forro de manga comprida com fecho proporciona um conforto adapt\u00e1vel em condi\u00e7\u00f5es climat\u00e9ricas vari\u00e1veis.<\/li>\n<\/ul>\n","protected":false},"excerpt":{"rendered":"<p>Road Breed Fury Vented Motocicleta Couro Casaco. Road Breed Premium Fury Fabricado com mestria em pele de bovino de alta<\/p>\n","protected":false},"featured_media":297985,"template":"","meta":[],"product_brand":[],"product_cat":[2614,2635,2615,682],"product_tag":[2695,2690,4622,4936,3889,3140,4935,3627],"class_list":{"0":"post-295613","1":"product","2":"type-product","3":"status-publish","4":"has-post-thumbnail","6":"product_cat-casacos-motos","7":"product_cat-jaquetas-de-couro","8":"product_cat-homens-jaquetas-de-motocicleta","9":"product_cat-motorcycle-clothing-pt-pt","10":"product_tag-chaqueta-de-cuero-pt-pt-2","11":"product_tag-hombre-chaqueta-de-cuero-pt-pt","12":"product_tag-homens-jaqueta-de-motocicleta","13":"product_tag-homens-motocicleta-casaco","14":"product_tag-jaqueta-de-moto-pt-pt","15":"product_tag-jaqueta-de-moto","16":"product_tag-jaquetas","17":"product_tag-melhores-jaquetas-de-couro","18":"pa_size-46-xs-pt-pt","19":"pa_size-48-s-pt-pt-3","20":"pa_size-50-m-pt-pt-2","21":"pa_size-52-l-pt-pt","22":"pa_size-54-xl-pt-pt","23":"pa_size-56-2xl-pt-pt-2","24":"pa_size-58-3xl-pt-pt-2","25":"pa_size-60-4xl-pt-pt","26":"pa_size-62-5xl-pt-pt","28":"first","29":"instock","30":"sale","31":"taxable","32":"shipping-taxable","33":"purchasable","34":"product-type-variable","35":"has-default-attributes"},"_links":{"self":[{"href":"https:\/\/primomoto.es\/pt-pt\/wp-json\/wp\/v2\/product\/295613","targetHints":{"allow":["GET"]}}],"collection":[{"href":"https:\/\/primomoto.es\/pt-pt\/wp-json\/wp\/v2\/product"}],"about":[{"href":"https:\/\/primomoto.es\/pt-pt\/wp-json\/wp\/v2\/types\/product"}],"wp:featuredmedia":[{"embeddable":true,"href":"https:\/\/primomoto.es\/pt-pt\/wp-json\/wp\/v2\/media\/297985"}],"wp:attachment":[{"href":"https:\/\/primomoto.es\/pt-pt\/wp-json\/wp\/v2\/media?parent=295613"}],"wp:term":[{"taxonomy":"product_brand","embeddable":true,"href":"https:\/\/primomoto.es\/pt-pt\/wp-json\/wp\/v2\/product_brand?post=295613"},{"taxonomy":"product_cat","embeddable":true,"href":"https:\/\/primomoto.es\/pt-pt\/wp-json\/wp\/v2\/product_cat?post=295613"},{"taxonomy":"product_tag","embeddable":true,"href":"https:\/\/primomoto.es\/pt-pt\/wp-json\/wp\/v2\/product_tag?post=295613"}],"curies":[{"name":"wp","href":"https:\/\/api.w.org\/{rel}","templated":true}]}}