{"id":294470,"date":"2025-07-15T12:08:05","date_gmt":"2025-07-16T11:21:12","guid":{"rendered":"https:\/\/primomoto.es\/road-breed-thunder-motocicleta-couro-casaco-castanho\/"},"modified":"2025-09-10T13:23:48","modified_gmt":"2025-09-10T13:23:48","slug":"road-breed-thunder-motocicleta-couro-casaco-castanho","status":"publish","type":"product","link":"https:\/\/primomoto.es\/pt-pt\/road-breed-thunder-motocicleta-couro-casaco-castanho\/","title":{"rendered":"Road Breed Thunder Motocicleta Couro Casaco Castanho"},"content":{"rendered":"<h1><strong>Road Breed Thunder Casaco de couro para motociclista ventilado<\/strong><\/h1>\n<p>Entre no mundo do design intemporal e da durabilidade robusta com o Casaco de Motociclista Road Breed Thunder Classic. Feita para o motociclista moderno que aprecia um estilo vintage e uma prote\u00e7\u00e3o fi\u00e1vel.<\/p>\n<h3><strong>Recursos:<\/strong><\/h3>\n<ul>\n<li>Fabricado em pele premium que oferece excelente resist\u00eancia, flexibilidade e conforto.<\/li>\n<li>Um corte cl\u00e1ssico com um toque retro, misturando o estilo intemporal com a funcionalidade quotidiana.<\/li>\n<li>Costuras refor\u00e7adas garantem que o blus\u00e3o resiste aos rigores das desloca\u00e7\u00f5es urbanas e de aventuras longas.<\/li>\n<li>Prote\u00e7\u00e3o aprovada pela CE nos ombros e cotovelos, al\u00e9m de uma almofada de espuma para as costas (n\u00e3o CE).<\/li>\n<li>As aberturas com fecho na parte frontal e traseira garantem um fluxo de ar adequado e conforto durante passeios mais quentes<\/li>\n<li>V\u00e1rios bolsos com fecho mant\u00eam os seus artigos essenciais seguros e acess\u00edveis enquanto estiver na estrada.<\/li>\n<li>Ideal tanto para passeios a cavalo como para passeios casuais, resistente e elegante o suficiente para combinar com jeans ou equipamento de pilotagem completo.<\/li>\n<li>Mantenha-se confort\u00e1vel durante todo o ano com um forro t\u00e9rmico que pode ser removido em climas mais quentes.<\/li>\n<li>Fechos YKK premium usados em toda a pe\u00e7a para maior durabilidade e desempenho suave<\/li>\n<\/ul>\n<p>&nbsp;<\/p>\n","protected":false},"excerpt":{"rendered":"<p>Road Breed Thunder Casaco de couro para motociclista ventilado Entre no mundo do design intemporal e da durabilidade robusta com<\/p>\n","protected":false},"featured_media":294017,"template":"","meta":[],"product_brand":[],"product_cat":[2614,2635,2615,682],"product_tag":[2695,4622,3889,3140,4935,3627],"class_list":{"0":"post-294470","1":"product","2":"type-product","3":"status-publish","4":"has-post-thumbnail","6":"product_cat-casacos-motos","7":"product_cat-jaquetas-de-couro","8":"product_cat-homens-jaquetas-de-motocicleta","9":"product_cat-motorcycle-clothing-pt-pt","10":"product_tag-chaqueta-de-cuero-pt-pt-2","11":"product_tag-homens-jaqueta-de-motocicleta","12":"product_tag-jaqueta-de-moto-pt-pt","13":"product_tag-jaqueta-de-moto","14":"product_tag-jaquetas","15":"product_tag-melhores-jaquetas-de-couro","16":"pa_size-46-xs-pt-pt","17":"pa_size-48-s-pt-pt-3","18":"pa_size-50-m-pt-pt-2","19":"pa_size-52-l-pt-pt","20":"pa_size-54-xl-pt-pt","21":"pa_size-56-2xl-pt-pt-2","22":"pa_size-58-3xl-pt-pt-2","23":"pa_size-60-4xl-pt-pt","24":"pa_size-62-5xl-pt-pt","26":"first","27":"instock","28":"sale","29":"taxable","30":"shipping-taxable","31":"purchasable","32":"product-type-variable","33":"has-default-attributes"},"_links":{"self":[{"href":"https:\/\/primomoto.es\/pt-pt\/wp-json\/wp\/v2\/product\/294470","targetHints":{"allow":["GET"]}}],"collection":[{"href":"https:\/\/primomoto.es\/pt-pt\/wp-json\/wp\/v2\/product"}],"about":[{"href":"https:\/\/primomoto.es\/pt-pt\/wp-json\/wp\/v2\/types\/product"}],"wp:featuredmedia":[{"embeddable":true,"href":"https:\/\/primomoto.es\/pt-pt\/wp-json\/wp\/v2\/media\/294017"}],"wp:attachment":[{"href":"https:\/\/primomoto.es\/pt-pt\/wp-json\/wp\/v2\/media?parent=294470"}],"wp:term":[{"taxonomy":"product_brand","embeddable":true,"href":"https:\/\/primomoto.es\/pt-pt\/wp-json\/wp\/v2\/product_brand?post=294470"},{"taxonomy":"product_cat","embeddable":true,"href":"https:\/\/primomoto.es\/pt-pt\/wp-json\/wp\/v2\/product_cat?post=294470"},{"taxonomy":"product_tag","embeddable":true,"href":"https:\/\/primomoto.es\/pt-pt\/wp-json\/wp\/v2\/product_tag?post=294470"}],"curies":[{"name":"wp","href":"https:\/\/api.w.org\/{rel}","templated":true}]}}