{"id":292965,"date":"2025-06-13T17:05:05","date_gmt":"2025-06-13T17:55:32","guid":{"rendered":"https:\/\/primomoto.es\/foura-rush1-pc-motocicleta-couro-fato-preto-branco-fluro-amarelo\/"},"modified":"2025-10-07T13:58:12","modified_gmt":"2025-10-07T13:58:12","slug":"foura-rush1-pc-motocicleta-couro-fato-preto-branco-fluro-amarelo","status":"publish","type":"product","link":"https:\/\/primomoto.es\/pt-pt\/foura-rush1-pc-motocicleta-couro-fato-preto-branco-fluro-amarelo\/","title":{"rendered":"Foura Rush 1 PC Motocicleta Couro Fato Preto\/Branco\/Fluro-Amarelo"},"content":{"rendered":"<p><span style=\"color: #ff0000;\"><strong>Nota: os pedidos s\u00e3o enviados em 10 a 15 dias \u00fateis a partir da data da compra!!<\/strong><\/span><\/p>\n<h2><strong>Macac\u00e3o de couro para motociclista Foura Rush 1 pe\u00e7a<\/strong><\/h2>\n<p>Um fato de motociclista de uma s\u00f3 pe\u00e7a de alto desempenho, fabricado em pele integral para elevados n\u00edveis de resist\u00eancia \u00e0 abras\u00e3o e durabilidade, o Rush Racing Suit incorpora capacidades de prote\u00e7\u00e3o comprovadas em pista nos ombros e joelhos e pain\u00e9is perfurados com perfil Moto-GP para melhor aerodin\u00e2mica e conforto. Com a op\u00e7\u00e3o de upgrade para prote\u00e7\u00e3o nas costas, peito e anca com certifica\u00e7\u00e3o CE, este fato premium de uma s\u00f3 pe\u00e7a \u00e9 ideal para a condu\u00e7\u00e3o desportiva.<\/p>\n<p><strong>Materiais:<\/strong><\/p>\n<ul>\n<li>Fabricado em 100% couro leg\u00edtimo.<\/li>\n<li>Couro premium de flor integral de 1,0-1,2 mm.<\/li>\n<\/ul>\n<p><strong>Informa\u00e7\u00e3o t\u00e9cnica:<\/strong><\/p>\n<ul>\n<li>Tecido el\u00e1stico no cotovelo, virilha e joelho traseiro para proporcionar flexibilidade e conforto.<\/li>\n<li>Forro de malha fixa na barriga da perna para oferecer maior conforto.<\/li>\n<li>Protetores internos aprovados pela CE nos cotovelos, ancas e joelhos.<\/li>\n<li>Corcunda aerodin\u00e2mica.<\/li>\n<li>Linhas refletoras em ambos os bra\u00e7os para visibilidade noturna.<\/li>\n<li>Pain\u00e9is de couro el\u00e1stico nos joelhos, cintura e cavas para movimentos confort\u00e1veis \u200b\u200be flex\u00edveis.<\/li>\n<li>Neoprene nos punhos e na bainha para reduzir a espessura e proporcionar maior conforto.<\/li>\n<li>Refor\u00e7o em pele de camada dupla no cotovelo, ombro e assento.<\/li>\n<li>Velcro no painel frontal interior para facilitar a prote\u00e7\u00e3o do peito, se necess\u00e1rio.<\/li>\n<li>Acolchoamento do osso da cauda.<\/li>\n<li>Deslizadores remov\u00edveis nos joelhos.<\/li>\n<\/ul>\n<p>&nbsp;<\/p>\n<p>&nbsp;<\/p>\n","protected":false},"excerpt":{"rendered":"<p>Nota: os pedidos s\u00e3o enviados em 10 a 15 dias \u00fateis a partir da data da compra!! Macac\u00e3o de couro<\/p>\n","protected":false},"featured_media":292944,"template":"","meta":[],"product_brand":[],"product_cat":[2131,2133,2132,682],"product_tag":[4924,2135,4739,2179],"class_list":{"0":"post-292965","1":"product","2":"type-product","3":"status-publish","4":"has-post-thumbnail","6":"product_cat-fatos-de-couro","7":"product_cat-terno-masculino-1-pcs","8":"product_cat-ternos-motociclistas-masculinos","9":"product_cat-motorcycle-clothing-pt-pt","10":"product_tag-fato-de-corrida-arriba","11":"product_tag-fato-de-corrida-de-homem","12":"product_tag-melhor-motocicleta-corrida-terno","13":"product_tag-traje-de-carreras-1pc-pt-pt","14":"pa_size-46-xs-pt-pt","15":"pa_size-48-s-pt-pt","16":"pa_size-50-m-pt-pt-2","17":"pa_size-52-l-pt-pt","18":"pa_size-54-xl-pt-pt","19":"pa_size-56-2xl-pt-pt-2","20":"pa_size-58-3xl-pt-pt-2","21":"pa_size-60-4xl-pt-pt","22":"pa_size-62-5xl-pt-pt","24":"first","25":"instock","26":"sale","27":"taxable","28":"shipping-taxable","29":"purchasable","30":"product-type-variable","31":"has-default-attributes"},"_links":{"self":[{"href":"https:\/\/primomoto.es\/pt-pt\/wp-json\/wp\/v2\/product\/292965","targetHints":{"allow":["GET"]}}],"collection":[{"href":"https:\/\/primomoto.es\/pt-pt\/wp-json\/wp\/v2\/product"}],"about":[{"href":"https:\/\/primomoto.es\/pt-pt\/wp-json\/wp\/v2\/types\/product"}],"wp:featuredmedia":[{"embeddable":true,"href":"https:\/\/primomoto.es\/pt-pt\/wp-json\/wp\/v2\/media\/292944"}],"wp:attachment":[{"href":"https:\/\/primomoto.es\/pt-pt\/wp-json\/wp\/v2\/media?parent=292965"}],"wp:term":[{"taxonomy":"product_brand","embeddable":true,"href":"https:\/\/primomoto.es\/pt-pt\/wp-json\/wp\/v2\/product_brand?post=292965"},{"taxonomy":"product_cat","embeddable":true,"href":"https:\/\/primomoto.es\/pt-pt\/wp-json\/wp\/v2\/product_cat?post=292965"},{"taxonomy":"product_tag","embeddable":true,"href":"https:\/\/primomoto.es\/pt-pt\/wp-json\/wp\/v2\/product_tag?post=292965"}],"curies":[{"name":"wp","href":"https:\/\/api.w.org\/{rel}","templated":true}]}}