{"id":283335,"date":"2024-04-04T17:58:59","date_gmt":"2024-04-05T18:43:05","guid":{"rendered":"https:\/\/primomoto.es\/bela-blaze-man-motocicleta-couro-botas-preto-fluor-amarelo\/"},"modified":"2024-04-05T18:43:05","modified_gmt":"2024-04-05T18:43:05","slug":"bela-blaze-man-motocicleta-couro-botas-preto-fluor-amarelo","status":"publish","type":"product","link":"https:\/\/primomoto.es\/pt-pt\/bela-blaze-man-motocicleta-couro-botas-preto-fluor-amarelo\/","title":{"rendered":"Bela Blaze Man Motocicleta Couro Botas Preto \/ Fluor Amarelo"},"content":{"rendered":"<h2><strong>Bela Blaze Men\u2019s Motocicleta Botas <\/strong><\/h2>\n<p><strong>Descri\u00e7\u00e3o:<\/strong><\/p>\n<ul>\n<li>Design agressivo com acabamento em microfibra emborrachado para resist\u00eancia \u00e0 abras\u00e3o e durabilidade.<\/li>\n<li>Microfibra perfurada no ilh\u00f3 inferior do colar da l\u00edngua para durabilidade e apar\u00eancia din\u00e2mica<\/li>\n<li>Sistema de fecho de cadar\u00e7o com fecho de tira VELCRO\u00ae ajust\u00e1vel para um ajuste f\u00e1cil, seguro e confort\u00e1vel<\/li>\n<li>Forro imperme\u00e1vel e respir\u00e1vel<\/li>\n<li>Protetor de tornozelo TPR<\/li>\n<li>O controle deslizante lateral TPR ajuda a proteger contra abras\u00e3o<\/li>\n<li>O acolchoamento na \u00e1rea da l\u00edngua e do calcanhar proporciona altos n\u00edveis de conforto e ajuste ao redor do tornozelo e peito do p\u00e9<\/li>\n<li>Refor\u00e7o interno na biqueira e no calcanhar em camadas sob a parte superior para um design mais ergon\u00f4mico<\/li>\n<li>A sola de composto de borracha avan\u00e7ada \u00e9 moldada na parte superior para oferecer estabilidade, ader\u00eancia, suporte e proporcionar um bom conforto ao caminhar.<\/li>\n<\/ul>\n","protected":false},"excerpt":{"rendered":"<p>Bela Blaze Men\u2019s Motocicleta Botas Descri\u00e7\u00e3o: Design agressivo com acabamento em microfibra emborrachado para resist\u00eancia \u00e0 abras\u00e3o e durabilidade. Microfibra<\/p>\n","protected":false},"featured_media":283058,"template":"","meta":[],"product_brand":[],"product_cat":[2571,2581,2572,682],"product_tag":[],"class_list":{"0":"post-283335","1":"product","2":"type-product","3":"status-publish","4":"has-post-thumbnail","6":"product_cat-botas-de-motocicleta","7":"product_cat-botas-urbanas","8":"product_cat-homens-botas-de-motocicleta","9":"product_cat-motorcycle-clothing-pt-pt","10":"pa_size-39-pt-pt","11":"pa_size-40-pt-pt","12":"pa_size-41-pt-pt","13":"pa_size-42-pt-pt","14":"pa_size-43-pt-pt","15":"pa_size-44-pt-pt","16":"pa_size-45-pt-pt","17":"pa_size-46-pt-pt","18":"pa_size-47-pt-pt","19":"pa_size-48-pt-pt","21":"first","22":"outofstock","23":"sale","24":"taxable","25":"shipping-taxable","26":"purchasable","27":"product-type-variable","28":"has-default-attributes"},"_links":{"self":[{"href":"https:\/\/primomoto.es\/pt-pt\/wp-json\/wp\/v2\/product\/283335","targetHints":{"allow":["GET"]}}],"collection":[{"href":"https:\/\/primomoto.es\/pt-pt\/wp-json\/wp\/v2\/product"}],"about":[{"href":"https:\/\/primomoto.es\/pt-pt\/wp-json\/wp\/v2\/types\/product"}],"wp:featuredmedia":[{"embeddable":true,"href":"https:\/\/primomoto.es\/pt-pt\/wp-json\/wp\/v2\/media\/283058"}],"wp:attachment":[{"href":"https:\/\/primomoto.es\/pt-pt\/wp-json\/wp\/v2\/media?parent=283335"}],"wp:term":[{"taxonomy":"product_brand","embeddable":true,"href":"https:\/\/primomoto.es\/pt-pt\/wp-json\/wp\/v2\/product_brand?post=283335"},{"taxonomy":"product_cat","embeddable":true,"href":"https:\/\/primomoto.es\/pt-pt\/wp-json\/wp\/v2\/product_cat?post=283335"},{"taxonomy":"product_tag","embeddable":true,"href":"https:\/\/primomoto.es\/pt-pt\/wp-json\/wp\/v2\/product_tag?post=283335"}],"curies":[{"name":"wp","href":"https:\/\/api.w.org\/{rel}","templated":true}]}}