{"id":282331,"date":"2024-03-22T18:40:40","date_gmt":"2024-03-22T18:40:40","guid":{"rendered":"https:\/\/primomoto.es\/bela-transformer-motocicleta-passeio-jaqueta-preto-cinza-vermelho\/"},"modified":"2024-03-22T18:57:01","modified_gmt":"2024-03-22T18:57:01","slug":"bela-transformer-motocicleta-em-turne-jaqueta-preto-cinza-vermelho","status":"publish","type":"product","link":"https:\/\/primomoto.es\/pt-pt\/bela-transformer-motocicleta-em-turne-jaqueta-preto-cinza-vermelho\/","title":{"rendered":"Bela Transformer Motocicleta Passeio Jaqueta Preto\/ Cinza\/ Vermelho"},"content":{"rendered":"<h2><strong>Motocicleta Passeio Jaqueta\u2013 Bela Transformer \u00c0 prova d&#8217;\u00e1gua Jaqueta<\/strong><\/h2>\n<p><strong>Descri\u00e7\u00e3o:<\/strong><\/p>\n<ul>\n<li>Outer Shell mototex 600D with 1680D protective fabric shoulders &amp; elbows<\/li>\n<li>Removable Throat Coat<\/li>\n<li>CE armour with Hi Density foam back pad (Prepared for optional D30 CE Level 2 back protector)<\/li>\n<li>Removable waterproof liner.<\/li>\n<li>Removable Thermal Quilted liner<\/li>\n<li>Concealed chest vent panels, arm vents &amp; large rear exhaust vents<\/li>\n<li>Poly mesh comfort liner<\/li>\n<li>Hydration water bag Pocket<\/li>\n<li>Reflective printing front &amp; back for low light visibility<\/li>\n<li>Ajustadores de bra\u00e7o e cintura para ajuste ideal<\/li>\n<li>Stretch panels in Shoulder &amp; Elbow<\/li>\n<li>Multiple storage pockets + hand warmer pockets.<\/li>\n<li>Z\u00edperes expansores de cintura<\/li>\n<li>Pant connection zipper<\/li>\n<\/ul>\n","protected":false},"excerpt":{"rendered":"<p>Motocicleta Passeio Jaqueta\u2013 Bela Transformer \u00c0 prova d&#8217;\u00e1gua Jaqueta Descri\u00e7\u00e3o: Outer Shell mototex 600D with 1680D protective fabric shoulders &amp;<\/p>\n","protected":false},"featured_media":282320,"template":"","meta":[],"product_brand":[],"product_cat":[2614,2616,2615,682],"product_tag":[],"class_list":{"0":"post-282331","1":"product","2":"type-product","3":"status-publish","4":"has-post-thumbnail","6":"product_cat-casacos-motos","7":"product_cat-casacos-de-texteis","8":"product_cat-homens-jaquetas-de-motocicleta","9":"product_cat-motorcycle-clothing-pt-pt","10":"pa_size-2xl-pt-pt","11":"pa_size-3xl-pt","12":"pa_size-4xl-pt","13":"pa_size-5xl-pt","14":"pa_size-6xl-pt","15":"pa_size-7xl-pt-pt","16":"pa_size-8xl-pt-pt","17":"pa_size-m-pt-pt","18":"pa_size-s-pt-pt","19":"pa_size-xl-pt-pt","20":"pa_size-xs-pt-pt","22":"first","23":"outofstock","24":"sale","25":"taxable","26":"shipping-taxable","27":"purchasable","28":"product-type-variable","29":"has-default-attributes"},"_links":{"self":[{"href":"https:\/\/primomoto.es\/pt-pt\/wp-json\/wp\/v2\/product\/282331","targetHints":{"allow":["GET"]}}],"collection":[{"href":"https:\/\/primomoto.es\/pt-pt\/wp-json\/wp\/v2\/product"}],"about":[{"href":"https:\/\/primomoto.es\/pt-pt\/wp-json\/wp\/v2\/types\/product"}],"wp:featuredmedia":[{"embeddable":true,"href":"https:\/\/primomoto.es\/pt-pt\/wp-json\/wp\/v2\/media\/282320"}],"wp:attachment":[{"href":"https:\/\/primomoto.es\/pt-pt\/wp-json\/wp\/v2\/media?parent=282331"}],"wp:term":[{"taxonomy":"product_brand","embeddable":true,"href":"https:\/\/primomoto.es\/pt-pt\/wp-json\/wp\/v2\/product_brand?post=282331"},{"taxonomy":"product_cat","embeddable":true,"href":"https:\/\/primomoto.es\/pt-pt\/wp-json\/wp\/v2\/product_cat?post=282331"},{"taxonomy":"product_tag","embeddable":true,"href":"https:\/\/primomoto.es\/pt-pt\/wp-json\/wp\/v2\/product_tag?post=282331"}],"curies":[{"name":"wp","href":"https:\/\/api.w.org\/{rel}","templated":true}]}}