{"id":282006,"date":"2024-03-21T09:50:01","date_gmt":"2024-03-21T09:55:37","guid":{"rendered":"https:\/\/primomoto.es\/bela-turbo-track-motocicleta-corrida-botas-preto-vermelho\/"},"modified":"2024-03-21T10:08:19","modified_gmt":"2024-03-21T10:08:19","slug":"bela-turbo-track-motocicleta-corrida-botas-preto-vermelho","status":"publish","type":"product","link":"https:\/\/primomoto.es\/pt-pt\/bela-turbo-track-motocicleta-corrida-botas-preto-vermelho\/","title":{"rendered":"Bela Turbo Track Motocicleta Corrida Botas Preto\/Vermelho"},"content":{"rendered":"<h3>Bela Turbo Track Motocicleta Couro Corrida Botas<\/h3>\n<ul>\n<li>Constru\u00e7\u00e3o externa de microfibra : Dur\u00e1vel e resistente, projetado para suportar as demandas de corridas e aventuras off-road.<\/li>\n<li>3D Forro de malha de poli\u00e9ster : Melhora a respirabilidade e o conforto, mantendo os p\u00e9s frescos em situa\u00e7\u00f5es de alta press\u00e3o.<\/li>\n<li>CE Prote\u00e7\u00e3o Aprovada : Atende aos padr\u00f5es Classe 2221 IPA IPS, garantindo seguran\u00e7a e desempenho m\u00e1ximos.<\/li>\n<li>Prote\u00e7\u00e3o Abrangente : Possui protetores de tornozelo, dedo do p\u00e9 e calcanhar para maior resist\u00eancia ao impacto.<\/li>\n<li>Controle deslizante de metal e painel de mudan\u00e7a de marcha em TPU : Oferece maior durabilidade e funcionalidade, protegendo contra desgaste causado por mudan\u00e7as de marcha.<\/li>\n<li>Protetor de canela e calcanhar ventilado : Garante cobertura e conforto completos, protegendo \u00e1reas cr\u00edticas.<\/li>\n<li>3D Painel Acorde\u00e3o : Localizado nas costas e na frente para aumentar o movimento e a flexibilidade, cruciais para a agilidade durante as corridas.<\/li>\n<li>Sistema de fechamento de al\u00e7a : Fornece um ajuste seguro e confort\u00e1vel, essencial para manter a estabilidade em altas velocidades.<\/li>\n<li>Sola de borracha antiderrapante : Oferece ader\u00eancia e estabilidade excepcionais, perfeitas tanto para pistas de corrida quanto para condi\u00e7\u00f5es off-road.<\/li>\n<li>Perfeito para corridas e off-road : Combina recursos avan\u00e7ados de seguran\u00e7a com constru\u00e7\u00e3o robusta para desempenho incompar\u00e1vel em qualquer ambiente.<\/li>\n<\/ul>\n","protected":false},"excerpt":{"rendered":"<p>Bela Turbo Track Motocicleta Couro Corrida Botas Constru\u00e7\u00e3o externa de microfibra : Dur\u00e1vel e resistente, projetado para suportar as demandas<\/p>\n","protected":false},"featured_media":281981,"template":"","meta":[],"product_brand":[],"product_cat":[2571,2577,2572,682],"product_tag":[4545],"class_list":{"0":"post-282006","1":"product","2":"type-product","3":"status-publish","4":"has-post-thumbnail","6":"product_cat-botas-de-motocicleta","7":"product_cat-homens-botas-de-corrida","8":"product_cat-homens-botas-de-motocicleta","9":"product_cat-motorcycle-clothing-pt-pt","10":"product_tag-botas-de-corrida-de-moto","11":"pa_size-38-pt-pt","12":"pa_size-39-pt-pt","13":"pa_size-40-pt-pt","14":"pa_size-41-pt-pt","15":"pa_size-42-pt-pt","16":"pa_size-43-pt-pt","17":"pa_size-44-pt-pt","18":"pa_size-45-pt-pt","19":"pa_size-46-pt-pt","20":"pa_size-47-pt-pt","21":"pa_size-48-pt-pt","23":"first","24":"outofstock","25":"sale","26":"taxable","27":"shipping-taxable","28":"purchasable","29":"product-type-variable","30":"has-default-attributes"},"_links":{"self":[{"href":"https:\/\/primomoto.es\/pt-pt\/wp-json\/wp\/v2\/product\/282006","targetHints":{"allow":["GET"]}}],"collection":[{"href":"https:\/\/primomoto.es\/pt-pt\/wp-json\/wp\/v2\/product"}],"about":[{"href":"https:\/\/primomoto.es\/pt-pt\/wp-json\/wp\/v2\/types\/product"}],"wp:featuredmedia":[{"embeddable":true,"href":"https:\/\/primomoto.es\/pt-pt\/wp-json\/wp\/v2\/media\/281981"}],"wp:attachment":[{"href":"https:\/\/primomoto.es\/pt-pt\/wp-json\/wp\/v2\/media?parent=282006"}],"wp:term":[{"taxonomy":"product_brand","embeddable":true,"href":"https:\/\/primomoto.es\/pt-pt\/wp-json\/wp\/v2\/product_brand?post=282006"},{"taxonomy":"product_cat","embeddable":true,"href":"https:\/\/primomoto.es\/pt-pt\/wp-json\/wp\/v2\/product_cat?post=282006"},{"taxonomy":"product_tag","embeddable":true,"href":"https:\/\/primomoto.es\/pt-pt\/wp-json\/wp\/v2\/product_tag?post=282006"}],"curies":[{"name":"wp","href":"https:\/\/api.w.org\/{rel}","templated":true}]}}