{"id":281822,"date":"2024-03-20T18:18:44","date_gmt":"2024-03-20T18:49:58","guid":{"rendered":"https:\/\/primomoto.es\/shua-super-tech-motocicleta-corrida-botas-preto-amarelo\/"},"modified":"2024-03-20T18:49:58","modified_gmt":"2024-03-20T18:49:58","slug":"shua-super-tech-motocicleta-corrida-botas-preto-amarelo","status":"publish","type":"product","link":"https:\/\/primomoto.es\/pt-pt\/shua-super-tech-motocicleta-corrida-botas-preto-amarelo\/","title":{"rendered":"Shua Super Tech Motocicleta Corrida Botas Preto\/Amarelo"},"content":{"rendered":"<h2>Motocicleta Corrida Botas \u2013 Shua Super Tech Botas<\/h2>\n<p>A bota S\ufe0fHUA Super-Tech \u00e9 constru\u00edda Constru\u00e7\u00e3o superior em microfibra dur\u00e1vel e t\u00e9cnica que oferece n\u00edveis excelentes de flexibilidade Rexin acorde\u00e3o zonas flex\u00edveis dianteiras e colar de microfibra para conforto e manobrabilidade superiores.<\/p>\n<ul>\n<li>Tr\u00eas tiras ajust\u00e1veis de fechamento da marca VELCRO\u00ae para fechamento seguro e ajuste<\/li>\n<li>Dual density ankle cups are backed with foam padding for protection and comfort on both sides<\/li>\n<li>I\ufe0fnner collar lining is comfortable and durable<\/li>\n<li>Internal heel and toe counters for enhanced structural integrity<\/li>\n<li>Shua\u2019 exclusive vulcanised rubber compound sole with unique side wrapping design<\/li>\n<li>Injected high-modulus poly-amide mid-sole follows the shape of the foot and features a structured shank reinforcement<\/li>\n<li>External TPU shin protection wraps around to outer calf and is engineered to spread and dissipate impact energy across the entire surface while remaining compact<\/li>\n<li>Strategically positioned ventilation in heel and shin TPU<\/li>\n<\/ul>\n","protected":false},"excerpt":{"rendered":"<p>Motocicleta Corrida Botas \u2013 Shua Super Tech Botas A bota S\ufe0fHUA Super-Tech \u00e9 constru\u00edda Constru\u00e7\u00e3o superior em microfibra dur\u00e1vel e<\/p>\n","protected":false},"featured_media":281728,"template":"","meta":[],"product_brand":[],"product_cat":[2571,2577,2572,682],"product_tag":[],"class_list":{"0":"post-281822","1":"product","2":"type-product","3":"status-publish","4":"has-post-thumbnail","6":"product_cat-botas-de-motocicleta","7":"product_cat-homens-botas-de-corrida","8":"product_cat-homens-botas-de-motocicleta","9":"product_cat-motorcycle-clothing-pt-pt","10":"pa_size-39-pt-pt","11":"pa_size-40-pt-pt","12":"pa_size-41-pt-pt","13":"pa_size-42-pt-pt","14":"pa_size-43-pt-pt","15":"pa_size-44-pt-pt","16":"pa_size-45-pt-pt","17":"pa_size-46-pt-pt","18":"pa_size-47-pt-pt","19":"pa_size-48-pt-pt","21":"first","22":"outofstock","23":"sale","24":"taxable","25":"shipping-taxable","26":"purchasable","27":"product-type-variable","28":"has-default-attributes"},"_links":{"self":[{"href":"https:\/\/primomoto.es\/pt-pt\/wp-json\/wp\/v2\/product\/281822","targetHints":{"allow":["GET"]}}],"collection":[{"href":"https:\/\/primomoto.es\/pt-pt\/wp-json\/wp\/v2\/product"}],"about":[{"href":"https:\/\/primomoto.es\/pt-pt\/wp-json\/wp\/v2\/types\/product"}],"wp:featuredmedia":[{"embeddable":true,"href":"https:\/\/primomoto.es\/pt-pt\/wp-json\/wp\/v2\/media\/281728"}],"wp:attachment":[{"href":"https:\/\/primomoto.es\/pt-pt\/wp-json\/wp\/v2\/media?parent=281822"}],"wp:term":[{"taxonomy":"product_brand","embeddable":true,"href":"https:\/\/primomoto.es\/pt-pt\/wp-json\/wp\/v2\/product_brand?post=281822"},{"taxonomy":"product_cat","embeddable":true,"href":"https:\/\/primomoto.es\/pt-pt\/wp-json\/wp\/v2\/product_cat?post=281822"},{"taxonomy":"product_tag","embeddable":true,"href":"https:\/\/primomoto.es\/pt-pt\/wp-json\/wp\/v2\/product_tag?post=281822"}],"curies":[{"name":"wp","href":"https:\/\/api.w.org\/{rel}","templated":true}]}}