{"id":281005,"date":"2024-03-18T08:00:17","date_gmt":"2024-03-18T08:00:17","guid":{"rendered":"https:\/\/primomoto.es\/bela-hurricane-wp-lady-textil-jaqueta-black-fucsia\/"},"modified":"2024-03-18T10:07:23","modified_gmt":"2024-03-18T10:07:23","slug":"bela-hurricane-wp-lady-textil-jaqueta-preto-fucsia","status":"publish","type":"product","link":"https:\/\/primomoto.es\/pt-pt\/bela-hurricane-wp-lady-textil-jaqueta-preto-fucsia\/","title":{"rendered":"Bela Hurricane WP Lady T\u00eaxtil Jaqueta Black \/ F\u00facsia"},"content":{"rendered":"<h2><strong><span style=\"vertical-align: inherit;\">Bela Hurricane Senhora<\/span><\/strong> <strong><span style=\"vertical-align: inherit;\">\u00c0 prova d&#8217;\u00e1gua motocicleta jaqueta para mulheres.<\/span><\/strong><\/h2>\n<p><strong><span style=\"vertical-align: inherit;\">Descri\u00e7\u00e3o:<\/span><\/strong><\/p>\n<ul>\n<li><strong><span style=\"vertical-align: inherit;\">Outer material:<\/span><\/strong><span style=\"vertical-align: inherit;\"> 600D nylon<\/span><\/li>\n<li><span style=\"vertical-align: inherit;\">Shoulder and elbow reinforcements: 1680D polyester<\/span><\/li>\n<li><strong><span style=\"vertical-align: inherit;\">Lining:<\/span><\/strong><span style=\"vertical-align: inherit;\"> 100% polyester.<\/span><\/li>\n<li><span style=\"vertical-align: inherit;\">Forro imperme\u00e1vel remov\u00edvel<\/span><\/li>\n<li><span style=\"vertical-align: inherit;\">Forro t\u00e9rmico remov\u00edvel<\/span><\/li>\n<li><span style=\"vertical-align: inherit;\">Protetores de ombro e cotovelo certificados pela CE<\/span><\/li>\n<li><strong><span style=\"vertical-align: inherit;\">Fechamento principal:<\/span><\/strong> <span style=\"vertical-align: inherit;\">Z\u00edper da marca Vislon e al\u00e7as com bot\u00f5es de metal.<\/span><\/li>\n<li><strong><span style=\"vertical-align: inherit;\">Sistema de ventila\u00e7\u00e3o:<\/span><\/strong> <span style=\"vertical-align: inherit;\">duas aberturas frontais com z\u00edper,<\/span><\/li>\n<li><span style=\"vertical-align: inherit;\">Duas aberturas traseiras com z\u00edper nos ombros,<\/span><\/li>\n<li><span style=\"vertical-align: inherit;\">Duas aberturas nas mangas.<\/span><\/li>\n<li><span style=\"vertical-align: inherit;\">Aberturas com z\u00edper para ventila\u00e7\u00e3o sob os bolsos no peito.<\/span><\/li>\n<li><span style=\"vertical-align: inherit;\">Quatro bolsos externos na frente, fechados com fecho de press\u00e3o e velcro<\/span><\/li>\n<li><span style=\"vertical-align: inherit;\">Um grande bolso exterior nas costas.<\/span><\/li>\n<li><span style=\"vertical-align: inherit;\">Removable sleeves.<\/span><\/li>\n<li><strong><span style=\"vertical-align: inherit;\">Ajuste da manga:<\/span><\/strong> <span style=\"vertical-align: inherit;\">duas tiras de velcro<\/span><\/li>\n<li><strong><span style=\"vertical-align: inherit;\">Ajuste do manguito-<\/span><\/strong> <span style=\"vertical-align: inherit;\">Cinta de velcro<\/span><\/li>\n<li><strong><span style=\"vertical-align: inherit;\">Ajuste de cintura-<\/span><\/strong> <span style=\"vertical-align: inherit;\">Cinta de velcro<\/span><\/li>\n<li><span style=\"vertical-align: inherit;\">Acabamento suave no pesco\u00e7o<\/span><\/li>\n<li><span style=\"vertical-align: inherit;\">Elementos reflexivos para visibilidade noturna.<\/span><\/li>\n<li><span style=\"vertical-align: inherit;\">Sistema de transporte de bolsas de \u00e1gua<\/span><\/li>\n<li><span style=\"vertical-align: inherit;\">Z\u00edper para apertar com cal\u00e7as.<\/span><\/li>\n<\/ul>\n","protected":false},"excerpt":{"rendered":"<p>Bela Hurricane Senhora \u00c0 prova d&#8217;\u00e1gua motocicleta jaqueta para mulheres. Descri\u00e7\u00e3o: Outer material: 600D nylon Shoulder and elbow reinforcements: 1680D<\/p>\n","protected":false},"featured_media":280975,"template":"","meta":[],"product_brand":[],"product_cat":[2614,2628,2627,682],"product_tag":[4838],"class_list":{"0":"post-281005","1":"product","2":"type-product","3":"status-publish","4":"has-post-thumbnail","6":"product_cat-casacos-motos","7":"product_cat-casacos-de-texteis-mulher","8":"product_cat-mulheres-jaqueta-de-motocicleta","9":"product_cat-motorcycle-clothing-pt-pt","10":"product_tag-senhoras-jaquetas","11":"pa_size-2xl-pt-pt","12":"pa_size-2xs-pt-pt","13":"pa_size-3xl-pt","14":"pa_size-4xl-pt","15":"pa_size-5xl-pt","16":"pa_size-l-pt-pt","17":"pa_size-m-pt-pt","18":"pa_size-s-pt-pt","19":"pa_size-xl-pt-pt","20":"pa_size-xs-pt-pt","22":"first","23":"outofstock","24":"sale","25":"taxable","26":"shipping-taxable","27":"purchasable","28":"product-type-variable","29":"has-default-attributes"},"_links":{"self":[{"href":"https:\/\/primomoto.es\/pt-pt\/wp-json\/wp\/v2\/product\/281005","targetHints":{"allow":["GET"]}}],"collection":[{"href":"https:\/\/primomoto.es\/pt-pt\/wp-json\/wp\/v2\/product"}],"about":[{"href":"https:\/\/primomoto.es\/pt-pt\/wp-json\/wp\/v2\/types\/product"}],"wp:featuredmedia":[{"embeddable":true,"href":"https:\/\/primomoto.es\/pt-pt\/wp-json\/wp\/v2\/media\/280975"}],"wp:attachment":[{"href":"https:\/\/primomoto.es\/pt-pt\/wp-json\/wp\/v2\/media?parent=281005"}],"wp:term":[{"taxonomy":"product_brand","embeddable":true,"href":"https:\/\/primomoto.es\/pt-pt\/wp-json\/wp\/v2\/product_brand?post=281005"},{"taxonomy":"product_cat","embeddable":true,"href":"https:\/\/primomoto.es\/pt-pt\/wp-json\/wp\/v2\/product_cat?post=281005"},{"taxonomy":"product_tag","embeddable":true,"href":"https:\/\/primomoto.es\/pt-pt\/wp-json\/wp\/v2\/product_tag?post=281005"}],"curies":[{"name":"wp","href":"https:\/\/api.w.org\/{rel}","templated":true}]}}