{"id":280098,"date":"2024-03-12T09:32:03","date_gmt":"2024-03-12T09:32:03","guid":{"rendered":"https:\/\/primomoto.es\/bela-bradley-motocicleta-textil-jaqueta-limited-edition-preto-laranja\/"},"modified":"2024-03-12T11:08:36","modified_gmt":"2024-03-12T11:08:36","slug":"bela-bradley-motocicleta-textil-jaqueta-limited-edition-preto-laranja","status":"publish","type":"product","link":"https:\/\/primomoto.es\/pt-pt\/bela-bradley-motocicleta-textil-jaqueta-limited-edition-preto-laranja\/","title":{"rendered":"Bela Bradley Motocicleta T\u00eaxtil Jaqueta Limited Edition Preto \/ Laranja"},"content":{"rendered":"<h2><strong>Bela Bradley Men&#8217;s Motocicleta Jaqueta<\/strong><\/h2>\n<p>Bela Bradley \u00e9 uma jaqueta que todos os motociclistas adoram. \u00c9 fabricado especialmente para conforto em viagens longas ou curtas. Garantindo sempre uma boa seguran\u00e7a ao motociclista.<\/p>\n<p>Possui uma capa de poli\u00e9ster que n\u00e3o s\u00f3 mant\u00e9m a frescura. Tamb\u00e9m pode proteg\u00ea-lo para tornar seu passeio de motocicleta muito mais agrad\u00e1vel.<\/p>\n<p><strong>Informa\u00e7\u00e3o t\u00e9cnica:<\/strong><\/p>\n<ul>\n<li>Cobertura externa em poli\u00e9ster.<\/li>\n<li>Forro interno em malha com fixa\u00e7\u00e3o macia.<\/li>\n<li>Protetores remov\u00edveis de acordo com os regulamentos CE nos ombros e cotovelos.<\/li>\n<li>Forro remov\u00edvel em poli\u00e9ster com bolso interno para celular e documentos.<\/li>\n<li>Tecido agrad\u00e1vel e macio ao toque no pesco\u00e7o.<\/li>\n<li>Dois bolsos para aquecer as m\u00e3os.<\/li>\n<li>Acolchoamento na zona dos ombros e punhos.<\/li>\n<li>Protetores de ombros, cotovelos e costas.<\/li>\n<li>Elementos reflexivos para visibilidade noturna.<\/li>\n<li>Punho com fecho de velcro.<\/li>\n<\/ul>\n","protected":false},"excerpt":{"rendered":"<p>Bela Bradley Men&#8217;s Motocicleta Jaqueta Bela Bradley \u00e9 uma jaqueta que todos os motociclistas adoram. \u00c9 fabricado especialmente para conforto<\/p>\n","protected":false},"featured_media":280044,"template":"","meta":[],"product_brand":[],"product_cat":[2614,2616,2615,682],"product_tag":[],"class_list":{"0":"post-280098","1":"product","2":"type-product","3":"status-publish","4":"has-post-thumbnail","6":"product_cat-casacos-motos","7":"product_cat-casacos-de-texteis","8":"product_cat-homens-jaquetas-de-motocicleta","9":"product_cat-motorcycle-clothing-pt-pt","10":"pa_size-2xl-pt-pt","11":"pa_size-3xl-pt","12":"pa_size-4xl-pt","13":"pa_size-l-pt-pt","14":"pa_size-m-pt-pt","15":"pa_size-s-pt-pt","16":"pa_size-xl-pt-pt","18":"first","19":"outofstock","20":"sale","21":"taxable","22":"shipping-taxable","23":"purchasable","24":"product-type-variable","25":"has-default-attributes"},"_links":{"self":[{"href":"https:\/\/primomoto.es\/pt-pt\/wp-json\/wp\/v2\/product\/280098","targetHints":{"allow":["GET"]}}],"collection":[{"href":"https:\/\/primomoto.es\/pt-pt\/wp-json\/wp\/v2\/product"}],"about":[{"href":"https:\/\/primomoto.es\/pt-pt\/wp-json\/wp\/v2\/types\/product"}],"wp:featuredmedia":[{"embeddable":true,"href":"https:\/\/primomoto.es\/pt-pt\/wp-json\/wp\/v2\/media\/280044"}],"wp:attachment":[{"href":"https:\/\/primomoto.es\/pt-pt\/wp-json\/wp\/v2\/media?parent=280098"}],"wp:term":[{"taxonomy":"product_brand","embeddable":true,"href":"https:\/\/primomoto.es\/pt-pt\/wp-json\/wp\/v2\/product_brand?post=280098"},{"taxonomy":"product_cat","embeddable":true,"href":"https:\/\/primomoto.es\/pt-pt\/wp-json\/wp\/v2\/product_cat?post=280098"},{"taxonomy":"product_tag","embeddable":true,"href":"https:\/\/primomoto.es\/pt-pt\/wp-json\/wp\/v2\/product_tag?post=280098"}],"curies":[{"name":"wp","href":"https:\/\/api.w.org\/{rel}","templated":true}]}}