{"id":279928,"date":"2024-02-27T12:11:33","date_gmt":"2024-02-27T12:11:33","guid":{"rendered":"https:\/\/primomoto.es\/shua-infinity-motocicleta-corrida-terno-2pc-preto-verde\/"},"modified":"2024-02-28T09:41:50","modified_gmt":"2024-02-28T09:41:50","slug":"shua-infinity-motocicleta-corrida-tern-2-pc-preto-verde","status":"publish","type":"product","link":"https:\/\/primomoto.es\/pt-pt\/shua-infinity-motocicleta-corrida-tern-2-pc-preto-verde\/","title":{"rendered":"Shua Infinity Motocicleta Corrida Terno 2PC Preto \/ Verde"},"content":{"rendered":"<h2>Traje de corrida de motocicleta Shua Infinity 2PC<\/h2>\n<p><strong>Material:<\/strong><\/p>\n<ul>\n<li>Feito de couro 100% verdadeiro<\/li>\n<li>Couro premium full-grain de 1,0-1,2 mm<\/li>\n<\/ul>\n<p><strong>Informa\u00e7\u00e3o t\u00e9cnica:<\/strong><\/p>\n<ul>\n<li>Tecido el\u00e1stico no cotovelo, virilha, joelho de tr\u00e1s para fornecer flexibilidade e conforto<\/li>\n<li>Forro de malha fixa na panturrilha para oferecer melhor conforto<\/li>\n<li>Protetores internos aprovados pela CE nos cotovelos, quadris e joelhos<\/li>\n<li>Corcunda aerodin\u00e2mica<\/li>\n<li>Pain\u00e9is de couro el\u00e1stico nos joelhos, cintura traseira, cava traseira para movimento confort\u00e1vel e flex\u00edvel<\/li>\n<li>Neoprene no punho e na bainha para reduzir a espessura e dar maior conforto<\/li>\n<li>Double layer leather reinforcement at elbow, shoulder and seat<\/li>\n<li>Velcro dentro do painel frontal para fornecer um protetor de t\u00f3rax, se necess\u00e1rio<\/li>\n<li>Tail bone padding<\/li>\n<li>Deslizadores de joelho remov\u00edveis<\/li>\n<\/ul>\n","protected":false},"excerpt":{"rendered":"<p>Traje de corrida de motocicleta Shua Infinity 2PC Material: Feito de couro 100% verdadeiro Couro premium full-grain de 1,0-1,2 mm<\/p>\n","protected":false},"featured_media":279908,"template":"","meta":[],"product_brand":[],"product_cat":[2131,2132,2143,3270,682],"product_tag":[4832],"class_list":{"0":"post-279928","1":"product","2":"type-product","3":"status-publish","4":"has-post-thumbnail","6":"product_cat-fatos-de-couro","7":"product_cat-ternos-motociclistas-masculinos","8":"product_cat-terno-masculino-com-2-pecas","9":"product_cat-corrida","10":"product_cat-motorcycle-clothing-pt-pt","11":"product_tag-motocicleta-se-adequa","12":"pa_size-46-xs-pt-pt","13":"pa_size-48-s-pt-pt","14":"pa_size-50-m-pt-pt-2","15":"pa_size-52-l-pt-pt","16":"pa_size-54-xl-pt-pt-2","17":"pa_size-56-2xl-pt-pt","18":"pa_size-58-3xl-pt-pt","19":"pa_size-60-4xl-pt-pt","20":"pa_size-62-5xl-pt-pt-2","21":"pa_size-64-6xl-pt-pt","23":"first","24":"outofstock","25":"sale","26":"taxable","27":"shipping-taxable","28":"purchasable","29":"product-type-variable","30":"has-default-attributes"},"_links":{"self":[{"href":"https:\/\/primomoto.es\/pt-pt\/wp-json\/wp\/v2\/product\/279928","targetHints":{"allow":["GET"]}}],"collection":[{"href":"https:\/\/primomoto.es\/pt-pt\/wp-json\/wp\/v2\/product"}],"about":[{"href":"https:\/\/primomoto.es\/pt-pt\/wp-json\/wp\/v2\/types\/product"}],"wp:featuredmedia":[{"embeddable":true,"href":"https:\/\/primomoto.es\/pt-pt\/wp-json\/wp\/v2\/media\/279908"}],"wp:attachment":[{"href":"https:\/\/primomoto.es\/pt-pt\/wp-json\/wp\/v2\/media?parent=279928"}],"wp:term":[{"taxonomy":"product_brand","embeddable":true,"href":"https:\/\/primomoto.es\/pt-pt\/wp-json\/wp\/v2\/product_brand?post=279928"},{"taxonomy":"product_cat","embeddable":true,"href":"https:\/\/primomoto.es\/pt-pt\/wp-json\/wp\/v2\/product_cat?post=279928"},{"taxonomy":"product_tag","embeddable":true,"href":"https:\/\/primomoto.es\/pt-pt\/wp-json\/wp\/v2\/product_tag?post=279928"}],"curies":[{"name":"wp","href":"https:\/\/api.w.org\/{rel}","templated":true}]}}