{"id":279866,"date":"2024-02-27T11:20:17","date_gmt":"2024-02-27T11:20:17","guid":{"rendered":"https:\/\/primomoto.es\/shua-infinity-motocicleta-corrida-terno-1pc-preto-vermelho\/"},"modified":"2024-02-28T09:54:06","modified_gmt":"2024-02-28T09:54:06","slug":"shua-infinity-motocicleta-corrida-terno-1-pc-preto-vermelho","status":"publish","type":"product","link":"https:\/\/primomoto.es\/pt-pt\/shua-infinity-motocicleta-corrida-terno-1-pc-preto-vermelho\/","title":{"rendered":"Shua Infinity Motocicleta Corrida Terno 1PC Preto\/Vermelho"},"content":{"rendered":"<h2><strong><span style=\"vertical-align: inherit;\"><span style=\"vertical-align: inherit;\">Shua Infinity terno de couro de motocicleta de uma pe\u00e7a <\/span><\/span><\/strong><\/h2>\n<p><strong><span style=\"vertical-align: inherit;\"><span style=\"vertical-align: inherit;\">Materiais:<\/span><\/span><\/strong><\/p>\n<ul>\n<li><span style=\"vertical-align: inherit;\"><span style=\"vertical-align: inherit;\">Feito de couro 100% verdadeiro<\/span><\/span><\/li>\n<li><span style=\"vertical-align: inherit;\"><span style=\"vertical-align: inherit;\">Couro premium full-grain de 1,0-1,2 mm<\/span><\/span><\/li>\n<\/ul>\n<p><strong><span style=\"vertical-align: inherit;\"><span style=\"vertical-align: inherit;\">Informa\u00e7\u00e3o t\u00e9cnica:<\/span><\/span><\/strong><\/p>\n<ul>\n<li><span style=\"vertical-align: inherit;\"><span style=\"vertical-align: inherit;\">Tecido el\u00e1stico no cotovelo, virilha, joelho de tr\u00e1s para fornecer flexibilidade e conforto<\/span><\/span><\/li>\n<li><span style=\"vertical-align: inherit;\"><span style=\"vertical-align: inherit;\">Forro de malha fixa na panturrilha para oferecer melhor conforto<\/span><\/span><\/li>\n<li><span style=\"vertical-align: inherit;\"><span style=\"vertical-align: inherit;\">Protetores internos aprovados pela CE nos cotovelos, quadris e joelhos<\/span><\/span><\/li>\n<li><span style=\"vertical-align: inherit;\"><span style=\"vertical-align: inherit;\">Corcunda aerodin\u00e2mica<\/span><\/span><\/li>\n<li><span style=\"vertical-align: inherit;\"><span style=\"vertical-align: inherit;\">Pain\u00e9is de couro el\u00e1stico nos joelhos, cintura traseira, cava traseira para movimento confort\u00e1vel e flex\u00edvel<\/span><\/span><\/li>\n<li><span style=\"vertical-align: inherit;\"><span style=\"vertical-align: inherit;\">Neoprene no punho e na bainha para reduzir a espessura e dar maior conforto<\/span><\/span><\/li>\n<li><span style=\"vertical-align: inherit;\"><span style=\"vertical-align: inherit;\">Double layer leather reinforcement at elbow, shoulder and seat<\/span><\/span><\/li>\n<li><span style=\"vertical-align: inherit;\"><span style=\"vertical-align: inherit;\">Velcro dentro do painel frontal para facilitar um protetor de t\u00f3rax, se necess\u00e1rio<\/span><\/span><\/li>\n<li><span style=\"vertical-align: inherit;\"><span style=\"vertical-align: inherit;\">Tail bone padding<\/span><\/span><\/li>\n<li><span style=\"vertical-align: inherit;\"><span style=\"vertical-align: inherit;\">Deslizadores de joelho remov\u00edveis<\/span><\/span><\/li>\n<\/ul>\n","protected":false},"excerpt":{"rendered":"<div class=\"woocommerce-product-details__short-description\">\n<p><span style=\"vertical-align: inherit;\"><span style=\"vertical-align: inherit;\">Shua Infinity Motorcycle suit is made of 100% real leather. <\/span><span style=\"vertical-align: inherit;\">For better comfort it has fixed mesh lining. <\/span><span style=\"vertical-align: inherit;\">CE Approved Protectors make it one of the best protective racing suit.<\/span><\/span><\/p>\n<\/div>\n","protected":false},"featured_media":279785,"template":"","meta":[],"product_brand":[],"product_cat":[2131,2133,2132,3270,682],"product_tag":[4832],"class_list":{"0":"post-279866","1":"product","2":"type-product","3":"status-publish","4":"has-post-thumbnail","6":"product_cat-fatos-de-couro","7":"product_cat-terno-masculino-1-pcs","8":"product_cat-ternos-motociclistas-masculinos","9":"product_cat-corrida","10":"product_cat-motorcycle-clothing-pt-pt","11":"product_tag-motocicleta-se-adequa","12":"pa_size-46-xs-pt-pt","13":"pa_size-48-s-pt-pt","14":"pa_size-50-m-pt-pt-2","15":"pa_size-52-l-pt-pt","16":"pa_size-54-xl-pt-pt","17":"pa_size-56-2xl-pt-pt-2","18":"pa_size-58-3xl-pt-pt-2","19":"pa_size-60-4xl-pt-pt","20":"pa_size-62-5xl-pt-pt","21":"pa_size-64-6xl-pt-pt","22":"pa_size-66-7xl-pt-pt","23":"pa_size-68-8xl-pt-pt","25":"first","26":"outofstock","27":"sale","28":"taxable","29":"shipping-taxable","30":"purchasable","31":"product-type-variable","32":"has-default-attributes"},"_links":{"self":[{"href":"https:\/\/primomoto.es\/pt-pt\/wp-json\/wp\/v2\/product\/279866","targetHints":{"allow":["GET"]}}],"collection":[{"href":"https:\/\/primomoto.es\/pt-pt\/wp-json\/wp\/v2\/product"}],"about":[{"href":"https:\/\/primomoto.es\/pt-pt\/wp-json\/wp\/v2\/types\/product"}],"wp:featuredmedia":[{"embeddable":true,"href":"https:\/\/primomoto.es\/pt-pt\/wp-json\/wp\/v2\/media\/279785"}],"wp:attachment":[{"href":"https:\/\/primomoto.es\/pt-pt\/wp-json\/wp\/v2\/media?parent=279866"}],"wp:term":[{"taxonomy":"product_brand","embeddable":true,"href":"https:\/\/primomoto.es\/pt-pt\/wp-json\/wp\/v2\/product_brand?post=279866"},{"taxonomy":"product_cat","embeddable":true,"href":"https:\/\/primomoto.es\/pt-pt\/wp-json\/wp\/v2\/product_cat?post=279866"},{"taxonomy":"product_tag","embeddable":true,"href":"https:\/\/primomoto.es\/pt-pt\/wp-json\/wp\/v2\/product_tag?post=279866"}],"curies":[{"name":"wp","href":"https:\/\/api.w.org\/{rel}","templated":true}]}}