{"id":279478,"date":"2024-01-30T09:05:42","date_gmt":"2024-01-30T09:05:42","guid":{"rendered":"https:\/\/primomoto.es\/bela-elanur-lady-jaqueta-preto-turques\/"},"modified":"2024-01-30T09:29:34","modified_gmt":"2024-01-30T09:29:34","slug":"bela-elanur-lady-jaqueta-preto-turques","status":"publish","type":"product","link":"https:\/\/primomoto.es\/pt-pt\/bela-elanur-lady-jaqueta-preto-turques\/","title":{"rendered":"Bela Elanur Lady Jaqueta Preto\/Turqu\u00eas"},"content":{"rendered":"<h2><strong><span style=\"vertical-align: inherit;\">Jaqueta de motocicleta para senhora &#8211; Bela Elanur Jaqueta de senhora<\/span><\/strong><\/h2>\n<p><strong><span style=\"vertical-align: inherit;\">Descri\u00e7\u00e3o:<\/span><\/strong><\/p>\n<ul>\n<li><span style=\"vertical-align: inherit;\">500D Hi Density Polyester fabric<\/span><\/li>\n<li><span style=\"vertical-align: inherit;\">Tecido agrad\u00e1vel e macio na gola<\/span><\/li>\n<li><span style=\"vertical-align: inherit;\">Inside polyester mesh lining inserts<\/span><\/li>\n<li><span style=\"vertical-align: inherit;\">Removable thermal liner<\/span><\/li>\n<li><span style=\"vertical-align: inherit;\">Removable composite protectors<\/span><\/li>\n<li><span style=\"vertical-align: inherit;\">Preenchendo na \u00e1rea do ombro e punho<\/span><\/li>\n<li><span style=\"vertical-align: inherit;\">Punho com fecho de velcro<\/span><\/li>\n<li><span style=\"vertical-align: inherit;\">Bolsos de aquecimento de duas m\u00e3os<\/span><\/li>\n<li><span style=\"vertical-align: inherit;\">Elementos reflexivos para visibilidade noturna<\/span><\/li>\n<li><span style=\"vertical-align: inherit;\">ZIPPER: MAX branded best quality zippers.<\/span><\/li>\n<\/ul>\n","protected":false},"excerpt":{"rendered":"<p>Jaqueta de motocicleta para senhora &#8211; Bela Elanur Jaqueta de senhora Descri\u00e7\u00e3o: 500D Hi Density Polyester fabric Tecido agrad\u00e1vel e<\/p>\n","protected":false},"featured_media":279412,"template":"","meta":[],"product_brand":[],"product_cat":[2614,2628,2627,682],"product_tag":[],"class_list":{"0":"post-279478","1":"product","2":"type-product","3":"status-publish","4":"has-post-thumbnail","6":"product_cat-casacos-motos","7":"product_cat-casacos-de-texteis-mulher","8":"product_cat-mulheres-jaqueta-de-motocicleta","9":"product_cat-motorcycle-clothing-pt-pt","10":"pa_size-2xl-pt-pt","11":"pa_size-2xs-pt-pt","12":"pa_size-3xl-pt","13":"pa_size-l-pt-pt","14":"pa_size-m-pt-pt","15":"pa_size-s-pt-pt","16":"pa_size-xl-pt-pt","17":"pa_size-xs-pt-pt","19":"first","20":"outofstock","21":"sale","22":"taxable","23":"shipping-taxable","24":"purchasable","25":"product-type-variable","26":"has-default-attributes"},"_links":{"self":[{"href":"https:\/\/primomoto.es\/pt-pt\/wp-json\/wp\/v2\/product\/279478","targetHints":{"allow":["GET"]}}],"collection":[{"href":"https:\/\/primomoto.es\/pt-pt\/wp-json\/wp\/v2\/product"}],"about":[{"href":"https:\/\/primomoto.es\/pt-pt\/wp-json\/wp\/v2\/types\/product"}],"wp:featuredmedia":[{"embeddable":true,"href":"https:\/\/primomoto.es\/pt-pt\/wp-json\/wp\/v2\/media\/279412"}],"wp:attachment":[{"href":"https:\/\/primomoto.es\/pt-pt\/wp-json\/wp\/v2\/media?parent=279478"}],"wp:term":[{"taxonomy":"product_brand","embeddable":true,"href":"https:\/\/primomoto.es\/pt-pt\/wp-json\/wp\/v2\/product_brand?post=279478"},{"taxonomy":"product_cat","embeddable":true,"href":"https:\/\/primomoto.es\/pt-pt\/wp-json\/wp\/v2\/product_cat?post=279478"},{"taxonomy":"product_tag","embeddable":true,"href":"https:\/\/primomoto.es\/pt-pt\/wp-json\/wp\/v2\/product_tag?post=279478"}],"curies":[{"name":"wp","href":"https:\/\/api.w.org\/{rel}","templated":true}]}}