{"id":279217,"date":"2024-01-18T09:46:43","date_gmt":"2024-01-18T09:46:43","guid":{"rendered":"https:\/\/primomoto.es\/r-tech-marshal-ladies-motocicleta-jaqueta-preto-turquesa\/"},"modified":"2024-01-18T10:13:43","modified_gmt":"2024-01-18T10:13:43","slug":"r-tech-marshal-ladies-motocicleta-jaqueta-preto-turquesa","status":"publish","type":"product","link":"https:\/\/primomoto.es\/pt-pt\/r-tech-marshal-ladies-motocicleta-jaqueta-preto-turquesa\/","title":{"rendered":"R-Tech Marshal Ladies Motocicleta Jaqueta Preto \/ Turquesa"},"content":{"rendered":"<h2><strong><span style=\"vertical-align: inherit;\"><span style=\"vertical-align: inherit;\">R-Tech Marshal Motocicleta T\u00eaxtil Jaqueta<\/span><\/span><\/strong><\/h2>\n<p><strong><span style=\"vertical-align: inherit;\"><span style=\"vertical-align: inherit;\">Informa\u00e7\u00e3o t\u00e9cnica:<\/span><\/span><\/strong><\/p>\n<ul>\n<li><span style=\"vertical-align: inherit;\"><span style=\"vertical-align: inherit;\">Casca externa: poli\u00e9ster<\/span><\/span><\/li>\n<li><span style=\"vertical-align: inherit;\"><span style=\"vertical-align: inherit;\">Forro interior em malha macia<\/span><\/span><\/li>\n<li><span style=\"vertical-align: inherit;\"><span style=\"vertical-align: inherit;\">Preenchimento aprovado CE<\/span><\/span><\/li>\n<li><span style=\"vertical-align: inherit;\"><span style=\"vertical-align: inherit;\">Forro interno de poli\u00e9ster remov\u00edvel, com bolso interno para celular e documentos.<\/span><\/span><\/li>\n<li><span style=\"vertical-align: inherit;\"><span style=\"vertical-align: inherit;\">Tecido agrad\u00e1vel e macio ao toque no pesco\u00e7o<\/span><\/span><\/li>\n<li><span style=\"vertical-align: inherit;\"><span style=\"vertical-align: inherit;\">Dois bolsos aquecendo as m\u00e3os<\/span><\/span><\/li>\n<li><span style=\"vertical-align: inherit;\"><span style=\"vertical-align: inherit;\">Preenchendo na \u00e1rea do ombro e punho<\/span><\/span><\/li>\n<li><span style=\"vertical-align: inherit;\"><span style=\"vertical-align: inherit;\">Protetores no ombro, cotovelo e costas.<\/span><\/span><\/li>\n<li><span style=\"vertical-align: inherit;\"><span style=\"vertical-align: inherit;\">\u00c1reas reflexivas para melhor visibilidade noturna<\/span><\/span><\/li>\n<li><span style=\"vertical-align: inherit;\"><span style=\"vertical-align: inherit;\">Punho com fecho de velcro<\/span><\/span><\/li>\n<\/ul>\n","protected":false},"excerpt":{"rendered":"<p><span style=\"vertical-align: inherit;\"><span style=\"vertical-align: inherit;\">Make yourself ride in the most comfortable way with the R-tech Marshal textile jacket for motorcycles. <\/span><span style=\"vertical-align: inherit;\">It has removable polyester inner lining and protection with reflectors for better night-time visibility.<\/span><\/span><\/p>\n","protected":false},"featured_media":279155,"template":"","meta":[],"product_brand":[],"product_cat":[2614,2628,2627,682],"product_tag":[2632],"class_list":{"0":"post-279217","1":"product","2":"type-product","3":"status-publish","4":"has-post-thumbnail","6":"product_cat-casacos-motos","7":"product_cat-casacos-de-texteis-mulher","8":"product_cat-mulheres-jaqueta-de-motocicleta","9":"product_cat-motorcycle-clothing-pt-pt","10":"product_tag-mulher-jaqueta-de-tecido","11":"pa_size-34-2xs-pt-pt","12":"pa_size-36-xs-pt-pt","13":"pa_size-38-s-pt-pt","14":"pa_size-40-m-pt-pt","15":"pa_size-42-l-pt-pt","16":"pa_size-44-xl-pt-pt","17":"pa_size-46-2xl-pt-pt","18":"pa_size-48-3xl-pt-pt","19":"pa_size-50-4xl-pt-pt","20":"pa_size-52-5xl-pt-pt","22":"first","23":"outofstock","24":"sale","25":"taxable","26":"shipping-taxable","27":"purchasable","28":"product-type-variable","29":"has-default-attributes"},"_links":{"self":[{"href":"https:\/\/primomoto.es\/pt-pt\/wp-json\/wp\/v2\/product\/279217","targetHints":{"allow":["GET"]}}],"collection":[{"href":"https:\/\/primomoto.es\/pt-pt\/wp-json\/wp\/v2\/product"}],"about":[{"href":"https:\/\/primomoto.es\/pt-pt\/wp-json\/wp\/v2\/types\/product"}],"wp:featuredmedia":[{"embeddable":true,"href":"https:\/\/primomoto.es\/pt-pt\/wp-json\/wp\/v2\/media\/279155"}],"wp:attachment":[{"href":"https:\/\/primomoto.es\/pt-pt\/wp-json\/wp\/v2\/media?parent=279217"}],"wp:term":[{"taxonomy":"product_brand","embeddable":true,"href":"https:\/\/primomoto.es\/pt-pt\/wp-json\/wp\/v2\/product_brand?post=279217"},{"taxonomy":"product_cat","embeddable":true,"href":"https:\/\/primomoto.es\/pt-pt\/wp-json\/wp\/v2\/product_cat?post=279217"},{"taxonomy":"product_tag","embeddable":true,"href":"https:\/\/primomoto.es\/pt-pt\/wp-json\/wp\/v2\/product_tag?post=279217"}],"curies":[{"name":"wp","href":"https:\/\/api.w.org\/{rel}","templated":true}]}}