{"id":27485,"date":"2021-01-04T11:24:37","date_gmt":"2021-01-04T11:24:37","guid":{"rendered":"https:\/\/primomoto.es\/bela-rocket-lady-chaqueta-negro-blanco\/"},"modified":"2023-12-29T13:37:33","modified_gmt":"2023-12-29T13:37:33","slug":"bela-rocket-lady-chaqueta-negro-blanco","status":"publish","type":"product","link":"https:\/\/primomoto.es\/pt-pt\/bela-rocket-lady-chaqueta-negro-blanco\/","title":{"rendered":"Bela Rocket Lady Chaqueta de Moto Negro\/Blanco"},"content":{"rendered":"<h2>Bela Rocket Lady chaqueta de moto de carreras<\/h2>\n<p style=\"font-weight: 400;\">Bela est\u00e1 ofreciendo esta exclusiva chaqueta de piel, fabricada en cuero de vacuno de la mayor calidad, con inserciones de piel de Canguro para ofrecer la mejor combinaci\u00f3n de protecci\u00f3n y la mejor adaptabilidad al piloto.<\/p>\n<p style=\"font-weight: 400;\"><b><strong>Material:<\/strong><\/b><\/p>\n<ul style=\"font-weight: 400;\">\n<li>Cuero de vaca de grano completo de 1.1-1.3 mm de alta calidad con insertos de canguro repelentes al agua mm 0.9 \/ 1<\/li>\n<li>Tejido el\u00e1stico Super Tense-tex en el codo y la espalda<\/li>\n<li>Material exterior: 75% cuero de vaca 25% cuero de canguro (insertos 92% PA 8% ELASTAN)<\/li>\n<li>Forro: 100% poli\u00e9ster.<\/li>\n<\/ul>\n<p style=\"font-weight: 400;\"><b><strong>Informaci\u00f3n t\u00e9cnica:<\/strong><\/b><\/p>\n<ul style=\"font-weight: 400;\">\n<li>Forro de malla de poli\u00e9ster fijo<\/li>\n<li>Piezas de protecci\u00f3n externa de TPU en hombro y codo<\/li>\n<li>Protectores internos aprobados por CE en hombros, codos,<\/li>\n<li>Joroba aerodin\u00e1mica para protecci\u00f3n de la m\u00e9dula espinal.<\/li>\n<li>Cuero parcialmente perforado en la parte delantera, brazos y espalda para mejorar la ventilaci\u00f3n.<\/li>\n<li>Paneles de cuero el\u00e1sticos en la sisa posterior y los hombros para un movimiento c\u00f3modo y flexible.<\/li>\n<li>Neopreno en cuello, pu\u00f1os y dobladillo para reducir el grosor y brindar mayor comodidad.<\/li>\n<li>Doble capa de refuerzo de cuero en el codo, hombro.<\/li>\n<li>Velcro dentro del panel frontal para facilitar un protector de pecho si es necesario<\/li>\n<li>Cierre con cremallera en la mu\u00f1eca en el pu\u00f1o para ofrecer una mayor comodidad<\/li>\n<li>Reflectante en el \u00e1rea del brazo para una mejor visi\u00f3n nocturna.<\/li>\n<li>Cremallera de conexi\u00f3n de alta resistencia.<\/li>\n<\/ul>\n","protected":false},"excerpt":{"rendered":"<p>Bela est\u00e1 ofreciendo esta exclusiva chaqueta de piel, fabricada en cuero de vacuno de la mayor calidad, con inserciones de piel de Canguro para ofrecer la mejor combinaci\u00f3n de protecci\u00f3n y la mejor adaptabilidad al piloto.<\/p>\n","protected":false},"featured_media":289836,"template":"","meta":[],"product_brand":[],"product_cat":[231,236,235,230],"product_tag":[790,284,753],"class_list":{"0":"post-27485","1":"product","2":"type-product","3":"status-publish","4":"has-post-thumbnail","6":"product_cat-chaquetas-de-moto","7":"product_cat-chaquetas-de-piel-mujer","8":"product_cat-chaquetas-moto-mujer","9":"product_cat-ropa-de-moto","10":"product_tag-chaqueta-de-carreras","11":"product_tag-chaqueta-de-cuero","12":"product_tag-chaqueta-mujer","13":"pa_size-36-xs-2","14":"pa_size-38-s-2","15":"pa_size-40-m-3","16":"pa_size-42-l-3","17":"pa_size-44-xl-3","18":"pa_size-46-2xl-3","19":"pa_size-48-3xl-3","21":"first","22":"outofstock","23":"sale","24":"taxable","25":"shipping-taxable","26":"purchasable","27":"product-type-variable","28":"has-default-attributes"},"_links":{"self":[{"href":"https:\/\/primomoto.es\/pt-pt\/wp-json\/wp\/v2\/product\/27485","targetHints":{"allow":["GET"]}}],"collection":[{"href":"https:\/\/primomoto.es\/pt-pt\/wp-json\/wp\/v2\/product"}],"about":[{"href":"https:\/\/primomoto.es\/pt-pt\/wp-json\/wp\/v2\/types\/product"}],"wp:featuredmedia":[{"embeddable":true,"href":"https:\/\/primomoto.es\/pt-pt\/wp-json\/wp\/v2\/media\/289836"}],"wp:attachment":[{"href":"https:\/\/primomoto.es\/pt-pt\/wp-json\/wp\/v2\/media?parent=27485"}],"wp:term":[{"taxonomy":"product_brand","embeddable":true,"href":"https:\/\/primomoto.es\/pt-pt\/wp-json\/wp\/v2\/product_brand?post=27485"},{"taxonomy":"product_cat","embeddable":true,"href":"https:\/\/primomoto.es\/pt-pt\/wp-json\/wp\/v2\/product_cat?post=27485"},{"taxonomy":"product_tag","embeddable":true,"href":"https:\/\/primomoto.es\/pt-pt\/wp-json\/wp\/v2\/product_tag?post=27485"}],"curies":[{"name":"wp","href":"https:\/\/api.w.org\/{rel}","templated":true}]}}