{"id":209455,"date":"2023-07-06T07:07:38","date_gmt":"2023-07-06T07:49:35","guid":{"rendered":"https:\/\/primomoto.es\/smk-retro-ranko-decorated-gloss-capacete-ma260\/"},"modified":"2023-07-06T07:49:35","modified_gmt":"2023-07-06T07:49:35","slug":"smk-retro-ranko-decorated-gloss-capacete-ma260","status":"publish","type":"product","link":"https:\/\/primomoto.es\/pt-pt\/smk-retro-ranko-decorated-gloss-capacete-ma260\/","title":{"rendered":"SMK Retro Ranko Decorated Gloss Capacete (MA260)"},"content":{"rendered":"<p>O SMK Retro nunca sai de moda! O SMK Retro \u00e9 um capacete integral para motocicleta e duas rodas com uma est\u00e9tica de design atemporal, juntamente com materiais avan\u00e7ados de absor\u00e7\u00e3o de impacto para oferecer prote\u00e7\u00e3o superior aos motociclistas. A Retro tamb\u00e9m pode ser personalizada de acordo com as prefer\u00eancias individuais e gostos de estilo de vida de cada moto. Tecido de camur\u00e7a felpudo e estofamento de couro genu\u00edno abra\u00e7am o rosto do motociclista para uma sensa\u00e7\u00e3o extra rica e confort\u00e1vel ao capacete. As tampas laterais adicionais o tornam uma boa op\u00e7\u00e3o para usar com \u00f3culos de sol ou \u00f3culos de motocicleta.<\/p>\n<p>Principais caracter\u00edsticas:<\/p>\n<ul>\n<li>Revestimento externo feito de material termopl\u00e1stico EIRT (Energy Impact Resistant Thermoplastic).<\/li>\n<li>2 tamanhos de concha para um melhor ajuste para cada tamanho.<\/li>\n<li>EPS multidensidade interno.<\/li>\n<li>Sistema de ventila\u00e7\u00e3o formado por entradas de ar no protetor de queixo e na zona superior para uma excelente circula\u00e7\u00e3o do fluxo de ar.<\/li>\n<li>Interior antial\u00e9rgico totalmente remov\u00edvel e lav\u00e1vel. Possui propriedades antiest\u00e1ticas e destaca-se por ser altamente respir\u00e1vel e de secagem r\u00e1pida.<\/li>\n<li>Ecr\u00e3 claro com tratamento anti-riscos. Possui tratamento UV.<\/li>\n<li>Predisposi\u00e7\u00e3o para montar uma folha anti-embaciamento Pinlock (n\u00e3o inclu\u00edda).<\/li>\n<li>Inclui tampas laterais para usar \u00f3culos de sol ou \u00f3culos.<\/li>\n<li>Fecho de fivela dupla com al\u00e7a refor\u00e7ada.<\/li>\n<\/ul>\n","protected":false},"excerpt":{"rendered":"<p>O SMK Retro nunca sai de moda! O SMK Retro \u00e9 um capacete integral para motocicleta e duas rodas com<\/p>\n","protected":false},"featured_media":209430,"template":"","meta":[],"product_brand":[],"product_cat":[683,681,680,682],"product_tag":[2844],"class_list":{"0":"post-209455","1":"product","2":"type-product","3":"status-publish","4":"has-post-thumbnail","6":"product_cat-capacetes-para-motociclistas-pt-pt","7":"product_cat-homens-motocicleta-capacetes-pt","8":"product_cat-capacetes-integrais-homen","9":"product_cat-motorcycle-clothing-pt-pt","10":"product_tag-capacete-completo","11":"pa_size-l-pt-pt","12":"pa_size-m-pt-pt","13":"pa_size-s-pt-pt","14":"pa_size-xl-pt-pt","15":"pa_size-xs-pt-pt","17":"first","18":"outofstock","19":"sale","20":"taxable","21":"shipping-taxable","22":"purchasable","23":"product-type-variable","24":"has-default-attributes"},"_links":{"self":[{"href":"https:\/\/primomoto.es\/pt-pt\/wp-json\/wp\/v2\/product\/209455","targetHints":{"allow":["GET"]}}],"collection":[{"href":"https:\/\/primomoto.es\/pt-pt\/wp-json\/wp\/v2\/product"}],"about":[{"href":"https:\/\/primomoto.es\/pt-pt\/wp-json\/wp\/v2\/types\/product"}],"wp:featuredmedia":[{"embeddable":true,"href":"https:\/\/primomoto.es\/pt-pt\/wp-json\/wp\/v2\/media\/209430"}],"wp:attachment":[{"href":"https:\/\/primomoto.es\/pt-pt\/wp-json\/wp\/v2\/media?parent=209455"}],"wp:term":[{"taxonomy":"product_brand","embeddable":true,"href":"https:\/\/primomoto.es\/pt-pt\/wp-json\/wp\/v2\/product_brand?post=209455"},{"taxonomy":"product_cat","embeddable":true,"href":"https:\/\/primomoto.es\/pt-pt\/wp-json\/wp\/v2\/product_cat?post=209455"},{"taxonomy":"product_tag","embeddable":true,"href":"https:\/\/primomoto.es\/pt-pt\/wp-json\/wp\/v2\/product_tag?post=209455"}],"curies":[{"name":"wp","href":"https:\/\/api.w.org\/{rel}","templated":true}]}}