{"id":184581,"date":"2023-03-01T09:21:55","date_gmt":"2023-03-01T10:00:44","guid":{"rendered":"https:\/\/primomoto.es\/kyt-tt-course-flux-capacete-preto-vermelho\/"},"modified":"2023-06-12T11:58:40","modified_gmt":"2023-06-12T11:58:40","slug":"kyt-tt-course-flux-capacete-preto-vermelho","status":"publish","type":"product","link":"https:\/\/primomoto.es\/pt-pt\/kyt-tt-course-flux-capacete-preto-vermelho\/","title":{"rendered":"KYT TT Course Flux Capacete Preto \/ Vermelho"},"content":{"rendered":"<p><strong>KYT TT Course Flux CASCO<br \/>\n<\/strong><\/p>\n<p>TT COURSE, o capacete rec\u00e9m-nascido da fam\u00edlia KYT Sport-touring. Um capacete termopl\u00e1stico integral, equipado com tecnologia ADT-Advanced que garante alta resist\u00eancia ao impacto. A colabora\u00e7\u00e3o com engenheiros aeron\u00e1uticos, o uso de software inovador e sess\u00f5es de t\u00fanel de vento deram vida a este capacete inovador: agressivo, confort\u00e1vel e de alto desempenho.<\/p>\n<p><strong>Fun\u00e7\u00f5es:<\/strong><\/p>\n<ul>\n<li>Capacete Sport Touring testado em t\u00fanel de vento<\/li>\n<li>Caixa termopl\u00e1stica avan\u00e7ada ADT<\/li>\n<li>2 tamanhos de casca externa<\/li>\n<li>aerodin\u00e2mico<\/li>\n<li>almofadas de conforto: remov\u00edveis, lav\u00e1veis e substitu\u00edveis<\/li>\n<li>viseira antiemba\u00e7ante e \u00e0 prova de arranh\u00f5es<\/li>\n<li>viseira com filtros de raios UV380<\/li>\n<\/ul>\n<p><strong>Especifica\u00e7\u00f5es:<\/strong><\/p>\n<ul>\n<li>ECE 22.05<\/li>\n<li>peso: aprox. 1450g a 50g<\/li>\n<li>Lista Pinlock\u00ae<\/li>\n<li>fivela microm\u00e9trica<\/li>\n<\/ul>\n","protected":false},"excerpt":{"rendered":"<h2><span style=\"color: #ff0000;\"><b><strong>Tela Externa Transparente<\/strong><\/b><\/span><\/h2>\n","protected":false},"featured_media":184534,"template":"","meta":[],"product_brand":[],"product_cat":[683,684,681,679,680,682],"product_tag":[2844],"class_list":{"0":"post-184581","1":"product","2":"type-product","3":"status-publish","4":"has-post-thumbnail","6":"product_cat-capacetes-para-motociclistas-pt-pt","7":"product_cat-mulheres-motocicleta-capacete-pt","8":"product_cat-homens-motocicleta-capacetes-pt","9":"product_cat-capacetes-integrais","10":"product_cat-capacetes-integrais-homen","11":"product_cat-motorcycle-clothing-pt-pt","12":"product_tag-capacete-completo","13":"pa_size-2xl-pt-pt","14":"pa_size-l-pt-pt","15":"pa_size-m-pt-pt","16":"pa_size-s-pt-pt","17":"pa_size-xl-pt-pt","19":"first","20":"outofstock","21":"sale","22":"taxable","23":"shipping-taxable","24":"purchasable","25":"product-type-variable","26":"has-default-attributes"},"_links":{"self":[{"href":"https:\/\/primomoto.es\/pt-pt\/wp-json\/wp\/v2\/product\/184581","targetHints":{"allow":["GET"]}}],"collection":[{"href":"https:\/\/primomoto.es\/pt-pt\/wp-json\/wp\/v2\/product"}],"about":[{"href":"https:\/\/primomoto.es\/pt-pt\/wp-json\/wp\/v2\/types\/product"}],"wp:featuredmedia":[{"embeddable":true,"href":"https:\/\/primomoto.es\/pt-pt\/wp-json\/wp\/v2\/media\/184534"}],"wp:attachment":[{"href":"https:\/\/primomoto.es\/pt-pt\/wp-json\/wp\/v2\/media?parent=184581"}],"wp:term":[{"taxonomy":"product_brand","embeddable":true,"href":"https:\/\/primomoto.es\/pt-pt\/wp-json\/wp\/v2\/product_brand?post=184581"},{"taxonomy":"product_cat","embeddable":true,"href":"https:\/\/primomoto.es\/pt-pt\/wp-json\/wp\/v2\/product_cat?post=184581"},{"taxonomy":"product_tag","embeddable":true,"href":"https:\/\/primomoto.es\/pt-pt\/wp-json\/wp\/v2\/product_tag?post=184581"}],"curies":[{"name":"wp","href":"https:\/\/api.w.org\/{rel}","templated":true}]}}