{"id":183958,"date":"2023-02-21T06:56:36","date_gmt":"2023-02-21T09:29:07","guid":{"rendered":"https:\/\/primomoto.es\/r-tech-traveler-motocicleta-couro-botas-preto\/"},"modified":"2023-04-05T08:14:44","modified_gmt":"2023-04-05T08:14:44","slug":"r-tech-traveler-motorcycle-couro-botas-preto","status":"publish","type":"product","link":"https:\/\/primomoto.es\/pt-pt\/r-tech-traveler-motorcycle-couro-botas-preto\/","title":{"rendered":"R-Tech Traveler Motocicleta Couro Botas Preto"},"content":{"rendered":"<section class=\"product-description-section block-section\">\n<div class=\"rte-content\">\n<p>As botas de viajante s\u00e3o projetadas especificamente para uso ao andar de motocicleta. S\u00e3o confeccionadas em microcouro e material sint\u00e9tico, e possuem biqueira, calcanhar e tornozelo refor\u00e7ados para maior prote\u00e7\u00e3o em caso de acidente.<\/p>\n<p>Al\u00e7as ajust\u00e1veis e sola de borracha dur\u00e1vel tornam esses sapatos confort\u00e1veis e seguros.<br \/>\nO design e o material usado nas botas s\u00e3o totalmente compat\u00edveis com os padr\u00f5es CE.<\/p>\n<\/div>\n<\/section>\n<section id=\"product-details-wrapper\" class=\"product-details-section block-section empty-product-details\">\n<div id=\"product-details\" class=\"clearfix js-product-details\" style=\"box-sizing: border-box;\" data-product=\"{\">\n<div class=\"specific-references\"><\/div>\n<\/div>\n<\/section>\n","protected":false},"excerpt":{"rendered":"<p>As botas de viajante s\u00e3o projetadas especificamente para uso ao andar de motocicleta. S\u00e3o confeccionadas em microcouro e material sint\u00e9tico,<\/p>\n","protected":false},"featured_media":232609,"template":"","meta":[],"product_brand":[],"product_cat":[2571,2573,2572,682,3260],"product_tag":[2589],"class_list":{"0":"post-183958","1":"product","2":"type-product","3":"status-publish","4":"has-post-thumbnail","6":"product_cat-botas-de-motocicleta","7":"product_cat-botas-de-touring","8":"product_cat-homens-botas-de-motocicleta","9":"product_cat-motorcycle-clothing-pt-pt","10":"product_cat-general-touring-category-pt","11":"product_tag-botas-de-turismo-masculinas","12":"pa_size-41-pt-pt","13":"pa_size-42-pt-pt","14":"pa_size-43-pt-pt","15":"pa_size-44-pt-pt","16":"pa_size-45-pt-pt","17":"pa_size-46-pt-pt","18":"pa_size-47-pt-pt","20":"first","21":"outofstock","22":"sale","23":"taxable","24":"shipping-taxable","25":"purchasable","26":"product-type-variable","27":"has-default-attributes"},"_links":{"self":[{"href":"https:\/\/primomoto.es\/pt-pt\/wp-json\/wp\/v2\/product\/183958","targetHints":{"allow":["GET"]}}],"collection":[{"href":"https:\/\/primomoto.es\/pt-pt\/wp-json\/wp\/v2\/product"}],"about":[{"href":"https:\/\/primomoto.es\/pt-pt\/wp-json\/wp\/v2\/types\/product"}],"wp:featuredmedia":[{"embeddable":true,"href":"https:\/\/primomoto.es\/pt-pt\/wp-json\/wp\/v2\/media\/232609"}],"wp:attachment":[{"href":"https:\/\/primomoto.es\/pt-pt\/wp-json\/wp\/v2\/media?parent=183958"}],"wp:term":[{"taxonomy":"product_brand","embeddable":true,"href":"https:\/\/primomoto.es\/pt-pt\/wp-json\/wp\/v2\/product_brand?post=183958"},{"taxonomy":"product_cat","embeddable":true,"href":"https:\/\/primomoto.es\/pt-pt\/wp-json\/wp\/v2\/product_cat?post=183958"},{"taxonomy":"product_tag","embeddable":true,"href":"https:\/\/primomoto.es\/pt-pt\/wp-json\/wp\/v2\/product_tag?post=183958"}],"curies":[{"name":"wp","href":"https:\/\/api.w.org\/{rel}","templated":true}]}}