{"id":140861,"date":"2022-10-17T09:15:17","date_gmt":"2022-10-17T09:42:03","guid":{"rendered":"https:\/\/primomoto.es\/shua-super-tech-motocicleta-corrida-bottas-preto-vermelho\/"},"modified":"2023-04-05T06:56:11","modified_gmt":"2023-04-05T06:56:11","slug":"shua-super-tech-motociclismo-botas-preto-vermelho","status":"publish","type":"product","link":"https:\/\/primomoto.es\/pt-pt\/shua-super-tech-motociclismo-botas-preto-vermelho\/","title":{"rendered":"Shua Super Tech Motocicleta Corrida Bottas Preto\/Vermelho"},"content":{"rendered":"<h2>Botas para motociclismo &#8211; Botas Shua Super Tech<\/h2>\n<p>A bota S\ufe0fHUA Super-Tech \u00e9 constru\u00edda Constru\u00e7\u00e3o superior em microfibra dur\u00e1vel e t\u00e9cnica que oferece n\u00edveis excelentes de flexibilidade Rexin acorde\u00e3o zonas flex\u00edveis dianteiras e colar de microfibra para conforto e manobrabilidade superiores.<\/p>\n<ul>\n<li>Tr\u00eas tiras ajust\u00e1veis de fechamento da marca VELCRO\u00ae para fechamento seguro e ajuste<\/li>\n<li>Dual density ankle cups are backed with foam padding for protection and comfort on both sides<\/li>\n<li>I\ufe0fnner collar lining is comfortable and durable<\/li>\n<li>Internal heel and toe counters for enhanced structural integrity<\/li>\n<li>Shua\u2019 exclusive vulcanised rubber compound sole with unique side wrapping design<\/li>\n<li>Injected high-modulus poly-amide mid-sole follows the shape of the foot and features a structured shank reinforcement<\/li>\n<li>External TPU shin protection wraps around to outer calf and is engineered to spread and dissipate impact energy across the entire surface while remaining compact<\/li>\n<li>Strategically positioned ventilation in heel and shin TPU<\/li>\n<\/ul>\n","protected":false},"excerpt":{"rendered":"<p>Botas para motociclismo &#8211; Botas Shua Super Tech A bota S\ufe0fHUA Super-Tech \u00e9 constru\u00edda Constru\u00e7\u00e3o superior em microfibra dur\u00e1vel e<\/p>\n","protected":false},"featured_media":140819,"template":"","meta":[],"product_brand":[],"product_cat":[2571,2577,2572,3270,682],"product_tag":[4545,2579,2597],"class_list":{"0":"post-140861","1":"product","2":"type-product","3":"status-publish","4":"has-post-thumbnail","6":"product_cat-botas-de-motocicleta","7":"product_cat-homens-botas-de-corrida","8":"product_cat-homens-botas-de-motocicleta","9":"product_cat-corrida","10":"product_cat-motorcycle-clothing-pt-pt","11":"product_tag-botas-de-corrida-de-moto","12":"product_tag-botas-de-corrida-masculinas","13":"product_tag-botas-ejaculacao","14":"pa_size-41-pt-pt","15":"pa_size-42-pt-pt","16":"pa_size-43-pt-pt","17":"pa_size-44-pt-pt","18":"pa_size-45-pt-pt","19":"pa_size-46-pt-pt","20":"pa_size-47-pt-pt","21":"pa_size-48-pt-pt","23":"first","24":"outofstock","25":"sale","26":"taxable","27":"shipping-taxable","28":"purchasable","29":"product-type-variable","30":"has-default-attributes"},"_links":{"self":[{"href":"https:\/\/primomoto.es\/pt-pt\/wp-json\/wp\/v2\/product\/140861","targetHints":{"allow":["GET"]}}],"collection":[{"href":"https:\/\/primomoto.es\/pt-pt\/wp-json\/wp\/v2\/product"}],"about":[{"href":"https:\/\/primomoto.es\/pt-pt\/wp-json\/wp\/v2\/types\/product"}],"wp:featuredmedia":[{"embeddable":true,"href":"https:\/\/primomoto.es\/pt-pt\/wp-json\/wp\/v2\/media\/140819"}],"wp:attachment":[{"href":"https:\/\/primomoto.es\/pt-pt\/wp-json\/wp\/v2\/media?parent=140861"}],"wp:term":[{"taxonomy":"product_brand","embeddable":true,"href":"https:\/\/primomoto.es\/pt-pt\/wp-json\/wp\/v2\/product_brand?post=140861"},{"taxonomy":"product_cat","embeddable":true,"href":"https:\/\/primomoto.es\/pt-pt\/wp-json\/wp\/v2\/product_cat?post=140861"},{"taxonomy":"product_tag","embeddable":true,"href":"https:\/\/primomoto.es\/pt-pt\/wp-json\/wp\/v2\/product_tag?post=140861"}],"curies":[{"name":"wp","href":"https:\/\/api.w.org\/{rel}","templated":true}]}}