{"id":131856,"date":"2022-09-20T07:40:46","date_gmt":"2022-09-20T08:20:57","guid":{"rendered":"https:\/\/primomoto.es\/bela-race-pro-r6-motocicleta-corrida-chuteiras-preto-branco\/"},"modified":"2023-04-05T09:18:12","modified_gmt":"2023-04-05T09:18:12","slug":"bela-race-pro-r6-moto-corrida-botas-preto-branco","status":"publish","type":"product","link":"https:\/\/primomoto.es\/pt-pt\/bela-race-pro-r6-moto-corrida-botas-preto-branco\/","title":{"rendered":"Bela Race Pro R6 Motocicleta Corrida Chuteiras Preto\/Branco"},"content":{"rendered":"<p>&nbsp;<\/p>\n<h4 class=\"section-title\">Descri\u00e7\u00e3o<\/h4>\n<div class=\"section-content\">\n<div class=\"product-description \">\n<div class=\"rte-content\">\n<p>Bota de couro para motociclismo Bela Race Pro<\/p>\n<p>Bela Race Pro \u00e9 uma das botas de motociclista mais dur\u00e1veis, confi\u00e1veis, confort\u00e1veis e melhor protegidas. \u00c9 uma bota de competi\u00e7\u00e3o de alta qualidade projetada para o circuito.<\/p>\n<p>Faz parte da vestimenta do piloto, dando estilo e prote\u00e7\u00e3o ao mesmo tempo.<\/p>\n<p>especifica\u00e7\u00f5es t\u00e9cnicas<\/p>\n<p>Especifica\u00e7\u00f5es t\u00e9cnicas<\/p>\n<p>\u25cf Sola composta especial de dupla densidade para competi\u00e7\u00e3o.<\/p>\n<p>\u25cf Anti-tor\u00e7\u00e3o com estrutura anti-riscos integrada.<\/p>\n<p>\u25cf Batente do amortecedor traseiro para m\u00e1xima seguran\u00e7a.<\/p>\n<p>\u25cf Controle deslizante de dedo em a\u00e7o inoxid\u00e1vel.<\/p>\n<p>\u25cf Prote\u00e7\u00e3o agressiva das pastilhas pl\u00e1sticas na \u00e1rea de troca de marchas.<\/p>\n<p>\u25cf Prote\u00e7\u00e3o pl\u00e1stica injetada.<\/p>\n<p>\u25cf Sistema de admiss\u00e3o de ar.<\/p>\n<p>\u25cf Fecho de velcro e z\u00edper.<\/p>\n<p>\u25cf Fecho de catraca com fivela traseira.<\/p>\n<p>\u25cf Sistema de fechamento frontal com fechamento por press\u00e3o.<\/p>\n<p>\u25cf Contraforte em pl\u00e1stico de nylon refor\u00e7ado.<\/p>\n<p>\u25cf Forro de malha para ventila\u00e7\u00e3o.<\/p>\n<p>\u25cf Estofamento de pol\u00edmero extra macio com espuma de mem\u00f3ria.<\/p>\n<p>\u25cf Refor\u00e7os de nylon de poliuretano.<\/p>\n<p>\u25cf Entressola antiderrapante.<\/p>\n<p>\u25cf Palmilha antibacteriana substitu\u00edvel.<\/p>\n<p>\u25cf Palmilha adicional para um ajuste seguro<\/p>\n<\/div>\n<\/div>\n<\/div>\n","protected":false},"excerpt":{"rendered":"<p>&nbsp; Descri\u00e7\u00e3o Bota de couro para motociclismo Bela Race Pro Bela Race Pro \u00e9 uma das botas de motociclista mais<\/p>\n","protected":false},"featured_media":131793,"template":"","meta":[],"product_brand":[],"product_cat":[2571,2577,2572,3270,682],"product_tag":[4545,2601,2578],"class_list":{"0":"post-131856","1":"product","2":"type-product","3":"status-publish","4":"has-post-thumbnail","6":"product_cat-botas-de-motocicleta","7":"product_cat-homens-botas-de-corrida","8":"product_cat-homens-botas-de-motocicleta","9":"product_cat-corrida","10":"product_cat-motorcycle-clothing-pt-pt","11":"product_tag-botas-de-corrida-de-moto","12":"product_tag-botas-de-corrida-masculinas-pt-pt","13":"product_tag-botas-de-couro","14":"pa_size-41-pt-pt","15":"pa_size-42-pt-pt","16":"pa_size-43-pt-pt","17":"pa_size-44-pt-pt","18":"pa_size-45-pt-pt","20":"first","21":"outofstock","22":"sale","23":"taxable","24":"shipping-taxable","25":"purchasable","26":"product-type-variable","27":"has-default-attributes"},"_links":{"self":[{"href":"https:\/\/primomoto.es\/pt-pt\/wp-json\/wp\/v2\/product\/131856","targetHints":{"allow":["GET"]}}],"collection":[{"href":"https:\/\/primomoto.es\/pt-pt\/wp-json\/wp\/v2\/product"}],"about":[{"href":"https:\/\/primomoto.es\/pt-pt\/wp-json\/wp\/v2\/types\/product"}],"wp:featuredmedia":[{"embeddable":true,"href":"https:\/\/primomoto.es\/pt-pt\/wp-json\/wp\/v2\/media\/131793"}],"wp:attachment":[{"href":"https:\/\/primomoto.es\/pt-pt\/wp-json\/wp\/v2\/media?parent=131856"}],"wp:term":[{"taxonomy":"product_brand","embeddable":true,"href":"https:\/\/primomoto.es\/pt-pt\/wp-json\/wp\/v2\/product_brand?post=131856"},{"taxonomy":"product_cat","embeddable":true,"href":"https:\/\/primomoto.es\/pt-pt\/wp-json\/wp\/v2\/product_cat?post=131856"},{"taxonomy":"product_tag","embeddable":true,"href":"https:\/\/primomoto.es\/pt-pt\/wp-json\/wp\/v2\/product_tag?post=131856"}],"curies":[{"name":"wp","href":"https:\/\/api.w.org\/{rel}","templated":true}]}}