{"id":131647,"date":"2022-09-19T11:51:57","date_gmt":"2022-09-19T12:14:36","guid":{"rendered":"https:\/\/primomoto.es\/bela-race-pro-r6-motocicleta-corrida-chuteiras-branco-preto-vermelho\/"},"modified":"2022-09-19T12:14:36","modified_gmt":"2022-09-19T12:14:36","slug":"bela-race-pro-r6-moto-corrida-botas-branco-preto-vermelho","status":"publish","type":"product","link":"https:\/\/primomoto.es\/pt-pt\/bela-race-pro-r6-moto-corrida-botas-branco-preto-vermelho\/","title":{"rendered":"Bela Race Pro R6 Motocicleta Corrida Chuteiras Branco\/Preto\/Vermelho"},"content":{"rendered":"<h4 class=\"section-title\">\n            <span>Descri\u00e7\u00e3o<\/span><br \/>\n          <\/h4>\n<div class=\"section-content\">\n<div class=\"product-description \">\n<div class=\"rte-content\">\n<p>                <span>Bota de couro para motociclismo Bela Race Pro<\/span><\/p>\n<p>                <span>Bela Race Pro \u00e9 uma das botas de motociclista mais dur\u00e1veis, confi\u00e1veis, confort\u00e1veis e melhor protegidas. \u00c9 uma bota de competi\u00e7\u00e3o de alta qualidade projetada para o circuito.<\/span><\/p>\n<p>                <span>Faz parte da vestimenta do piloto, dando estilo e prote\u00e7\u00e3o ao mesmo tempo.<\/span><\/p>\n<p>                <span>Especifica\u00e7\u00f5es t\u00e9cnicas<\/span><\/p>\n<p>                <span>Especifica\u00e7\u00f5es t\u00e9cnicas<\/span><\/p>\n<p>                <span>\u25cf Sola composta especial de dupla densidade para competi\u00e7\u00e3o.<\/span><\/p>\n<p>                <span>\u25cf Anti-tor\u00e7\u00e3o com estrutura anti-riscos integrada.<\/span><\/p>\n<p>                <span>\u25cf Batente do amortecedor traseiro para m\u00e1xima seguran\u00e7a.<\/span><\/p>\n<p>                <span>\u25cf Controle deslizante de dedo em a\u00e7o inoxid\u00e1vel.<\/span><\/p>\n<p>                <span>\u25cf Prote\u00e7\u00e3o agressiva das pastilhas pl\u00e1sticas na \u00e1rea de troca de marchas.<\/span><\/p>\n<p>                <span>\u25cf Prote\u00e7\u00e3o pl\u00e1stica injetada.<\/span><\/p>\n<p>                <span>\u25cf Sistema de admiss\u00e3o de ar.<\/span><\/p>\n<p>                <span>\u25cf Fecho de velcro e z\u00edper.<\/span><\/p>\n<p>                <span>\u25cf Fecho de catraca com fivela traseira.<\/span><\/p>\n<p>                <span>\u25cf Sistema de fechamento frontal com fechamento por press\u00e3o.<\/span><\/p>\n<p>                <span>\u25cf Contraforte em pl\u00e1stico de nylon refor\u00e7ado.<\/span><\/p>\n<p>                <span>\u25cf Forro de malha para ventila\u00e7\u00e3o.<\/span><\/p>\n<p>                <span>\u25cf Estofamento de pol\u00edmero extra macio com espuma de mem\u00f3ria.<\/span><\/p>\n<p>                <span>\u25cf Refor\u00e7os de nylon de poliuretano.<\/span><\/p>\n<p>                <span>\u25cf Entressola antiderrapante.<\/span><\/p>\n<p>                <span>\u25cf Palmilha antibacteriana substitu\u00edvel.<\/span><\/p>\n<p>                <span>\u25cf Palmilha adicional para um ajuste seguro. <\/span><\/p><\/div><\/div><\/div>\n","protected":false},"excerpt":{"rendered":"<p>Descri\u00e7\u00e3o Bota de couro para motociclismo Bela Race Pro Bela Race Pro \u00e9 uma das botas de motociclista mais dur\u00e1veis,<\/p>\n","protected":false},"featured_media":131639,"template":"","meta":[],"product_brand":[],"product_cat":[2571,2577,2572,3270,682],"product_tag":[4545,2601,2578],"class_list":{"0":"post-131647","1":"product","2":"type-product","3":"status-publish","4":"has-post-thumbnail","6":"product_cat-botas-de-motocicleta","7":"product_cat-homens-botas-de-corrida","8":"product_cat-homens-botas-de-motocicleta","9":"product_cat-corrida","10":"product_cat-motorcycle-clothing-pt-pt","11":"product_tag-botas-de-corrida-de-moto","12":"product_tag-botas-de-corrida-masculinas-pt-pt","13":"product_tag-botas-de-couro","14":"pa_size-41-pt-pt","15":"pa_size-42-pt-pt","16":"pa_size-43-pt-pt","17":"pa_size-44-pt-pt","18":"pa_size-45-pt-pt","20":"first","21":"outofstock","22":"sale","23":"taxable","24":"shipping-taxable","25":"purchasable","26":"product-type-variable","27":"has-default-attributes"},"_links":{"self":[{"href":"https:\/\/primomoto.es\/pt-pt\/wp-json\/wp\/v2\/product\/131647","targetHints":{"allow":["GET"]}}],"collection":[{"href":"https:\/\/primomoto.es\/pt-pt\/wp-json\/wp\/v2\/product"}],"about":[{"href":"https:\/\/primomoto.es\/pt-pt\/wp-json\/wp\/v2\/types\/product"}],"wp:featuredmedia":[{"embeddable":true,"href":"https:\/\/primomoto.es\/pt-pt\/wp-json\/wp\/v2\/media\/131639"}],"wp:attachment":[{"href":"https:\/\/primomoto.es\/pt-pt\/wp-json\/wp\/v2\/media?parent=131647"}],"wp:term":[{"taxonomy":"product_brand","embeddable":true,"href":"https:\/\/primomoto.es\/pt-pt\/wp-json\/wp\/v2\/product_brand?post=131647"},{"taxonomy":"product_cat","embeddable":true,"href":"https:\/\/primomoto.es\/pt-pt\/wp-json\/wp\/v2\/product_cat?post=131647"},{"taxonomy":"product_tag","embeddable":true,"href":"https:\/\/primomoto.es\/pt-pt\/wp-json\/wp\/v2\/product_tag?post=131647"}],"curies":[{"name":"wp","href":"https:\/\/api.w.org\/{rel}","templated":true}]}}