{"id":119950,"date":"2022-07-02T10:00:51","date_gmt":"2022-07-02T11:21:21","guid":{"rendered":"https:\/\/primomoto.es\/bela-master-motocicleta-corrida-chuteiras-preto\/"},"modified":"2023-04-05T07:01:06","modified_gmt":"2023-04-05T07:01:06","slug":"bela-master-motocicleta-botas-preto","status":"publish","type":"product","link":"https:\/\/primomoto.es\/pt-pt\/bela-master-motocicleta-botas-preto\/","title":{"rendered":"Bela Master Motocicleta Corrida Chuteiras Preto"},"content":{"rendered":"<p>&nbsp;<\/p>\n<h2><strong>Bota para motociclistas Bela Master<\/strong><\/h2>\n<p><b>Materiais e Caracter\u00edsticas:<\/b><\/p>\n<ul>\n<li>Muito leve, dur\u00e1vel e respir\u00e1vel<\/li>\n<li>Protetor de microfibra da parte interna e externa do tornozelo<\/li>\n<li>Protetor de calcanhar, panturrilha e t\u00edbia duro<\/li>\n<li>Protetores projetados para garantir a livre circula\u00e7\u00e3o<\/li>\n<li>Deslizadores que protegem a bota de pegar ader\u00eancia no canto<\/li>\n<li>Sola com formato adequado, mantendo o p\u00e9 no apoio para os p\u00e9s<\/li>\n<li>Painel protegendo o p\u00e9 ao trocar de marcha<\/li>\n<li>Os componentes internos feitos de material respir\u00e1vel<\/li>\n<li>Pain\u00e9is flex\u00edveis aumentando o conforto de uso<\/li>\n<li>Palmilha confort\u00e1vel e anatomicamente formada<\/li>\n<li>Elementos reflexivos para visibilidade<\/li>\n<li>Z\u00edper YKK e fecho de velcro<\/li>\n<\/ul>\n","protected":false},"excerpt":{"rendered":"<p>&nbsp; Bota para motociclistas Bela Master Materiais e Caracter\u00edsticas: Muito leve, dur\u00e1vel e respir\u00e1vel Protetor de microfibra da parte interna<\/p>\n","protected":false},"featured_media":119942,"template":"","meta":[],"product_brand":[],"product_cat":[2571,2577,2572,3270,682,3265],"product_tag":[2579,2597],"class_list":{"0":"post-119950","1":"product","2":"type-product","3":"status-publish","4":"has-post-thumbnail","6":"product_cat-botas-de-motocicleta","7":"product_cat-homens-botas-de-corrida","8":"product_cat-homens-botas-de-motocicleta","9":"product_cat-corrida","10":"product_cat-motorcycle-clothing-pt-pt","11":"product_cat-rua","12":"product_tag-botas-de-corrida-masculinas","13":"product_tag-botas-ejaculacao","14":"pa_size-42-pt-pt","15":"pa_size-43-pt-pt","16":"pa_size-44-pt-pt","17":"pa_size-45-pt-pt","18":"pa_size-46-pt-pt","20":"first","21":"outofstock","22":"sale","23":"taxable","24":"shipping-taxable","25":"purchasable","26":"product-type-variable","27":"has-default-attributes"},"_links":{"self":[{"href":"https:\/\/primomoto.es\/pt-pt\/wp-json\/wp\/v2\/product\/119950","targetHints":{"allow":["GET"]}}],"collection":[{"href":"https:\/\/primomoto.es\/pt-pt\/wp-json\/wp\/v2\/product"}],"about":[{"href":"https:\/\/primomoto.es\/pt-pt\/wp-json\/wp\/v2\/types\/product"}],"wp:featuredmedia":[{"embeddable":true,"href":"https:\/\/primomoto.es\/pt-pt\/wp-json\/wp\/v2\/media\/119942"}],"wp:attachment":[{"href":"https:\/\/primomoto.es\/pt-pt\/wp-json\/wp\/v2\/media?parent=119950"}],"wp:term":[{"taxonomy":"product_brand","embeddable":true,"href":"https:\/\/primomoto.es\/pt-pt\/wp-json\/wp\/v2\/product_brand?post=119950"},{"taxonomy":"product_cat","embeddable":true,"href":"https:\/\/primomoto.es\/pt-pt\/wp-json\/wp\/v2\/product_cat?post=119950"},{"taxonomy":"product_tag","embeddable":true,"href":"https:\/\/primomoto.es\/pt-pt\/wp-json\/wp\/v2\/product_tag?post=119950"}],"curies":[{"name":"wp","href":"https:\/\/api.w.org\/{rel}","templated":true}]}}