{"id":119421,"date":"2022-06-27T07:12:41","date_gmt":"2022-06-27T07:12:41","guid":{"rendered":"https:\/\/primomoto.es\/shua-infinity-2pc-motocicleta-corrida-terno-preto-antracite\/"},"modified":"2022-08-15T12:54:18","modified_gmt":"2022-08-15T12:54:18","slug":"shua-infinito-moto-corrida-terno-2-pc-preto-antracite","status":"publish","type":"product","link":"https:\/\/primomoto.es\/pt-pt\/shua-infinito-moto-corrida-terno-2-pc-preto-antracite\/","title":{"rendered":"Shua Infinity Motocicleta Corrida Terno 2 PC Preto \/ Antracite"},"content":{"rendered":"<h2>Material:<\/h2>\n<ul>\n<li>Feito de couro 100% verdadeiro<\/li>\n<li>Couro premium full-grain de 1,0-1,2 mm<\/li>\n<\/ul>\n<p>Informa\u00e7\u00e3o t\u00e9cnica:<\/p>\n<ul>\n<li>Tecido el\u00e1stico no cotovelo, virilha, joelho de tr\u00e1s para fornecer flexibilidade e conforto<\/li>\n<li>Forro de malha fixa na panturrilha para oferecer melhor conforto<\/li>\n<li>Protetores internos aprovados pela CE nos cotovelos, quadril e joelhos<\/li>\n<li>Corcunda aerodin\u00e2mica<\/li>\n<li>Pain\u00e9is de couro el\u00e1stico nos joelhos, cintura traseira, cava traseira para movimento confort\u00e1vel e flex\u00edvel<\/li>\n<li>Neoprene no punho e na bainha para reduzir a espessura e dar maior conforto<\/li>\n<li>Double layer leather reinforcement at elbow, shoulder and seat<\/li>\n<li>Velcro dentro do painel frontal para facilitar um protetor de t\u00f3rax, se necess\u00e1rio<\/li>\n<li>Tail bone padding<\/li>\n<li>Deslizadores de joelho remov\u00edveis<\/li>\n<\/ul>\n","protected":false},"excerpt":{"rendered":"<p>Material: Feito de couro 100% verdadeiro Couro premium full-grain de 1,0-1,2 mm Informa\u00e7\u00e3o t\u00e9cnica: Tecido el\u00e1stico no cotovelo, virilha, joelho<\/p>\n","protected":false},"featured_media":119412,"template":"","meta":[],"product_brand":[],"product_cat":[2132,2134,2143,3270,682],"product_tag":[4280,2144,2164],"class_list":{"0":"post-119421","1":"product","2":"type-product","3":"status-publish","4":"has-post-thumbnail","6":"product_cat-ternos-motociclistas-masculinos","7":"product_cat-oferta-da-semana","8":"product_cat-terno-masculino-com-2-pecas","9":"product_cat-corrida","10":"product_cat-motorcycle-clothing-pt-pt","11":"product_tag-terno-de-2-pecas-pt-pt-2","12":"product_tag-terno-de-couro","13":"product_tag-traje-de-carreras-pt-pt","14":"pa_size-46-pt-pt","15":"pa_size-48-pt-pt","16":"pa_size-50-pt-pt","17":"pa_size-52-pt-pt","18":"pa_size-54-pt-pt","19":"pa_size-56-pt-pt","20":"pa_size-58-pt-pt","21":"pa_size-60-pt-pt","22":"pa_size-62-pt-pt","23":"pa_size-64-pt-pt","25":"first","26":"outofstock","27":"sale","28":"taxable","29":"shipping-taxable","30":"purchasable","31":"product-type-variable","32":"has-default-attributes"},"_links":{"self":[{"href":"https:\/\/primomoto.es\/pt-pt\/wp-json\/wp\/v2\/product\/119421","targetHints":{"allow":["GET"]}}],"collection":[{"href":"https:\/\/primomoto.es\/pt-pt\/wp-json\/wp\/v2\/product"}],"about":[{"href":"https:\/\/primomoto.es\/pt-pt\/wp-json\/wp\/v2\/types\/product"}],"wp:featuredmedia":[{"embeddable":true,"href":"https:\/\/primomoto.es\/pt-pt\/wp-json\/wp\/v2\/media\/119412"}],"wp:attachment":[{"href":"https:\/\/primomoto.es\/pt-pt\/wp-json\/wp\/v2\/media?parent=119421"}],"wp:term":[{"taxonomy":"product_brand","embeddable":true,"href":"https:\/\/primomoto.es\/pt-pt\/wp-json\/wp\/v2\/product_brand?post=119421"},{"taxonomy":"product_cat","embeddable":true,"href":"https:\/\/primomoto.es\/pt-pt\/wp-json\/wp\/v2\/product_cat?post=119421"},{"taxonomy":"product_tag","embeddable":true,"href":"https:\/\/primomoto.es\/pt-pt\/wp-json\/wp\/v2\/product_tag?post=119421"}],"curies":[{"name":"wp","href":"https:\/\/api.w.org\/{rel}","templated":true}]}}