{"id":119340,"date":"2022-06-21T10:26:21","date_gmt":"2022-06-21T11:53:56","guid":{"rendered":"https:\/\/primomoto.es\/bela-rocker-homens-jeans-preto\/"},"modified":"2022-06-21T11:53:56","modified_gmt":"2022-06-21T11:53:56","slug":"bela-rocker-men-jeans-black-2","status":"publish","type":"product","link":"https:\/\/primomoto.es\/pt-pt\/bela-rocker-men-jeans-black-2\/","title":{"rendered":"Bela Rocker Homens Jeans Preto"},"content":{"rendered":"<h2><strong>Motorcycle jeans for men &#8211; Bela Rocker<\/strong> Cowboy Negro<\/h2>\n<p><strong>Informa\u00e7\u00e3o do produto:<\/strong><\/p>\n<p>Os jeans de motociclista Rocker &#8220;Black&#8221; para homem fazem parte da mais recente cole\u00e7\u00e3o da marca Bela Jeans. O estilo de jeans &#8220;Black&#8221; Rocker para homem \u00e9 feito do melhor tecido de algod\u00e3o e elastano. N\u00e3o s\u00f3 isso, refor\u00e7os adicionais de tecido DuPont Aramida estrategicamente posicionados para excelente resist\u00eancia \u00e0 abras\u00e3o sem comprometer o bom conforto e elasticidade. Os protetores de coxa e joelho aprovados pela CE \u201cEN 1621-1: 2012\u201d s\u00e3o dif\u00edceis de detectar ao dirigir ou caminhar, mas oferecem a melhor prote\u00e7\u00e3o em caso de qualquer acidente durante a condu\u00e7\u00e3o.<\/p>\n<p><strong>Tecido do escudo:<\/strong><\/p>\n<ul>\n<li>jeans stretch de 12,5 on\u00e7as<\/li>\n<li>Feito de 99% algod\u00e3o e 1% elastano (estiramento confort\u00e1vel)<\/li>\n<li>Azul escuro com efeito de spray aleat\u00f3rio<\/li>\n<\/ul>\n<p><strong>Prote\u00e7\u00f5es:<\/strong><\/p>\n<ul>\n<li>Prote\u00e7\u00f5es remov\u00edveis nos joelhos e coxas com certifica\u00e7\u00e3o CE EN 1621-1: 2012.<\/li>\n<li>A prote\u00e7\u00e3o pode ser facilmente removida simplesmente abrindo o z\u00edper lateral do joelho.<\/li>\n<\/ul>\n<p><strong>Conforto:<\/strong><\/p>\n<ul>\n<li>Forro interno em tecido DuPont Aramida, que \u00e9 colocado propositadamente para proporcionar excelente resist\u00eancia e abras\u00e3o.<\/li>\n<li>Forro interno em malha 100% poli\u00e9ster para respirabilidade e conforto.<\/li>\n<li>Melhor ajuste no corte regular.<\/li>\n<li>Z\u00edperes YKK\u00ae (\u00e1rea da mosca e do joelho)<\/li>\n<li>Com bolsa de prote\u00e7\u00e3o extra.<\/li>\n<\/ul>\n","protected":false},"excerpt":{"rendered":"<p>Motorcycle jeans for men &#8211; Bela Rocker Cowboy Negro Informa\u00e7\u00e3o do produto: Os jeans de motociclista Rocker &#8220;Black&#8221; para homem<\/p>\n","protected":false},"featured_media":119304,"template":"","meta":[],"product_brand":[],"product_cat":[682],"product_tag":[3767,4277],"class_list":{"0":"post-119340","1":"product","2":"type-product","3":"status-publish","4":"has-post-thumbnail","6":"product_cat-motorcycle-clothing-pt-pt","7":"product_tag-jeans-pt-pt","8":"product_tag-jeans-masculino-pt-pt","9":"pa_size-28-pt-pt","10":"pa_size-30-pt-pt","11":"pa_size-32-pt-pt","12":"pa_size-34-pt-pt","13":"pa_size-36-pt-pt","14":"pa_size-38-pt-pt","15":"pa_size-40-pt-pt","16":"pa_size-42-pt-pt","18":"first","19":"instock","20":"sale","21":"taxable","22":"shipping-taxable","23":"purchasable","24":"product-type-variable","25":"has-default-attributes"},"_links":{"self":[{"href":"https:\/\/primomoto.es\/pt-pt\/wp-json\/wp\/v2\/product\/119340","targetHints":{"allow":["GET"]}}],"collection":[{"href":"https:\/\/primomoto.es\/pt-pt\/wp-json\/wp\/v2\/product"}],"about":[{"href":"https:\/\/primomoto.es\/pt-pt\/wp-json\/wp\/v2\/types\/product"}],"wp:featuredmedia":[{"embeddable":true,"href":"https:\/\/primomoto.es\/pt-pt\/wp-json\/wp\/v2\/media\/119304"}],"wp:attachment":[{"href":"https:\/\/primomoto.es\/pt-pt\/wp-json\/wp\/v2\/media?parent=119340"}],"wp:term":[{"taxonomy":"product_brand","embeddable":true,"href":"https:\/\/primomoto.es\/pt-pt\/wp-json\/wp\/v2\/product_brand?post=119340"},{"taxonomy":"product_cat","embeddable":true,"href":"https:\/\/primomoto.es\/pt-pt\/wp-json\/wp\/v2\/product_cat?post=119340"},{"taxonomy":"product_tag","embeddable":true,"href":"https:\/\/primomoto.es\/pt-pt\/wp-json\/wp\/v2\/product_tag?post=119340"}],"curies":[{"name":"wp","href":"https:\/\/api.w.org\/{rel}","templated":true}]}}