{"id":119231,"date":"2022-06-21T08:14:21","date_gmt":"2022-06-21T08:21:07","guid":{"rendered":"https:\/\/primomoto.es\/bela-inner-textil-calca-preto\/"},"modified":"2023-03-29T09:48:46","modified_gmt":"2023-03-29T09:48:46","slug":"bela-inner-textil-calca-preta","status":"publish","type":"product","link":"https:\/\/primomoto.es\/pt-pt\/bela-inner-textil-calca-preta\/","title":{"rendered":"Bela Inner T\u00eaxtil Cal\u00e7a Preto"},"content":{"rendered":"<p>&nbsp;<\/p>\n<h2>Cal\u00e7a T\u00e9rmica Bela Preta<\/h2>\n<p><strong><br \/>\nMateriais de<br \/>\n<\/strong><\/p>\n<ul>\n<li>Tecido macio com a melhor tecnologia de calor e vento.<\/li>\n<li>Tecido el\u00e1stico e respir\u00e1vel Robex que absorve a umidade.<\/li>\n<\/ul>\n<p><strong><br \/>\nInforma\u00e7\u00e3o t\u00e9cnica:<br \/>\n<\/strong><\/p>\n<ul>\n<li>Ergonomicamente projetado para um melhor ajuste<\/li>\n<li>Cintura e costas el\u00e1sticas.<\/li>\n<li>costuras planas<\/li>\n<\/ul>\n","protected":false},"excerpt":{"rendered":"<p>&nbsp;<\/p>\n<div class=\"short-description\">\n<div class=\"std\">\n<p>Uma camada de base excepcionalmente recomendada, feita de um tecido macio, quente e resistente ao vento.<\/p>\n<\/div>\n<\/div>\n","protected":false},"featured_media":119206,"template":"","meta":[],"product_brand":[],"product_cat":[2595,2645,2647,2646,2727,2724,3573],"product_tag":[4263,4264],"class_list":{"0":"post-119231","1":"product","2":"type-product","3":"status-publish","4":"has-post-thumbnail","6":"product_cat-acessorios-de-motocicleta","7":"product_cat-calcas-de-motociclista","8":"product_cat-calcastexteis-mulhere","9":"product_cat-homens-calca-de-motocicleta","10":"product_cat-calca-textil-homen","11":"product_cat-calca-feminina","12":"product_cat-termica","13":"product_tag-calca-termica","14":"product_tag-desgaste-interno","15":"pa_size-2xl-pt-pt","16":"pa_size-3xl-pt","17":"pa_size-4xl-pt","18":"pa_size-l-pt-pt","19":"pa_size-m-pt-pt","20":"pa_size-s-pt-pt","21":"pa_size-xl-pt-pt","22":"pa_size-xs-pt-pt","23":"pa_size-xxs-pt-pt","25":"first","26":"outofstock","27":"sale","28":"taxable","29":"shipping-taxable","30":"purchasable","31":"product-type-variable","32":"has-default-attributes"},"_links":{"self":[{"href":"https:\/\/primomoto.es\/pt-pt\/wp-json\/wp\/v2\/product\/119231","targetHints":{"allow":["GET"]}}],"collection":[{"href":"https:\/\/primomoto.es\/pt-pt\/wp-json\/wp\/v2\/product"}],"about":[{"href":"https:\/\/primomoto.es\/pt-pt\/wp-json\/wp\/v2\/types\/product"}],"wp:featuredmedia":[{"embeddable":true,"href":"https:\/\/primomoto.es\/pt-pt\/wp-json\/wp\/v2\/media\/119206"}],"wp:attachment":[{"href":"https:\/\/primomoto.es\/pt-pt\/wp-json\/wp\/v2\/media?parent=119231"}],"wp:term":[{"taxonomy":"product_brand","embeddable":true,"href":"https:\/\/primomoto.es\/pt-pt\/wp-json\/wp\/v2\/product_brand?post=119231"},{"taxonomy":"product_cat","embeddable":true,"href":"https:\/\/primomoto.es\/pt-pt\/wp-json\/wp\/v2\/product_cat?post=119231"},{"taxonomy":"product_tag","embeddable":true,"href":"https:\/\/primomoto.es\/pt-pt\/wp-json\/wp\/v2\/product_tag?post=119231"}],"curies":[{"name":"wp","href":"https:\/\/api.w.org\/{rel}","templated":true}]}}