{"id":118313,"date":"2022-06-15T11:39:39","date_gmt":"2022-06-15T11:54:10","guid":{"rendered":"https:\/\/primomoto.es\/bela-urban-senhora-jeans-azul\/"},"modified":"2022-06-15T11:54:10","modified_gmt":"2022-06-15T11:54:10","slug":"bela-urbana-senhora-denim-jeans-azul","status":"publish","type":"product","link":"https:\/\/primomoto.es\/pt-pt\/bela-urbana-senhora-denim-jeans-azul\/","title":{"rendered":"Bela Urban Senhora Jeans Azul"},"content":{"rendered":"<h2><strong><span>Motorcycle jeans for women &#8211; Bela Urban<\/span><\/strong><span> Dark Blue Denim Pants<\/span><\/h2>\n<p>          <strong><br \/>\n            <span>Informa\u00e7\u00e3o do produto:<\/span><br \/>\n          <\/strong><\/p>\n<p>          <span>Os jeans motociclistas Urban azul escuro para mulher fazem parte da mais recente cole\u00e7\u00e3o da marca Bela Jeans. O estilo de jeans Urban Ldies \u00e9 feito do melhor tecido de algod\u00e3o e elastano. N\u00e3o s\u00f3 isso, refor\u00e7os adicionais de tecido DuPont Aramida estrategicamente posicionados para excelente resist\u00eancia \u00e0 abras\u00e3o sem comprometer o bom conforto e elasticidade. Os protetores de coxa e joelho aprovados pela CE &#8220;EN 1621-1: 2012&#8221; s\u00e3o dif\u00edceis de detectar durante a condu\u00e7\u00e3o\/caminhada, mas oferecem a melhor prote\u00e7\u00e3o em caso de acidentes durante a condu\u00e7\u00e3o&#8230;<\/span><\/p>\n<p>          <strong><br \/>\n            <span>Tecido da concha:<\/span><br \/>\n          <\/strong><\/p>\n<ul>\n<li><span>jeans el\u00e1stico de 12,5 on\u00e7as<\/span><\/li>\n<li><span>Confeccionada em 98% algod\u00e3o e 2% elastano.<\/span><\/li>\n<li><span>Efeito de Lavagem Aleat\u00f3rio Azul Escuro<\/span><\/li>\n<\/ul>\n<p>          <strong><br \/>\n            <span>Prote\u00e7\u00f5es:<\/span><br \/>\n          <\/strong><\/p>\n<ul>\n<li><span>Prote\u00e7\u00f5es remov\u00edveis nos joelhos e coxas com certifica\u00e7\u00e3o CE EN 1621-1: 2012.<\/span><\/li>\n<li><span>A prote\u00e7\u00e3o pode ser facilmente removida simplesmente abrindo o z\u00edper lateral do joelho.<\/span><\/li>\n<\/ul>\n<p>          <strong><br \/>\n            <span>Conforto:<\/span><br \/>\n          <\/strong><\/p>\n<ul>\n<li><span>Forro interno em tecido DuPont Aramida, que \u00e9 colocado propositadamente para proporcionar excelente resist\u00eancia e abras\u00e3o.<\/span><\/li>\n<li><span>Forro interno em malha 100% poli\u00e9ster para respirabilidade e conforto.<\/span><\/li>\n<li><span>Melhor ajuste no corte regular.<\/span><\/li>\n<li><span>Z\u00edperes YKK\u00ae (\u00e1rea da mosca e do joelho)<\/span><\/li>\n<li><span>Com bolsa de prote\u00e7\u00e3o extra.<\/span><\/li>\n<\/ul>\n","protected":false},"excerpt":{"rendered":"<p>Motorcycle jeans for women &#8211; Bela Urban Dark Blue Denim Pants Informa\u00e7\u00e3o do produto: Os jeans motociclistas Urban azul escuro<\/p>\n","protected":false},"featured_media":118275,"template":"","meta":[],"product_brand":[],"product_cat":[2732,2729,682,2731,3265],"product_tag":[3767,3835,3815],"class_list":{"0":"post-118313","1":"product","2":"type-product","3":"status-publish","4":"has-post-thumbnail","6":"product_cat-jeans-feminino","7":"product_cat-jeans-para-motos","8":"product_cat-motorcycle-clothing-pt-pt","9":"product_cat-denim-feminino","10":"product_cat-rua","11":"product_tag-jeans-pt-pt","12":"product_tag-jeans-azul-pt-pt","13":"product_tag-jeans-feminino","14":"pa_size-26-pt-pt","15":"pa_size-28-pt-pt","16":"pa_size-30-pt-pt","17":"pa_size-32-pt-pt","18":"pa_size-34-pt-pt","19":"pa_size-36-pt-pt","20":"pa_size-38-pt-pt","22":"first","23":"instock","24":"sale","25":"taxable","26":"shipping-taxable","27":"purchasable","28":"product-type-variable","29":"has-default-attributes"},"_links":{"self":[{"href":"https:\/\/primomoto.es\/pt-pt\/wp-json\/wp\/v2\/product\/118313","targetHints":{"allow":["GET"]}}],"collection":[{"href":"https:\/\/primomoto.es\/pt-pt\/wp-json\/wp\/v2\/product"}],"about":[{"href":"https:\/\/primomoto.es\/pt-pt\/wp-json\/wp\/v2\/types\/product"}],"wp:featuredmedia":[{"embeddable":true,"href":"https:\/\/primomoto.es\/pt-pt\/wp-json\/wp\/v2\/media\/118275"}],"wp:attachment":[{"href":"https:\/\/primomoto.es\/pt-pt\/wp-json\/wp\/v2\/media?parent=118313"}],"wp:term":[{"taxonomy":"product_brand","embeddable":true,"href":"https:\/\/primomoto.es\/pt-pt\/wp-json\/wp\/v2\/product_brand?post=118313"},{"taxonomy":"product_cat","embeddable":true,"href":"https:\/\/primomoto.es\/pt-pt\/wp-json\/wp\/v2\/product_cat?post=118313"},{"taxonomy":"product_tag","embeddable":true,"href":"https:\/\/primomoto.es\/pt-pt\/wp-json\/wp\/v2\/product_tag?post=118313"}],"curies":[{"name":"wp","href":"https:\/\/api.w.org\/{rel}","templated":true}]}}