{"id":117908,"date":"2022-06-14T08:17:55","date_gmt":"2022-06-14T08:28:27","guid":{"rendered":"https:\/\/primomoto.es\/r-tech-street-motocicleta-magnetico-tanque-sacola-preto\/"},"modified":"2023-06-06T09:02:37","modified_gmt":"2023-06-06T09:02:37","slug":"r-tech-street-motocicleta-magnetico-tank-bag-preto","status":"publish","type":"product","link":"https:\/\/primomoto.es\/pt-pt\/r-tech-street-motocicleta-magnetico-tank-bag-preto\/","title":{"rendered":"R-Tech Street Motocicleta Magn\u00e9tico Tanque Sacola Preto"},"content":{"rendered":"<p>&nbsp;<\/p>\n<h2>Saco de tanque magn\u00e9tico para motocicleta R-Tech Street<\/h2>\n<p><strong><br \/>\nDescri\u00e7\u00e3o:<br \/>\n<\/strong><\/p>\n<ul>\n<li>Bolsa de tanque t\u00eaxtil Sport \/ Touring \/ Scooter \/ Enduro \/ Custom.<\/li>\n<li><strong>Materiais:<\/strong> T\u00eaxtil.<\/li>\n<li><strong>Protections:<\/strong> reinforced seams.<\/li>\n<li><strong>Lado de dentro:<\/strong> Poli\u00e9ster.<\/li>\n<li><strong>Size:<\/strong> 16 X 30 X 5 cm 2 Liters.<\/li>\n<li><strong>Cor:<\/strong> Preto.<\/li>\n<li>Saco de tanque t\u00eaxtil com \u00edm\u00e3s de alta resist\u00eancia.<\/li>\n<li>Al\u00e7a de guid\u00e3o Inser\u00e7\u00f5es refletivas.<\/li>\n<li>Grande janela transparente.<\/li>\n<li>Al\u00e7as para transform\u00e1-lo em um confort\u00e1vel saco de caminhada.<\/li>\n<\/ul>\n","protected":false},"excerpt":{"rendered":"<p>&nbsp; Saco de tanque magn\u00e9tico para motocicleta R-Tech Street Descri\u00e7\u00e3o: Bolsa de tanque t\u00eaxtil Sport \/ Touring \/ Scooter \/<\/p>\n","protected":false},"featured_media":117855,"template":"","meta":[],"product_brand":[],"product_cat":[2595,3570],"product_tag":[3856],"class_list":{"0":"post-117908","1":"product","2":"type-product","3":"status-publish","4":"has-post-thumbnail","6":"product_cat-acessorios-de-motocicleta","7":"product_cat-bolsas","8":"product_tag-bolsa-de-passeio","9":"pa_size-m-pt-pt","11":"first","12":"outofstock","13":"sale","14":"taxable","15":"shipping-taxable","16":"purchasable","17":"product-type-variable"},"_links":{"self":[{"href":"https:\/\/primomoto.es\/pt-pt\/wp-json\/wp\/v2\/product\/117908","targetHints":{"allow":["GET"]}}],"collection":[{"href":"https:\/\/primomoto.es\/pt-pt\/wp-json\/wp\/v2\/product"}],"about":[{"href":"https:\/\/primomoto.es\/pt-pt\/wp-json\/wp\/v2\/types\/product"}],"wp:featuredmedia":[{"embeddable":true,"href":"https:\/\/primomoto.es\/pt-pt\/wp-json\/wp\/v2\/media\/117855"}],"wp:attachment":[{"href":"https:\/\/primomoto.es\/pt-pt\/wp-json\/wp\/v2\/media?parent=117908"}],"wp:term":[{"taxonomy":"product_brand","embeddable":true,"href":"https:\/\/primomoto.es\/pt-pt\/wp-json\/wp\/v2\/product_brand?post=117908"},{"taxonomy":"product_cat","embeddable":true,"href":"https:\/\/primomoto.es\/pt-pt\/wp-json\/wp\/v2\/product_cat?post=117908"},{"taxonomy":"product_tag","embeddable":true,"href":"https:\/\/primomoto.es\/pt-pt\/wp-json\/wp\/v2\/product_tag?post=117908"}],"curies":[{"name":"wp","href":"https:\/\/api.w.org\/{rel}","templated":true}]}}