{"id":106793,"date":"2022-05-16T06:09:23","date_gmt":"2022-05-16T06:12:20","guid":{"rendered":"https:\/\/primomoto.es\/bela-watson-turismo-jaqueta-preto-marrom\/"},"modified":"2022-05-16T06:12:20","modified_gmt":"2022-05-16T06:12:20","slug":"bela-watson-jaqueta-preto-marrom","status":"publish","type":"product","link":"https:\/\/primomoto.es\/pt-pt\/bela-watson-jaqueta-preto-marrom\/","title":{"rendered":"Bela Watson Turismo Jaqueta Preto \/ Marrom"},"content":{"rendered":"<h2>\n            <strong>Jaqueta masculina de motociclismo &#8211; Bela Watson<\/strong><br \/>\n          <\/h2>\n<p>          <strong>Especifica\u00e7\u00f5es t\u00e9cnicas:<\/strong><\/p>\n<ul>\n<li><span lang=\"EN-US\">Advanced Polyester 600D textile waterproof and breathable construction<\/span><\/li>\n<li><span lang=\"EN-US\">Direct Ventilation System (DVS) zippered chest air intakes and back exhaust ports<\/span><\/li>\n<li><span lang=\"EN-US\">Internal impact protection provided by removable elbow and shoulder protectors<\/span><\/li>\n<li><span lang=\"EN-US\">Pockets for optional chest and back protection<\/span><\/li>\n<li><span lang=\"EN-US\">Reflective graphic details and logos improve rider visibility in varying light conditions<\/span><\/li>\n<li><span lang=\"EN-US\">Upper chest zippered hand pockets feature which works in tandem with ventilation opening to ensure personalized levels of ventilation<\/span><\/li>\n<li><span lang=\"EN-US\">Front waterproof cargo pockets for convenience and peace-of-mind closure<\/span><\/li>\n<li><span lang=\"EN-US\">Large external utility pocket on lower back plus waterproof internal pockets and insert wallet pocket<\/span><\/li>\n<li><span lang=\"EN-US\">Integrated soft edge collar and construction for comfort over long distances<\/span><\/li>\n<li><span lang=\"EN-US\">Pre-contoured sleeves with accordion stretch panels on elbows<\/span><\/li>\n<li><span lang=\"EN-US\">Premium zipper with sliders for main front closure offers adaptable and secure convenience<\/span><\/li>\n<li><span lang=\"EN-US\">Removable long-sleeve thermal liner (100g body\/80g sleeves) ensures comfort on hot or cold days<\/span><\/li>\n<li><span lang=\"EN-US\">Arm, waist adjustment fastener for highly customizable fit<\/span><\/li>\n<li><span lang=\"EN-US\">External zippered pockets for safe peace-of-mind storage<\/span><\/li>\n<li><span lang=\"EN-US\">A perfect combination of three layers jacket for long distance rides.<\/span><\/li>\n<\/ul>\n","protected":false},"excerpt":{"rendered":"<p>Jaqueta masculina de motociclismo &#8211; Bela Watson Especifica\u00e7\u00f5es t\u00e9cnicas: Advanced Polyester 600D textile waterproof and breathable construction Direct Ventilation System<\/p>\n","protected":false},"featured_media":106784,"template":"","meta":[],"product_brand":[],"product_cat":[2614,2616,2615,682,3260],"product_tag":[2629,2634],"class_list":{"0":"post-106793","1":"product","2":"type-product","3":"status-publish","4":"has-post-thumbnail","6":"product_cat-casacos-motos","7":"product_cat-casacos-de-texteis","8":"product_cat-homens-jaquetas-de-motocicleta","9":"product_cat-motorcycle-clothing-pt-pt","10":"product_cat-general-touring-category-pt","11":"product_tag-chaqueta-de-turismo-pt-pt","12":"product_tag-jaqueta-textil-masculina-pt-pt","13":"pa_size-50-m-pt-pt-2","15":"first","16":"instock","17":"sale","18":"taxable","19":"shipping-taxable","20":"purchasable","21":"product-type-variable"},"_links":{"self":[{"href":"https:\/\/primomoto.es\/pt-pt\/wp-json\/wp\/v2\/product\/106793","targetHints":{"allow":["GET"]}}],"collection":[{"href":"https:\/\/primomoto.es\/pt-pt\/wp-json\/wp\/v2\/product"}],"about":[{"href":"https:\/\/primomoto.es\/pt-pt\/wp-json\/wp\/v2\/types\/product"}],"wp:featuredmedia":[{"embeddable":true,"href":"https:\/\/primomoto.es\/pt-pt\/wp-json\/wp\/v2\/media\/106784"}],"wp:attachment":[{"href":"https:\/\/primomoto.es\/pt-pt\/wp-json\/wp\/v2\/media?parent=106793"}],"wp:term":[{"taxonomy":"product_brand","embeddable":true,"href":"https:\/\/primomoto.es\/pt-pt\/wp-json\/wp\/v2\/product_brand?post=106793"},{"taxonomy":"product_cat","embeddable":true,"href":"https:\/\/primomoto.es\/pt-pt\/wp-json\/wp\/v2\/product_cat?post=106793"},{"taxonomy":"product_tag","embeddable":true,"href":"https:\/\/primomoto.es\/pt-pt\/wp-json\/wp\/v2\/product_tag?post=106793"}],"curies":[{"name":"wp","href":"https:\/\/api.w.org\/{rel}","templated":true}]}}