{"id":106760,"date":"2022-05-16T05:41:43","date_gmt":"2022-05-16T05:51:15","guid":{"rendered":"https:\/\/primomoto.es\/bela-watson-calca-por-homens-preto-caqui-fluor-amarelo\/"},"modified":"2023-03-29T09:42:50","modified_gmt":"2023-03-29T09:42:50","slug":"bela-watson-calca-para-homens-preto-caqui-amarelo-fluor","status":"publish","type":"product","link":"https:\/\/primomoto.es\/pt-pt\/bela-watson-calca-para-homens-preto-caqui-amarelo-fluor\/","title":{"rendered":"Bela Watson Cal\u00e7a Por Homens Preto \/ C\u00e1qui \/ Fl\u00faor Amarelo"},"content":{"rendered":"<p>&nbsp;<\/p>\n<h2><strong>Motorcycle Touring Pant for Men &#8211; Bela Watson<\/strong><\/h2>\n<p><strong>Especifica\u00e7\u00f5es t\u00e9cnicas:<\/strong><\/p>\n<ul>\n<li><span lang=\"EN-US\">Advanced Polyester 600D textile waterproof and breathable construction<\/span><\/li>\n<li><span lang=\"EN-US\">Direct Ventilation System (DVS) zippered air intakes and back exhaust ports<\/span><\/li>\n<li><span lang=\"EN-US\">Internal impact protection provided by removable protectors<\/span><\/li>\n<li><span lang=\"EN-US\">Pockets for optional protection<\/span><\/li>\n<li><span lang=\"EN-US\">Reflective graphic details and logos improve rider visibility in varying light conditions<\/span><\/li>\n<li><span lang=\"EN-US\">Front waterproof cargo pockets for convenience and peace-of-mind closure<\/span><\/li>\n<li><span lang=\"EN-US\">Large external utility pocket on lower back plus waterproof internal pockets and insert wallet pocket<\/span><\/li>\n<li><span lang=\"EN-US\">Premium zipper with sliders for main front closure offers adaptable and secure convenience<\/span><\/li>\n<li><span lang=\"EN-US\">External zippered pockets for safe peace-of-mind storage<\/span><\/li>\n<li><span lang=\"EN-US\">A perfect combination of three layers for long distance rides.<\/span><\/li>\n<\/ul>\n","protected":false},"excerpt":{"rendered":"<p>&nbsp; Motorcycle Touring Pant for Men &#8211; Bela Watson Especifica\u00e7\u00f5es t\u00e9cnicas: Advanced Polyester 600D textile waterproof and breathable construction Direct<\/p>\n","protected":false},"featured_media":106720,"template":"","meta":[],"product_brand":[],"product_cat":[2645,2646,2727,682,3260],"product_tag":[2753,2738],"class_list":{"0":"post-106760","1":"product","2":"type-product","3":"status-publish","4":"has-post-thumbnail","6":"product_cat-calcas-de-motociclista","7":"product_cat-homens-calca-de-motocicleta","8":"product_cat-calca-textil-homen","9":"product_cat-motorcycle-clothing-pt-pt","10":"product_cat-general-touring-category-pt","11":"product_tag-calcas-de-texteis-masculinas","12":"product_tag-pantalon-touring-pt-pt","13":"pa_size-50-m-pt-pt-2","14":"pa_size-52-l-pt-pt","15":"pa_size-54-xl-pt-pt","16":"pa_size-56-2xl-pt-pt-2","17":"pa_size-58-3xl-pt-pt-2","18":"pa_size-60-4xl-pt-pt","20":"first","21":"outofstock","22":"sale","23":"taxable","24":"shipping-taxable","25":"purchasable","26":"product-type-variable"},"_links":{"self":[{"href":"https:\/\/primomoto.es\/pt-pt\/wp-json\/wp\/v2\/product\/106760","targetHints":{"allow":["GET"]}}],"collection":[{"href":"https:\/\/primomoto.es\/pt-pt\/wp-json\/wp\/v2\/product"}],"about":[{"href":"https:\/\/primomoto.es\/pt-pt\/wp-json\/wp\/v2\/types\/product"}],"wp:featuredmedia":[{"embeddable":true,"href":"https:\/\/primomoto.es\/pt-pt\/wp-json\/wp\/v2\/media\/106720"}],"wp:attachment":[{"href":"https:\/\/primomoto.es\/pt-pt\/wp-json\/wp\/v2\/media?parent=106760"}],"wp:term":[{"taxonomy":"product_brand","embeddable":true,"href":"https:\/\/primomoto.es\/pt-pt\/wp-json\/wp\/v2\/product_brand?post=106760"},{"taxonomy":"product_cat","embeddable":true,"href":"https:\/\/primomoto.es\/pt-pt\/wp-json\/wp\/v2\/product_cat?post=106760"},{"taxonomy":"product_tag","embeddable":true,"href":"https:\/\/primomoto.es\/pt-pt\/wp-json\/wp\/v2\/product_tag?post=106760"}],"curies":[{"name":"wp","href":"https:\/\/api.w.org\/{rel}","templated":true}]}}