{"id":104522,"date":"2022-04-01T10:19:25","date_gmt":"2022-04-01T10:43:32","guid":{"rendered":"https:\/\/primomoto.es\/bela-tom-mezclilla-vaqueros-hombres-oscuro-gris\/"},"modified":"2022-04-01T10:43:32","modified_gmt":"2022-04-01T10:43:32","slug":"bela-tom-denim-jeans-hombre-gris-oscuro","status":"publish","type":"product","link":"https:\/\/primomoto.es\/pt-pt\/bela-tom-denim-jeans-hombre-gris-oscuro\/","title":{"rendered":"Bela Tom Mezclilla Vaqueros Hombres Oscuro Gris"},"content":{"rendered":"<h2>\n            <strong><br \/>\n              <span>Vaqueros de moto para hombre &#8211; Bela Tom Denim Pant<\/span><br \/>\n            <\/strong><br \/>\n          <\/h2>\n<p>          <strong><br \/>\n            <span>Informa\u00e7\u00e3o do produto:<\/span><br \/>\n          <\/strong><\/p>\n<p>          <span>Los vaqueros de moto para hombre Tom forman parte de la \u00faltima colecci\u00f3n de la marca Bela Jeans. El estilo de jeans para hombre Tom &#8220;Dark Grey&#8221; est\u00e1 hecho de la mejor tela de algod\u00f3n y elastano. N\u00e3o s\u00f3 isso, os refor\u00e7os de tecido DuPont Aramida extras estrategicamente posicionados para excelente resist\u00eancia \u00e0 abras\u00e3o sem comprometer o bom conforto e elasticidade. The CE approved knee &amp; thigh protectors \u201cEN 1621-1:2012\u201d are hard to spot when riding \/ walking but offer best protection in case of any unfortunate mishap during drive&#8230;<\/span><\/p>\n<p>          <strong><br \/>\n            <span>Tecido do escudo:<\/span><br \/>\n          <\/strong><\/p>\n<ul>\n<li><span>12,5 Oz Stretch Denim<\/span><\/li>\n<li><span>Hecho de 98% Algod\u00f3n y 2% Elastano <\/span><\/li>\n<li><span>Gris oscuro con efecto de rociado aleatorio<\/span><\/li>\n<\/ul>\n<p>          <strong><br \/>\n            <span>Prote\u00e7\u00f5es:<\/span><br \/>\n          <\/strong><\/p>\n<ul>\n<li><span>Prote\u00e7\u00f5es remov\u00edveis nos joelhos e coxas com certifica\u00e7\u00e3o CE EN 1621-1:2012.<\/span><\/li>\n<li><span>The Protection can be removed easily while simply opening the side knee zipper.<\/span><\/li>\n<\/ul>\n<p>          <strong><br \/>\n            <span>Conforto:<\/span><br \/>\n          <\/strong><\/p>\n<ul>\n<li><span>Forro interno de tecido DuPont Aramida, que \u00e9 propositadamente colocado para proporcionar excelente resist\u00eancia \u00e0 abras\u00e3o.<\/span><\/li>\n<li><span>Forro interno em malha 100% poli\u00e9ster para maior respirabilidade e conforto.<\/span><\/li>\n<li><span>Melhor ajuste em corte regular.<\/span><\/li>\n<li><span>YKK\u00ae Zippers (Fly &amp; Knee area)<\/span><\/li>\n<li><span>Com Bolsa de Protetores extra.<\/span><\/li>\n<\/ul>\n","protected":false},"excerpt":{"rendered":"<p>Vaqueros de moto para hombre &#8211; Bela Tom Denim Pant Informa\u00e7\u00e3o do produto: Los vaqueros de moto para hombre Tom<\/p>\n","protected":false},"featured_media":104481,"template":"","meta":[],"product_brand":[],"product_cat":[2730,2733,2729,682,3265,3260],"product_tag":[3798,3831],"class_list":{"0":"post-104522","1":"product","2":"type-product","3":"status-publish","4":"has-post-thumbnail","6":"product_cat-denim-masculino-homes","7":"product_cat-jeans-masculino","8":"product_cat-jeans-para-motos","9":"product_cat-motorcycle-clothing-pt-pt","10":"product_cat-rua","11":"product_cat-general-touring-category-pt","12":"product_tag-jeans-de-moto","13":"product_tag-vaqueros-grises-de-mezclilla","14":"pa_size-28-pt-pt","15":"pa_size-30-pt-pt","16":"pa_size-32-pt-pt","17":"pa_size-34-pt-pt","18":"pa_size-36-pt-pt","19":"pa_size-38-pt-pt","20":"pa_size-40-pt-pt","21":"pa_size-42-pt-pt","23":"first","24":"instock","25":"sale","26":"taxable","27":"shipping-taxable","28":"purchasable","29":"product-type-variable","30":"has-default-attributes"},"_links":{"self":[{"href":"https:\/\/primomoto.es\/pt-pt\/wp-json\/wp\/v2\/product\/104522","targetHints":{"allow":["GET"]}}],"collection":[{"href":"https:\/\/primomoto.es\/pt-pt\/wp-json\/wp\/v2\/product"}],"about":[{"href":"https:\/\/primomoto.es\/pt-pt\/wp-json\/wp\/v2\/types\/product"}],"wp:featuredmedia":[{"embeddable":true,"href":"https:\/\/primomoto.es\/pt-pt\/wp-json\/wp\/v2\/media\/104481"}],"wp:attachment":[{"href":"https:\/\/primomoto.es\/pt-pt\/wp-json\/wp\/v2\/media?parent=104522"}],"wp:term":[{"taxonomy":"product_brand","embeddable":true,"href":"https:\/\/primomoto.es\/pt-pt\/wp-json\/wp\/v2\/product_brand?post=104522"},{"taxonomy":"product_cat","embeddable":true,"href":"https:\/\/primomoto.es\/pt-pt\/wp-json\/wp\/v2\/product_cat?post=104522"},{"taxonomy":"product_tag","embeddable":true,"href":"https:\/\/primomoto.es\/pt-pt\/wp-json\/wp\/v2\/product_tag?post=104522"}],"curies":[{"name":"wp","href":"https:\/\/api.w.org\/{rel}","templated":true}]}}