{"id":101873,"date":"2021-07-07T11:48:11","date_gmt":"2022-03-18T11:18:11","guid":{"rendered":"https:\/\/primomoto.es\/bela-boston-homens-cera-revestido-jeans-preto\/"},"modified":"2022-03-18T11:18:11","modified_gmt":"2022-03-18T11:18:11","slug":"bela-boston-men-cera-revestido-jeans-preto","status":"publish","type":"product","link":"https:\/\/primomoto.es\/pt-pt\/bela-boston-men-cera-revestido-jeans-preto\/","title":{"rendered":"Bela Boston Homens Cera Revestido Jeans Preto"},"content":{"rendered":"<h2>\n            <strong>Cal\u00e7a jeans motociclista preta com revestimento de cera Bela Boston masculina<\/strong><br \/>\n          <\/h2>\n<p>          <strong>Descri\u00e7\u00e3o : <\/strong><\/p>\n<ul>\n<li>Wax Coated Fabric<\/li>\n<li>Kevlar Fabric<\/li>\n<li>Fitted Cut<\/li>\n<li>Elastic Comfort Gussets<\/li>\n<li>Reinforced inner lining at the sear and knees<\/li>\n<li>Denim Hi Flex offering great freedom of movement<\/li>\n<li>CE Approved removable knee and hip protectors provided<\/li>\n<li>Easily Accessible knees and hips protective pockets<\/li>\n<li>Knee Protectors adjustable in height by Velcro system for a perfect fit<\/li>\n<li>Button and Zip closure<\/li>\n<li>5 pockets including a coin pocket<\/li>\n<\/ul>\n","protected":false},"excerpt":{"rendered":"<p>Cal\u00e7a jeans motociclista preta com revestimento de cera Bela Boston masculina Descri\u00e7\u00e3o : Wax Coated Fabric Kevlar Fabric Fitted Cut<\/p>\n","protected":false},"featured_media":49804,"template":"","meta":[],"product_brand":[],"product_cat":[2730,2733,2729,682],"product_tag":[2743,2749],"class_list":{"0":"post-101873","1":"product","2":"type-product","3":"status-publish","4":"has-post-thumbnail","6":"product_cat-denim-masculino-homes","7":"product_cat-jeans-masculino","8":"product_cat-jeans-para-motos","9":"product_cat-motorcycle-clothing-pt-pt","10":"product_tag-los-hombres-de-mezclilla-pt-pt","11":"product_tag-vaqueros-touring-pt-pt","12":"pa_size-30-pt-pt","13":"pa_size-32-pt-pt","14":"pa_size-34-pt-pt","15":"pa_size-36-pt-pt","16":"pa_size-38-pt-pt","17":"pa_size-40-pt-pt","19":"first","20":"outofstock","21":"sale","22":"taxable","23":"shipping-taxable","24":"purchasable","25":"product-type-variable","26":"has-default-attributes"},"_links":{"self":[{"href":"https:\/\/primomoto.es\/pt-pt\/wp-json\/wp\/v2\/product\/101873","targetHints":{"allow":["GET"]}}],"collection":[{"href":"https:\/\/primomoto.es\/pt-pt\/wp-json\/wp\/v2\/product"}],"about":[{"href":"https:\/\/primomoto.es\/pt-pt\/wp-json\/wp\/v2\/types\/product"}],"wp:featuredmedia":[{"embeddable":true,"href":"https:\/\/primomoto.es\/pt-pt\/wp-json\/wp\/v2\/media\/49804"}],"wp:attachment":[{"href":"https:\/\/primomoto.es\/pt-pt\/wp-json\/wp\/v2\/media?parent=101873"}],"wp:term":[{"taxonomy":"product_brand","embeddable":true,"href":"https:\/\/primomoto.es\/pt-pt\/wp-json\/wp\/v2\/product_brand?post=101873"},{"taxonomy":"product_cat","embeddable":true,"href":"https:\/\/primomoto.es\/pt-pt\/wp-json\/wp\/v2\/product_cat?post=101873"},{"taxonomy":"product_tag","embeddable":true,"href":"https:\/\/primomoto.es\/pt-pt\/wp-json\/wp\/v2\/product_tag?post=101873"}],"curies":[{"name":"wp","href":"https:\/\/api.w.org\/{rel}","templated":true}]}}