{"id":100823,"date":"2022-02-26T11:36:52","date_gmt":"2022-02-26T12:27:40","guid":{"rendered":"https:\/\/primomoto.es\/bela-knee-sliders-preto-branco\/"},"modified":"2023-06-06T11:45:56","modified_gmt":"2023-06-06T11:45:56","slug":"bela-joelho-sliders-preto-branco","status":"publish","type":"product","link":"https:\/\/primomoto.es\/pt-pt\/bela-joelho-sliders-preto-branco\/","title":{"rendered":"Bela Knee Sliders Preto branco"},"content":{"rendered":"<h2><strong>Deslizador de joelho de motocicleta Bela<\/strong><\/h2>\n<p>Dur\u00e1vel, mas permite uma boa sensa\u00e7\u00e3o nas curvas. Forma anat\u00f4mica para contato ideal, distribui\u00e7\u00e3o uniforme e peso mais leve. Montagem padr\u00e3o na maioria dos ternos de couro Bela.<\/p>\n<p><strong>Materiais:<\/strong><\/p>\n<ul>\n<li>100% poliuretano.<\/li>\n<\/ul>\n<p><strong>Solu\u00e7\u00f5es T\u00e9cnicas:<\/strong><\/p>\n<ul>\n<li>Par de slider de poliuretano colado ao couro com velcro de alta resist\u00eancia.<\/li>\n<li>Funciona bem para uso di\u00e1rio ou pista.<\/li>\n<\/ul>\n","protected":false},"excerpt":{"rendered":"<p>Joelheiras altamente protetoras adequadas para todos os tipos de atividades de equita\u00e7\u00e3o e corrida.<\/p>\n","protected":false},"featured_media":100798,"template":"","meta":[],"product_brand":[],"product_cat":[2595,3572,3270],"product_tag":[],"class_list":{"0":"post-100823","1":"product","2":"type-product","3":"status-publish","4":"has-post-thumbnail","6":"product_cat-acessorios-de-motocicleta","7":"product_cat-controles-deslizantes","8":"product_cat-corrida","9":"pa_size-universal-pt-pt","11":"first","12":"outofstock","13":"sale","14":"taxable","15":"shipping-taxable","16":"purchasable","17":"product-type-variable","18":"has-default-attributes"},"_links":{"self":[{"href":"https:\/\/primomoto.es\/pt-pt\/wp-json\/wp\/v2\/product\/100823","targetHints":{"allow":["GET"]}}],"collection":[{"href":"https:\/\/primomoto.es\/pt-pt\/wp-json\/wp\/v2\/product"}],"about":[{"href":"https:\/\/primomoto.es\/pt-pt\/wp-json\/wp\/v2\/types\/product"}],"wp:featuredmedia":[{"embeddable":true,"href":"https:\/\/primomoto.es\/pt-pt\/wp-json\/wp\/v2\/media\/100798"}],"wp:attachment":[{"href":"https:\/\/primomoto.es\/pt-pt\/wp-json\/wp\/v2\/media?parent=100823"}],"wp:term":[{"taxonomy":"product_brand","embeddable":true,"href":"https:\/\/primomoto.es\/pt-pt\/wp-json\/wp\/v2\/product_brand?post=100823"},{"taxonomy":"product_cat","embeddable":true,"href":"https:\/\/primomoto.es\/pt-pt\/wp-json\/wp\/v2\/product_cat?post=100823"},{"taxonomy":"product_tag","embeddable":true,"href":"https:\/\/primomoto.es\/pt-pt\/wp-json\/wp\/v2\/product_tag?post=100823"}],"curies":[{"name":"wp","href":"https:\/\/api.w.org\/{rel}","templated":true}]}}