{"id":100780,"date":"2022-02-25T17:41:02","date_gmt":"2022-02-25T17:41:02","guid":{"rendered":"https:\/\/primomoto.es\/bela-knee-sliders-fluor-preto-amarelo\/"},"modified":"2023-06-06T07:04:26","modified_gmt":"2023-06-06T07:04:26","slug":"bela-joelho-sliders-preto-amarelo-fluor","status":"publish","type":"product","link":"https:\/\/primomoto.es\/pt-pt\/bela-joelho-sliders-preto-amarelo-fluor\/","title":{"rendered":"Bela Knee Sliders Fl\u00faor Preto \/ Amarelo"},"content":{"rendered":"<h2><strong><span style=\"vertical-align: inherit;\"><span style=\"vertical-align: inherit;\">Deslizador de joelho de motocicleta Bela<\/span><\/span><\/strong><\/h2>\n<p><span style=\"vertical-align: inherit;\"><span style=\"vertical-align: inherit;\">Durable yet allows good feel in turns. <\/span><\/span><span style=\"vertical-align: inherit;\"><span style=\"vertical-align: inherit;\">Anatomically shaped for optimal contact, <\/span><\/span><span style=\"vertical-align: inherit;\"><span style=\"vertical-align: inherit;\">evenward distribution and lighter weight. <\/span><\/span><span style=\"vertical-align: inherit;\"><span style=\"vertical-align: inherit;\">Standard fitment on most Bela leather suits.<\/span><\/span><\/p>\n<p><strong><span style=\"vertical-align: inherit;\"><span style=\"vertical-align: inherit;\">Materiais:<\/span><\/span><\/strong><\/p>\n<ul>\n<li><span style=\"vertical-align: inherit;\"><span style=\"vertical-align: inherit;\">100% poliuretano.<\/span><\/span><\/li>\n<\/ul>\n<p><strong><span style=\"vertical-align: inherit;\"><span style=\"vertical-align: inherit;\">Solu\u00e7\u00f5es T\u00e9cnicas:<\/span><\/span><\/strong><\/p>\n<ul>\n<li><span style=\"vertical-align: inherit;\"><span style=\"vertical-align: inherit;\">Par de slider de poliuretano colado ao couro com velcro de alta resist\u00eancia.<\/span><\/span><\/li>\n<li><span style=\"vertical-align: inherit;\"><span style=\"vertical-align: inherit;\">Funciona bem para uso di\u00e1rio ou pista.<\/span><\/span><\/li>\n<\/ul>\n","protected":false},"excerpt":{"rendered":"<p>&nbsp;<\/p>\n<div class=\"short-description\">\n<div class=\"std\">\n<p><span style=\"vertical-align: inherit;\"><br \/>\n<span style=\"vertical-align: inherit;\">Joelheiras altamente protetoras adequadas para todos os tipos de atividades de equita\u00e7\u00e3o e corrida.<\/span><br \/>\n<\/span><\/p>\n<\/div>\n<\/div>\n","protected":false},"featured_media":100756,"template":"","meta":[],"product_brand":[],"product_cat":[2595,3572,3270],"product_tag":[3555,3556],"class_list":{"0":"post-100780","1":"product","2":"type-product","3":"status-publish","4":"has-post-thumbnail","6":"product_cat-acessorios-de-motocicleta","7":"product_cat-controles-deslizantes","8":"product_cat-corrida","9":"product_tag-controle-deslizante-de-joelho-pt-pt","10":"product_tag-protetor-de-joelho-de-corrida","11":"pa_size-universal-pt-pt","13":"first","14":"instock","15":"sale","16":"taxable","17":"shipping-taxable","18":"purchasable","19":"product-type-variable","20":"has-default-attributes"},"_links":{"self":[{"href":"https:\/\/primomoto.es\/pt-pt\/wp-json\/wp\/v2\/product\/100780","targetHints":{"allow":["GET"]}}],"collection":[{"href":"https:\/\/primomoto.es\/pt-pt\/wp-json\/wp\/v2\/product"}],"about":[{"href":"https:\/\/primomoto.es\/pt-pt\/wp-json\/wp\/v2\/types\/product"}],"wp:featuredmedia":[{"embeddable":true,"href":"https:\/\/primomoto.es\/pt-pt\/wp-json\/wp\/v2\/media\/100756"}],"wp:attachment":[{"href":"https:\/\/primomoto.es\/pt-pt\/wp-json\/wp\/v2\/media?parent=100780"}],"wp:term":[{"taxonomy":"product_brand","embeddable":true,"href":"https:\/\/primomoto.es\/pt-pt\/wp-json\/wp\/v2\/product_brand?post=100780"},{"taxonomy":"product_cat","embeddable":true,"href":"https:\/\/primomoto.es\/pt-pt\/wp-json\/wp\/v2\/product_cat?post=100780"},{"taxonomy":"product_tag","embeddable":true,"href":"https:\/\/primomoto.es\/pt-pt\/wp-json\/wp\/v2\/product_tag?post=100780"}],"curies":[{"name":"wp","href":"https:\/\/api.w.org\/{rel}","templated":true}]}}