{"id":56356,"date":"2021-08-12T08:10:07","date_gmt":"2021-08-12T08:10:07","guid":{"rendered":"https:\/\/primomoto.es\/politicas-de-precos\/"},"modified":"2021-11-02T11:22:09","modified_gmt":"2021-11-02T11:22:09","slug":"politicas-de-precos","status":"publish","type":"page","link":"https:\/\/primomoto.es\/pt-pt\/politicas-de-precos\/","title":{"rendered":"Pol\u00edticas de pre\u00e7os"},"content":{"rendered":"<section class=\"wpb-content-wrapper\"><p>[vc_row][vc_column]\n\t\t<div id=\"wd-5f7db3cfc2cf2\" class=\"title-wrapper wd-wpb set-mb-s reset-last-child  wd-rs-5f7db3cfc2cf2 wd-title-color-default wd-title-style-underlined-2 text-center  wd-underline-colored\">\n\t\t\t\n\t\t\t<div class=\"liner-continer\">\n\t\t\t\t<h4 class=\"woodmart-title-container title  wd-font-weight- wd-fontsize-l\" ><strong>Nossa Pol\u00edtica de Pre\u00e7os<\/strong><\/h4>\n\t\t\t\t\t\t\t<\/div>\n\t\t\t\n\t\t\t\n\t\t\t\n\t\t<\/div>\n\t\t\n\t\t[vc_column_text text_larger=&#8221;no&#8221;]<\/p>\r\n\r\n<p style=\"text-align: center;\"><span style=\"color: #000000;\">When shopping with Primomoto you can be assured that you will never pay too much. If you see a regularly stocked item online for a lower price than we have listed, submit an inquiry through our <a style=\"color: #000000;\" href=\"https:\/\/primomoto.es\/contact-us\/\">contact us page<\/a>. Select &#8220;Price Match Request&#8221; from the drop down menu for &#8220;Subject&#8221;, and include the following information:<\/span><\/p>\r\n<p style=\"text-align: center;\"><span style=\"color: #000000;\"><strong>&gt;<\/strong> Item you are looking to price match<\/span><\/p>\r\n<p style=\"text-align: center;\"><span style=\"color: #000000;\"><strong>&gt; <\/strong>URL to web page where you found the lower price listed<\/span><\/p>\r\n<p style=\"text-align: center;\"><span style=\"color: #000000;\"><strong>&gt; <\/strong>Your contact information<\/span><\/p>\r\n<p style=\"text-align: center;\"><span style=\"color: #000000;\">Once we receive your request, we will verify that your item(s) qualify, and get back to you with an email that will allow you to complete your order at the adjusted price.<\/span><\/p>\r\n<p style=\"text-align: center;\"><span style=\"color: #000000;\">If your item(s) are not eligible for a price match, we will respond letting you know why.<\/span><\/p>\r\n<p><span style=\"color: #000000;\"><\/span><\/p>\r\n<h3 class=\"ui-h2\" style=\"text-align: center;\"><span style=\"color: #000000;\"><strong>Elegibilidade<\/strong><\/span><\/h3>\r\n<p style=\"text-align: center;\"><span style=\"color: #000000;\"><strong>&gt; <\/strong>Todos os pneus est\u00e3o exclu\u00eddos<\/span><\/p>\r\n<p style=\"text-align: center;\"><span style=\"color: #000000;\"><strong>&gt; <\/strong>Todas as listagens da Amazon s\u00e3o exclu\u00eddas<\/span><\/p>\r\n<p style=\"text-align: center;\"><span style=\"color: #000000;\"><strong>&gt; <\/strong>Todas as listagens do eBay (leil\u00f5es, compre agora, etc) s\u00e3o exclu\u00eddas<\/span><\/p>\r\n<p style=\"text-align: center;\"><span style=\"color: #000000;\"><strong>&gt; <\/strong>Apenas pre\u00e7os anunciados publicamente s\u00e3o combinados<\/span><\/p>\r\n<p style=\"text-align: center;\"><span style=\"color: #000000;\"><strong>&gt; <\/strong>O concorrente deve ser um revendedor autorizado dos EUA<\/span><\/p>\r\n<p style=\"text-align: center;\"><span style=\"color: #000000;\"><strong>&gt; <\/strong>O produto deve ser novo e em estoque no mesmo modelo, tamanho, cor e ano (se aplic\u00e1vel)<\/span><\/p>\r\n<p style=\"text-align: center;\"><span style=\"color: #000000;\"><strong>&gt; <\/strong>Itens com pre\u00e7o inferior a $ 69 n\u00e3o s\u00e3o eleg\u00edveis para correspond\u00eancia de pre\u00e7o<\/span><\/p>\r\n<p style=\"text-align: center;\"><span style=\"color: #000000;\"><strong>&gt; <\/strong>Quaisquer taxas de envio e \/ ou manuseio aplic\u00e1veis ser\u00e3o inclu\u00eddas no c\u00e1lculo da diferen\u00e7a de pre\u00e7o<\/span><\/p>\r\n<p style=\"text-align: center;\"><span style=\"color: #000000;\"><strong>&gt; <\/strong>Os itens de pre\u00e7o correspondente n\u00e3o podem ser combinados com outras promo\u00e7\u00f5es ou c\u00f3digos de desconto<\/span><\/p>\r\n<p style=\"text-align: center;\"><span style=\"color: #000000;\"><strong>&gt; <\/strong>Se voc\u00ea j\u00e1 fez um pedido conosco, n\u00e3o poderemos igualar o pre\u00e7o, a menos que o pedido ainda tenha um status de &#8220;Pedido recebido&#8221;<\/span><\/p>\r\n<p style=\"text-align: center;\"><span style=\"color: #000000;\"><strong>&gt; <\/strong>Todos os pedidos de correspond\u00eancia de pre\u00e7os s\u00e3o tratados a crit\u00e9rio exclusivo da Primomoto<\/span><\/p>\r\n<p style=\"text-align: center;\"><span style=\"color: #000000;\"><strong>Imposto sobre vendas<\/strong><\/span><br \/><span style=\"color: #000000;\"><strong>A Primomoto \u00e9 obrigada por lei a recolher impostos sobre vendas de acordo com os regulamentos estaduais. Ao combinar o pre\u00e7o, iremos igualar o custo total para levar o (s) item (ns) \u00e0 sua porta e, em seguida, adicionar o imposto quando aplic\u00e1vel.<\/strong><\/span><\/p>\r\n<p class=\"ui-copy\" style=\"text-align: center;\"><span style=\"color: #000000;\"><!-- \/wp:post-content --><\/span><\/p>\r\n<p><span style=\"color: #000000;\"><!-- wp:heading {\"level\":3} --><\/span><\/p>\r\n<h3 class=\"ui-h2\" style=\"text-align: center;\"><span style=\"color: #000000;\"><strong>Cupons, c\u00f3digos e cart\u00f5es de desconto<\/strong><\/span><\/h3>\r\n<p style=\"text-align: center;\"><span style=\"color: #000000;\"><em>V\u00e1rios fabricantes t\u00eam pol\u00edticas de pre\u00e7os (descontos) em vigor, nos proibindo de descontar seus produtos, seja de todo ou al\u00e9m de uma certa porcentagem. Marcas especificamente protegidas incluem, mas n\u00e3o est\u00e3o limitadas a, o seguinte: 100%, AGV, Alpinestars, Answer, Arai, Arctiva, AXO, Bell, Chrome Industries, Cortech, Dainese, Drag Specialties, Dragon, EVS, Fieldsheer, Firstgear, Fly Racing, Fly Street, Fox, GoPro, HJC, Icon, Leatt, Mobile Warming, Moose, MSR, Oakley, Ogio, Puma, One Industries, O&#8217;Neal, Parts Unlimited, Pit Bull, Pod MX, Poker Run, Pro Taper , Red Line Oil, Renthal, REV&#8217;IT !, River Road, Scala Rider, Schuberth, Scorpion, Sena, Shark, Shift, Shoei, SIDI, Skullcandy, Velocidade e for\u00e7a, Spidi, Suomy, TCX, Thor, Tour Master, Trukke , Vance &amp; Hines e \/ ou Z1R.<\/em><\/span><\/p>\r\n<p>[\/vc_column_text][\/vc_column][\/vc_row]<\/p><\/section>","protected":false},"excerpt":{"rendered":"<p>[vc_row][vc_column][vc_column_text text_larger=&#8221;no&#8221;] When shopping with Primomoto you can be assured that you will never pay too much. If you see<\/p>\n","protected":false},"author":1,"featured_media":0,"parent":0,"menu_order":0,"comment_status":"closed","ping_status":"closed","template":"","meta":{"footnotes":""},"class_list":["post-56356","page","type-page","status-publish","hentry"],"_links":{"self":[{"href":"https:\/\/primomoto.es\/pt-pt\/wp-json\/wp\/v2\/pages\/56356","targetHints":{"allow":["GET"]}}],"collection":[{"href":"https:\/\/primomoto.es\/pt-pt\/wp-json\/wp\/v2\/pages"}],"about":[{"href":"https:\/\/primomoto.es\/pt-pt\/wp-json\/wp\/v2\/types\/page"}],"author":[{"embeddable":true,"href":"https:\/\/primomoto.es\/pt-pt\/wp-json\/wp\/v2\/users\/1"}],"replies":[{"embeddable":true,"href":"https:\/\/primomoto.es\/pt-pt\/wp-json\/wp\/v2\/comments?post=56356"}],"version-history":[{"count":0,"href":"https:\/\/primomoto.es\/pt-pt\/wp-json\/wp\/v2\/pages\/56356\/revisions"}],"wp:attachment":[{"href":"https:\/\/primomoto.es\/pt-pt\/wp-json\/wp\/v2\/media?parent=56356"}],"curies":[{"name":"wp","href":"https:\/\/api.w.org\/{rel}","templated":true}]}}