{"id":56332,"date":"2021-08-12T07:58:03","date_gmt":"2021-08-12T07:58:03","guid":{"rendered":"https:\/\/primomoto.es\/custos-de-entrega\/"},"modified":"2021-11-02T10:30:11","modified_gmt":"2021-11-02T10:30:11","slug":"custos-de-entrega","status":"publish","type":"page","link":"https:\/\/primomoto.es\/pt-pt\/custos-de-entrega\/","title":{"rendered":"Custos de entrega"},"content":{"rendered":"<section class=\"wpb-content-wrapper\"><p>[vc_row full_width=&#8221;stretch_row_content&#8221; css=&#8221;.vc_custom_1599462642369{margin-bottom: 3vh !important;}&#8221; mobile_bg_img_hidden=&#8221;no&#8221; tablet_bg_img_hidden=&#8221;no&#8221; woodmart_parallax=&#8221;0&#8243; woodmart_gradient_switch=&#8221;no&#8221; row_reverse_mobile=&#8221;0&#8243; row_reverse_tablet=&#8221;0&#8243; woodmart_disable_overflow=&#8221;0&#8243;][vc_column woodmart_text_align=&#8221;center&#8221; offset=&#8221;vc_col-lg-offset-3 vc_col-lg-6 vc_col-md-6&#8243; css=&#8221;.vc_custom_1528808528297{margin-bottom: 4vh !important;}&#8221;]\t\t\t<div id=\"wd-5f55dcaf96579\" class=\"wd-text-block-wrapper wd-wpb wd-rs-5f55dcaf96579 color-scheme-dark text-center wd-off-anim wpb_animate_when_almost_visible wpb_wd-zoom-in wd-zoom-in wd-anim-name_wd-zoom-in wd-width-enabled vc_custom_1599462608308\" style=\"--wd-max-width: 90%;\">\n\t\t\t\t<div class=\"woodmart-title-container woodmart-text-block reset-last-child font-primary wd-font-weight-600 wd-fontsize-xxxl\">\n\t\t\t\t\t<\/p>\n<h5><b>ESTIMAR SUAS ALTERA\u00c7\u00d5ES DE ENTREGA <\/b><\/h5>\n<div id=\"gtx-trans\">\n<div class=\"gtx-trans-icon\"><\/div>\n<\/div>\n<p>\t\t\t\t<\/div>\n\n\t\t\t\t\t\t\t<\/div>\n\t\t\t\t\t<div id=\"wd-611a527faa35e\" class=\"wd-text-block-wrapper wd-wpb wd-rs-611a527faa35e color-scheme- text-center wd-off-anim wpb_animate_when_almost_visible wpb_wd-zoom-in wd-zoom-in wd-anim-name_wd-zoom-in wd-width-enabled vc_custom_1629115013569\" style=\"--wd-max-width: 90%;\">\n\t\t\t\t<div class=\"woodmart-title-container woodmart-text-block reset-last-child font-text wd-font-weight-400 \">\n\t\t\t\t\t<\/p>\n<p style=\"font-weight: 400;\"><span style=\"color: #000000;\">Todos os pedidos e compras feitos atrav\u00e9s deste site est\u00e3o sujeitos aos Termos e Condi\u00e7\u00f5es de Compras Online descritos abaixo. Estes Termos e Condi\u00e7\u00f5es de Compras Online podem mudar de tempos em tempos sem aviso pr\u00e9vio, a nosso crit\u00e9rio.<\/span><\/p>\n<p style=\"font-weight: 400;\"><span style=\"color: #000000;\">Por favor, certifique-se de ler nosso <a style=\"color: #000000;\" href=\"https:\/\/motorode.com\/privacy-policy\/\" target=\"_blank\" rel=\"noopener\">Pol\u00edtica de privacidade do site<\/a> e <a style=\"color: #000000;\" href=\"https:\/\/motorode.com\/terms-and-conditions\/\" target=\"_blank\" rel=\"noopener\">Termos e Condi\u00e7\u00f5es<\/a> relacionadas ao uso deste site.<\/span><\/p>\n<p>\t\t\t\t<\/div>\n\n\t\t\t\t\t\t\t<\/div>\n\t\t[vc_empty_space height=&#8221;5vh&#8221; woodmart_hide_large=&#8221;1&#8243; woodmart_hide_medium=&#8221;1&#8243;][\/vc_column][\/vc_row][vc_row full_width=&#8221;stretch_row_content&#8221; mobile_bg_img_hidden=&#8221;no&#8221; tablet_bg_img_hidden=&#8221;no&#8221; woodmart_parallax=&#8221;0&#8243; woodmart_gradient_switch=&#8221;no&#8221; row_reverse_mobile=&#8221;0&#8243; row_reverse_tablet=&#8221;0&#8243; woodmart_disable_overflow=&#8221;0&#8243;][vc_column woodmart_text_align=&#8221;center&#8221; offset=&#8221;vc_col-lg-offset-3 vc_col-lg-6 vc_col-md-6&#8243; css=&#8221;.vc_custom_1528808528297{margin-bottom: 4vh !important;}&#8221;]\t\t\t<div id=\"wd-5f55da89d8faa\" class=\"wd-text-block-wrapper wd-wpb wd-rs-5f55da89d8faa color-scheme-custom text-center wd-off-anim wpb_animate_when_almost_visible wpb_wd-zoom-in wd-zoom-in wd-anim-name_wd-zoom-in \">\n\t\t\t\t<div class=\"woodmart-title-container woodmart-text-block reset-last-child font-text wd-font-weight- wd-fontsize-m\">\n\t\t\t\t\t<b>Nossa Pol\u00edtica de Compras<\/b>\t\t\t\t<\/div>\n\n\t\t\t\t\t\t\t<\/div>\n\t\t\t\t\t<div id=\"wd-5f55da2c83cd8\" class=\"wd-text-block-wrapper wd-wpb wd-rs-5f55da2c83cd8 color-scheme-dark text-center wd-off-anim wpb_animate_when_almost_visible wpb_wd-zoom-in wd-zoom-in wd-anim-name_wd-zoom-in wd-width-enabled \" style=\"--wd-max-width: 90%;\">\n\t\t\t\t<div class=\"woodmart-title-container woodmart-text-block reset-last-child font-primary wd-font-weight-600 wd-fontsize-xxxl\">\n\t\t\t\t\t<b>INFORMA\u00c7\u00c3O DE ENTREGA<\/b>\t\t\t\t<\/div>\n\n\t\t\t\t\t\t\t<\/div>\n\t\t[\/vc_column][\/vc_row][vc_row full_width=&#8221;stretch_row_content&#8221; content_placement=&#8221;middle&#8221; woodmart_disable_overflow=&#8221;1&#8243; el_class=&#8221;z-index-10&#8243; mobile_bg_img_hidden=&#8221;no&#8221; tablet_bg_img_hidden=&#8221;no&#8221; woodmart_parallax=&#8221;0&#8243; woodmart_gradient_switch=&#8221;no&#8221; row_reverse_mobile=&#8221;0&#8243; row_reverse_tablet=&#8221;0&#8243; css=&#8221;.vc_custom_1598362564814{padding-right: 15% !important;padding-bottom: 5vh !important;padding-left: 15% !important;}&#8221;][vc_column width=&#8221;1\/2&#8243; offset=&#8221;vc_col-lg-6 vc_col-md-6&#8243; mobile_bg_img_hidden=&#8221;no&#8221; tablet_bg_img_hidden=&#8221;no&#8221; woodmart_parallax=&#8221;0&#8243; woodmart_sticky_column=&#8221;false&#8221; parallax_scroll=&#8221;no&#8221; mobile_reset_margin=&#8221;no&#8221; tablet_reset_margin=&#8221;no&#8221;]\t\t\t<div id=\"wd-5f55da968d915\" class=\"wd-text-block-wrapper wd-wpb wd-rs-5f55da968d915 color-scheme-dark text-left wd-off-anim wpb_animate_when_almost_visible wpb_wd-slide-from-right wd-slide-from-right wd-anim-name_wd-slide-from-right wd-width-enabled \" style=\"--wd-max-width: 90%;\">\n\t\t\t\t<div class=\"woodmart-title-container woodmart-text-block reset-last-child font-primary wd-font-weight-600 wd-fontsize-xxxl\">\n\t\t\t\t\t<b>Pol\u00edtica de Exporta\u00e7\u00e3o<\/b><\/p>\n<div id=\"gtx-trans\">\n<div class=\"gtx-trans-icon\"><\/div>\n<\/div>\n<p>\t\t\t\t<\/div>\n\n\t\t\t\t\t\t\t<\/div>\n\t\t\t\t\t<div id=\"wd-611a528d1b562\" class=\"wd-text-block-wrapper wd-wpb wd-rs-611a528d1b562 color-scheme- text-left wd-off-anim wpb_animate_when_almost_visible wpb_wd-slide-from-left wd-slide-from-left wd-anim-name_wd-slide-from-left wd-width-enabled \" style=\"--wd-max-width: 90%;\">\n\t\t\t\t<div class=\"woodmart-title-container woodmart-text-block reset-last-child font-text wd-font-weight-400 \">\n\t\t\t\t\t<\/p>\n<p style=\"font-weight: 400;\"><span style=\"color: #000000;\">O envio pode ser feito a partir de qualquer um de nossos dep\u00f3sitos na Europa, Am\u00e9rica do Norte e \u00c1sia, dependendo da disponibilidade do produto e o cliente concorda em pagar as alf\u00e2ndegas e encargos aplic\u00e1veis a todos os produtos em qualquer pa\u00eds diferente do pa\u00eds de origem do Envio.<\/span><\/p>\n<p>\t\t\t\t<\/div>\n\n\t\t\t\t\t\t\t<\/div>\n\t\t[\/vc_column][vc_column width=&#8221;1\/2&#8243; mobile_bg_img_hidden=&#8221;no&#8221; tablet_bg_img_hidden=&#8221;no&#8221; woodmart_parallax=&#8221;0&#8243; woodmart_sticky_column=&#8221;false&#8221; parallax_scroll=&#8221;no&#8221; mobile_reset_margin=&#8221;no&#8221; tablet_reset_margin=&#8221;no&#8221;]\t\t\t<div id=\"wd-5f55dac77726c\" class=\"wd-text-block-wrapper wd-wpb wd-rs-5f55dac77726c color-scheme-dark text-left wd-off-anim wpb_animate_when_almost_visible wpb_wd-slide-from-right wd-slide-from-right wd-anim-name_wd-slide-from-right wd-width-enabled \" style=\"--wd-max-width: 90%;\">\n\t\t\t\t<div class=\"woodmart-title-container woodmart-text-block reset-last-child font-primary wd-font-weight-600 wd-fontsize-xxxl\">\n\t\t\t\t\t<b>Enviando um item<\/b>\t\t\t\t<\/div>\n\n\t\t\t\t\t\t\t<\/div>\n\t\t\t\t\t<div id=\"wd-611a52963609d\" class=\"wd-text-block-wrapper wd-wpb wd-rs-611a52963609d color-scheme- text-left wd-off-anim wpb_animate_when_almost_visible wpb_wd-slide-from-right wd-slide-from-right wd-anim-name_wd-slide-from-right wd-width-enabled \" style=\"--wd-max-width: 90%;\">\n\t\t\t\t<div class=\"woodmart-title-container woodmart-text-block reset-last-child font-text wd-font-weight-400 \">\n\t\t\t\t\t<span style=\"color: #000000;\">Correos e MCB Express s\u00e3o o servi\u00e7o de correio oficial para encomendas enviadas para a Europa. A entrega de itens normalmente exigir\u00e1 uma assinatura do destinat\u00e1rio. Para Espanha e Portugal, todos os itens ser\u00e3o enviados para os clientes atrav\u00e9s do servi\u00e7o de correio Correos e o restante ser\u00e1 enviado atrav\u00e9s do MCB Express.<\/span>\t\t\t\t<\/div>\n\n\t\t\t\t\t\t\t<\/div>\n\t\t[\/vc_column][\/vc_row][vc_row full_width=&#8221;stretch_row_content&#8221; mobile_bg_img_hidden=&#8221;no&#8221; tablet_bg_img_hidden=&#8221;no&#8221; woodmart_parallax=&#8221;0&#8243; woodmart_gradient_switch=&#8221;no&#8221; row_reverse_mobile=&#8221;0&#8243; row_reverse_tablet=&#8221;0&#8243; woodmart_disable_overflow=&#8221;0&#8243;][vc_column woodmart_text_align=&#8221;center&#8221; offset=&#8221;vc_col-lg-offset-3 vc_col-lg-6 vc_col-md-6&#8243; mobile_bg_img_hidden=&#8221;no&#8221; tablet_bg_img_hidden=&#8221;no&#8221; woodmart_parallax=&#8221;0&#8243; woodmart_sticky_column=&#8221;false&#8221; parallax_scroll=&#8221;no&#8221; mobile_reset_margin=&#8221;no&#8221; tablet_reset_margin=&#8221;no&#8221;]\t\t\t<div id=\"wd-5f55db2f4b09f\" class=\"wd-text-block-wrapper wd-wpb wd-rs-5f55db2f4b09f color-scheme-dark text-center wd-off-anim wpb_animate_when_almost_visible wpb_zoomIn zoomIn wd-anim-name_zoomIn wd-width-enabled vc_custom_1599462203968\" style=\"--wd-max-width: 90%;\">\n\t\t\t\t<div class=\"woodmart-title-container woodmart-text-block reset-last-child font-primary wd-font-weight-600 wd-fontsize-xxxl\">\n\t\t\t\t\t<b>Envio Gr\u00e1tis <\/b>\t\t\t\t<\/div>\n\n\t\t\t\t\t\t\t<\/div>\n\t\t\t\t\t<div id=\"wd-611a52a08a35c\" class=\"wd-text-block-wrapper wd-wpb wd-rs-611a52a08a35c color-scheme- text-center wd-off-anim wpb_animate_when_almost_visible wpb_zoomIn zoomIn wd-anim-name_zoomIn wd-width-enabled \" style=\"--wd-max-width: 90%;\">\n\t\t\t\t<div class=\"woodmart-title-container woodmart-text-block reset-last-child font-text wd-font-weight-400 \">\n\t\t\t\t\t<\/p>\n<p style=\"font-weight: 400;\"><span style=\"color: #000000;\">Pedidos entre 0 e 300 euros: os portes de envio ser\u00e3o de 12,95 euros.<\/span><\/p>\n<p><span style=\"color: #000000;\">Pedidos superiores a 300 euros: os custos de envio ser\u00e3o de 18 euros.<\/span><\/p>\n<p><span style=\"color: #000000;\">Devido \u00e0 regulamenta\u00e7\u00e3o fiscal nessas regi\u00f5es, o IVA n\u00e3o ser\u00e1 aplicado aos pre\u00e7os apresentados no site. No entanto, no recebimento do pedido, alguns impostos, taxas ou encargos correspondentes a essas regi\u00f5es podem ter que ser pagos.<\/span><\/p>\n<p style=\"font-weight: 400;\"><span style=\"color: #000000;\"><b><strong>NOTA:<\/strong><\/b> <b><strong>Primomoto.es n\u00e3o se responsabiliza por impostos, taxas ou encargos administrativos correspondentes a essas regi\u00f5es. A t\u00edtulo de orienta\u00e7\u00e3o, os direitos aduaneiros podem seguir as condi\u00e7\u00f5es abaixo:<\/strong><\/b><\/span><\/p>\n<p style=\"font-weight: 400;\"><span style=\"color: #000000;\"><b><strong>Pedidos abaixo de 150 euros:<\/strong><\/b><\/span><\/p>\n<p style=\"font-weight: 400;\"><span style=\"color: #000000;\"><b><strong>Despesas fixas:<\/strong><\/b> 31.36 Euros.<\/span><\/p>\n<p style=\"font-weight: 400;\"><span style=\"color: #000000;\"><b><strong>Obriga\u00e7\u00f5es:<\/strong><\/b> c\u00e1lculo de uma porcentagem do total do pedido, dependendo do tipo de item (geralmente 7%)<\/span><\/p>\n<p style=\"font-weight: 400;\"><span style=\"color: #000000;\"><b><strong>Pedidos acima de 150 euros:<\/strong><\/b><\/span><\/p>\n<p style=\"font-weight: 400;\"><span style=\"color: #000000;\"><b><strong>Despesas fixas:<\/strong><\/b> 43.68 Euros.<\/span><\/p>\n<p style=\"font-weight: 400;\"><span style=\"color: #000000;\"><b><strong>Obriga\u00e7\u00f5es:<\/strong><\/b> C\u00e1lculo de uma porcentagem do total do pedido, dependendo do tipo de item (geralmente 7%)<\/span><\/p>\n<p>\t\t\t\t<\/div>\n\n\t\t\t\t\t\t\t<\/div>\n\t\t[\/vc_column][\/vc_row]<\/p>\n<\/section>","protected":false},"excerpt":{"rendered":"<p>[vc_row full_width=&#8221;stretch_row_content&#8221; css=&#8221;.vc_custom_1599462642369{margin-bottom: 3vh !important;}&#8221; mobile_bg_img_hidden=&#8221;no&#8221; tablet_bg_img_hidden=&#8221;no&#8221; woodmart_parallax=&#8221;0&#8243; woodmart_gradient_switch=&#8221;no&#8221; row_reverse_mobile=&#8221;0&#8243; row_reverse_tablet=&#8221;0&#8243; woodmart_disable_overflow=&#8221;0&#8243;][vc_column woodmart_text_align=&#8221;center&#8221; offset=&#8221;vc_col-lg-offset-3 vc_col-lg-6 vc_col-md-6&#8243; css=&#8221;.vc_custom_1528808528297{margin-bottom: 4vh !important;}&#8221;][vc_empty_space height=&#8221;5vh&#8221;<\/p>\n","protected":false},"author":1,"featured_media":0,"parent":0,"menu_order":0,"comment_status":"closed","ping_status":"closed","template":"","meta":{"footnotes":""},"class_list":["post-56332","page","type-page","status-publish","hentry"],"_links":{"self":[{"href":"https:\/\/primomoto.es\/pt-pt\/wp-json\/wp\/v2\/pages\/56332","targetHints":{"allow":["GET"]}}],"collection":[{"href":"https:\/\/primomoto.es\/pt-pt\/wp-json\/wp\/v2\/pages"}],"about":[{"href":"https:\/\/primomoto.es\/pt-pt\/wp-json\/wp\/v2\/types\/page"}],"author":[{"embeddable":true,"href":"https:\/\/primomoto.es\/pt-pt\/wp-json\/wp\/v2\/users\/1"}],"replies":[{"embeddable":true,"href":"https:\/\/primomoto.es\/pt-pt\/wp-json\/wp\/v2\/comments?post=56332"}],"version-history":[{"count":0,"href":"https:\/\/primomoto.es\/pt-pt\/wp-json\/wp\/v2\/pages\/56332\/revisions"}],"wp:attachment":[{"href":"https:\/\/primomoto.es\/pt-pt\/wp-json\/wp\/v2\/media?parent=56332"}],"curies":[{"name":"wp","href":"https:\/\/api.w.org\/{rel}","templated":true}]}}